{"id":751076,"date":"2025-08-28T04:39:02","date_gmt":"2025-08-28T01:39:02","guid":{"rendered":"https:\/\/roveyayinevi.com.tr\/index.php\/urun\/banyo-ve-uyku-dunyami-kesfediyorum-ciltli\/"},"modified":"2026-04-16T03:04:07","modified_gmt":"2026-04-16T00:04:07","slug":"banyo-ve-uyku-dunyami-kesfediyorum-ciltli","status":"publish","type":"product","link":"https:\/\/roveyayinevi.com.tr\/index.php\/urun\/banyo-ve-uyku-dunyami-kesfediyorum-ciltli\/","title":{"rendered":"Banyo ve Uyku &#8211; D\u00fcnyam\u0131 Ke\u015ffediyorum (Ciltli)"},"content":{"rendered":"<p>Annem sa\u00e7\u0131m\u0131 y\u0131k\u0131yor, ben de g\u00f6be\u011fimi y\u0131k\u0131yorum. Suda biraz daha oynuyorum. Sonra yumu\u015fac\u0131k havluma sar\u0131n\u0131yorum. Ard\u0131ndan pijamalar\u0131m\u0131 giyiyorum. Biberonumdan s\u00fct\u00fcm\u00fc i\u00e7iyor, kitab\u0131m\u0131 okuyorum. Uykum geldi bile. Art\u0131k ay\u0131c\u0131\u011f\u0131ma sar\u0131l\u0131p yatabilirim.   Banyo ve uyku rutinlerine dair kolay anla\u015f\u0131l\u0131r ve ilgi \u00e7ekici resimlerle dolu, ne\u015feli bir kitap. 12 ay ve \u00fczeri \u00e7ocuklar\u0131n g\u00fcnl\u00fck hayat\u0131na odaklan\u0131yor. <\/p>\n","protected":false},"excerpt":{"rendered":"<p>Annem sa\u00e7\u0131m\u0131 y\u0131k\u0131yor, ben de g\u00f6be\u011fimi y\u0131k\u0131yorum. Suda biraz daha oynuyorum. Sonra yumu\u015fac\u0131k havluma sar\u0131n\u0131yorum. Ard\u0131ndan pijamalar\u0131m\u0131 giyiyorum. Biberonumdan s\u00fct\u00fcm\u00fc i\u00e7iyor, kitab\u0131m\u0131 okuyorum. Uykum geldi bile.<span class=\"excerpt-hellip\"> [\u2026]<\/span><\/p>\n","protected":false},"featured_media":0,"template":"","meta":{"_monsterinsights_skip_tracking":false,"_monsterinsights_sitenote_active":false,"_monsterinsights_sitenote_note":"","_monsterinsights_sitenote_category":0},"product_brand":[],"product_cat":[12274,12518],"product_tag":[],"class_list":{"0":"post-751076","1":"product","2":"type-product","3":"status-publish","5":"product_cat-cocuk-ve-genclik-kitaplari","6":"product_cat-okul-oncesi-kitaplar","7":"pa_cilt-ciltli","8":"pa_tur-kitap","9":"pa_yayinevi-domingo-yayinevi","10":"pa_yazar-liesbet-slegers","12":"first","13":"instock","14":"sale","15":"shipping-taxable","16":"purchasable","17":"product-type-simple"},"_links":{"self":[{"href":"https:\/\/roveyayinevi.com.tr\/index.php\/wp-json\/wp\/v2\/product\/751076","targetHints":{"allow":["GET"]}}],"collection":[{"href":"https:\/\/roveyayinevi.com.tr\/index.php\/wp-json\/wp\/v2\/product"}],"about":[{"href":"https:\/\/roveyayinevi.com.tr\/index.php\/wp-json\/wp\/v2\/types\/product"}],"wp:attachment":[{"href":"https:\/\/roveyayinevi.com.tr\/index.php\/wp-json\/wp\/v2\/media?parent=751076"}],"wp:term":[{"taxonomy":"product_brand","embeddable":true,"href":"https:\/\/roveyayinevi.com.tr\/index.php\/wp-json\/wp\/v2\/product_brand?post=751076"},{"taxonomy":"product_cat","embeddable":true,"href":"https:\/\/roveyayinevi.com.tr\/index.php\/wp-json\/wp\/v2\/product_cat?post=751076"},{"taxonomy":"product_tag","embeddable":true,"href":"https:\/\/roveyayinevi.com.tr\/index.php\/wp-json\/wp\/v2\/product_tag?post=751076"}],"curies":[{"name":"wp","href":"https:\/\/api.w.org\/{rel}","templated":true}]}}