{"id":751065,"date":"2025-08-28T04:38:44","date_gmt":"2025-08-28T01:38:44","guid":{"rendered":"https:\/\/roveyayinevi.com.tr\/index.php\/urun\/sosyal-genetik-teroru\/"},"modified":"2026-04-16T03:04:06","modified_gmt":"2026-04-16T00:04:06","slug":"sosyal-genetik-teroru","status":"publish","type":"product","link":"https:\/\/roveyayinevi.com.tr\/index.php\/urun\/sosyal-genetik-teroru\/","title":{"rendered":"Sosyal Genetik Ter\u00f6r\u00fc"},"content":{"rendered":"<p>SOSYAL GENET\u0130\u011e\u0130 BOZUK OLAN TOPLUMLARDA SOSYAL BARI\u015e DA OLMAZ. Sosyal genetik, insan\u0131 insan yapan biyolojik \u00f6zelliklerin haricindeki hemen her \u015feydir. Ne yiyor ne i\u00e7iyoruz? Kimlerle konu\u015fuyoruz? Neler okuyoruz veya okumuyoruz? Ne izliyoruz? Nerede ve nas\u0131l ya\u015f\u0131yoruz? D\u00fcnyaya bak\u0131\u015f\u0131m\u0131z nedir? Etik, vicdan, d\u00fcr\u00fcstl\u00fck, merhamet, ho\u015fg\u00f6r\u00fc, estetik, sevgi ve payla\u015fmak gibi de\u011ferler bizim i\u00e7in ne ifade ediyor? G\u00fcn\u00fcm\u00fczde ya\u015fanan pek \u00e7ok sorunun bu de\u011ferlerin eksikli\u011finden kaynakland\u0131\u011f\u0131n\u0131 fark edersek, sosyal geneti\u011fin \u00f6nemini \u00e7ok daha iyi anlayaca\u011f\u0131z. Prof. Dr. Mustafa Z\u00fclk\u00fcf Altan, Ter\u00f6r Her Yerde serisinin \u00fc\u00e7\u00fcnc\u00fc ve son kitab\u0131nda sosyal geneti\u011fi bozan veya sosyal genetik bozuklu\u011fundan kaynaklanan ter\u00f6r ba\u011flam\u0131nda; bilgi, televizyon programlar\u0131, sa\u011fl\u0131k, do\u011fa, ekonomi ve finans, inan\u00e7, hukuk, trafik, uzmanl\u0131k, tarihi eser, spor ve telefon doland\u0131r\u0131c\u0131l\u0131\u011f\u0131 ter\u00f6r\u00fc gibi farkl\u0131 ter\u00f6r \u00e7e\u015fitleri hakk\u0131nda bilinmeyenleri anlat\u0131yor ve fark\u0131ndal\u0131k yaratmak istiyor. Sosyal geneti\u011fi olu\u015fturan unsurlar\u0131n tahribata u\u011frat\u0131lmas\u0131 yani ter\u00f6rize edilmesi, bir toplumun i\u00e7ten i\u00e7e \u00e7\u00fcr\u00fcmesinin en b\u00fcy\u00fck nedenidir. Sosyal geneti\u011fi tahribata u\u011fram\u0131\u015f, yozla\u015fm\u0131\u015f ve geneti\u011fi de\u011fi\u015ftirilmi\u015f bireylerin yapaca\u011f\u0131 faaliyetlerin \u00e7o\u011fu, insana, insanl\u0131\u011fa yarardan \u00e7ok zarar getirecektir, getiriyor da. Unutulmamal\u0131d\u0131r ki toplumlar\u0131n ayakta kalabilmesi, biyolojik genleri kadar sosyal genetiklerinin sa\u011flaml\u0131\u011f\u0131na ba\u011fl\u0131d\u0131r.   <\/p>\n","protected":false},"excerpt":{"rendered":"<p>SOSYAL GENET\u0130\u011e\u0130 BOZUK OLAN TOPLUMLARDA SOSYAL BARI\u015e DA OLMAZ. Sosyal genetik, insan\u0131 insan yapan biyolojik \u00f6zelliklerin haricindeki hemen her \u015feydir. Ne yiyor ne i\u00e7iyoruz? Kimlerle konu\u015fuyoruz?<span class=\"excerpt-hellip\"> [\u2026]<\/span><\/p>\n","protected":false},"featured_media":0,"template":"","meta":{"_monsterinsights_skip_tracking":false,"_monsterinsights_sitenote_active":false,"_monsterinsights_sitenote_note":"","_monsterinsights_sitenote_category":0},"product_brand":[],"product_cat":[14787,13488],"product_tag":[],"class_list":{"0":"post-751065","1":"product","2":"type-product","3":"status-publish","5":"product_cat-diger-toplum-ve-insan","6":"product_cat-toplum-ve-insan","7":"pa_cilt-ciltsiz","8":"pa_tur-kitap","9":"pa_yayinevi-destek-yayinlari","10":"pa_yazar-mustafa-zulkuf-altan","12":"first","13":"instock","14":"sale","15":"shipping-taxable","16":"purchasable","17":"product-type-simple"},"_links":{"self":[{"href":"https:\/\/roveyayinevi.com.tr\/index.php\/wp-json\/wp\/v2\/product\/751065","targetHints":{"allow":["GET"]}}],"collection":[{"href":"https:\/\/roveyayinevi.com.tr\/index.php\/wp-json\/wp\/v2\/product"}],"about":[{"href":"https:\/\/roveyayinevi.com.tr\/index.php\/wp-json\/wp\/v2\/types\/product"}],"wp:attachment":[{"href":"https:\/\/roveyayinevi.com.tr\/index.php\/wp-json\/wp\/v2\/media?parent=751065"}],"wp:term":[{"taxonomy":"product_brand","embeddable":true,"href":"https:\/\/roveyayinevi.com.tr\/index.php\/wp-json\/wp\/v2\/product_brand?post=751065"},{"taxonomy":"product_cat","embeddable":true,"href":"https:\/\/roveyayinevi.com.tr\/index.php\/wp-json\/wp\/v2\/product_cat?post=751065"},{"taxonomy":"product_tag","embeddable":true,"href":"https:\/\/roveyayinevi.com.tr\/index.php\/wp-json\/wp\/v2\/product_tag?post=751065"}],"curies":[{"name":"wp","href":"https:\/\/api.w.org\/{rel}","templated":true}]}}