{"id":751061,"date":"2025-08-28T04:38:38","date_gmt":"2025-08-28T01:38:38","guid":{"rendered":"https:\/\/roveyayinevi.com.tr\/index.php\/urun\/hicbir-cocuk-yataga-ac-girmeyecek\/"},"modified":"2026-04-06T03:16:43","modified_gmt":"2026-04-06T00:16:43","slug":"hicbir-cocuk-yataga-ac-girmeyecek","status":"publish","type":"product","link":"https:\/\/roveyayinevi.com.tr\/index.php\/urun\/hicbir-cocuk-yataga-ac-girmeyecek\/","title":{"rendered":"Hi\u00e7bir \u00c7ocuk Yata\u011fa A\u00e7 Girmeyecek"},"content":{"rendered":"<p>\u2018\u2019BU \u00dcLKEYE ADALET YA GELECEK YA GELECEK!\u2019\u2019 Herkes umut tohumlar\u0131n\u0131 yeniden eksin! \u00dclkemiz i\u00e7in do\u011fuyoruz, \u00e7ocuklar\u0131m\u0131z i\u00e7in do\u011fuyoruz, torunlar\u0131m\u0131z i\u00e7in do\u011fuyoruz. Bayra\u011f\u0131m\u0131z, vatan\u0131m\u0131z, \u00fclk\u00fcm\u00fcz i\u00e7in do\u011fuyoruz. Kimsenin kimli\u011fine, kimsenin inanc\u0131na, kimsenin ya\u015fam tarz\u0131na m\u00fcdahale etmeden, kar\u0131\u015fmadan, onurluca ya\u015fayaca\u011f\u0131m\u0131z bir T\u00fcrkiye i\u00e7in do\u011fuyoruz. \u015eimdi kulaklar\u0131 sa\u011f\u0131r olan birilerine ve d\u00fcnyaya sesleniyorum: Adaletsizli\u011fe, haks\u0131zl\u0131\u011fa, zulme kar\u015f\u0131 \u00e7\u0131kaca\u011f\u0131z \u00e7\u00fcnk\u00fc inanc\u0131m\u0131zda diyor ki: \u201cZulm\u00fcn kar\u015f\u0131s\u0131nda susan dilsiz \u015feytand\u0131r.\u201d \u015eeytan olmayacak bu \u00fclkede. Herkes ama herkes zulme kar\u015f\u0131 \u00e7\u0131kacak. <\/p>\n","protected":false},"excerpt":{"rendered":"<p>\u2018\u2019BU \u00dcLKEYE ADALET YA GELECEK YA GELECEK!\u2019\u2019 Herkes umut tohumlar\u0131n\u0131 yeniden eksin! \u00dclkemiz i\u00e7in do\u011fuyoruz, \u00e7ocuklar\u0131m\u0131z i\u00e7in do\u011fuyoruz, torunlar\u0131m\u0131z i\u00e7in do\u011fuyoruz. Bayra\u011f\u0131m\u0131z, vatan\u0131m\u0131z, \u00fclk\u00fcm\u00fcz i\u00e7in do\u011fuyoruz.<span class=\"excerpt-hellip\"> [\u2026]<\/span><\/p>\n","protected":false},"featured_media":0,"template":"","meta":{"_monsterinsights_skip_tracking":false,"_monsterinsights_sitenote_active":false,"_monsterinsights_sitenote_note":"","_monsterinsights_sitenote_category":0},"product_brand":[],"product_cat":[12337],"product_tag":[],"class_list":{"0":"post-751061","1":"product","2":"type-product","3":"status-publish","5":"product_cat-politika-siyaset","6":"pa_cilt-ciltsiz","7":"pa_tur-kitap","8":"pa_yayinevi-kara-karga-yayinlari","9":"pa_yazar-kemal-kilicdaroglu","11":"first","12":"instock","13":"sale","14":"shipping-taxable","15":"purchasable","16":"product-type-simple"},"_links":{"self":[{"href":"https:\/\/roveyayinevi.com.tr\/index.php\/wp-json\/wp\/v2\/product\/751061","targetHints":{"allow":["GET"]}}],"collection":[{"href":"https:\/\/roveyayinevi.com.tr\/index.php\/wp-json\/wp\/v2\/product"}],"about":[{"href":"https:\/\/roveyayinevi.com.tr\/index.php\/wp-json\/wp\/v2\/types\/product"}],"wp:attachment":[{"href":"https:\/\/roveyayinevi.com.tr\/index.php\/wp-json\/wp\/v2\/media?parent=751061"}],"wp:term":[{"taxonomy":"product_brand","embeddable":true,"href":"https:\/\/roveyayinevi.com.tr\/index.php\/wp-json\/wp\/v2\/product_brand?post=751061"},{"taxonomy":"product_cat","embeddable":true,"href":"https:\/\/roveyayinevi.com.tr\/index.php\/wp-json\/wp\/v2\/product_cat?post=751061"},{"taxonomy":"product_tag","embeddable":true,"href":"https:\/\/roveyayinevi.com.tr\/index.php\/wp-json\/wp\/v2\/product_tag?post=751061"}],"curies":[{"name":"wp","href":"https:\/\/api.w.org\/{rel}","templated":true}]}}