{"id":751054,"date":"2025-08-28T04:38:25","date_gmt":"2025-08-28T01:38:25","guid":{"rendered":"https:\/\/roveyayinevi.com.tr\/index.php\/urun\/bizi-affet-cocugum\/"},"modified":"2026-04-16T03:04:06","modified_gmt":"2026-04-16T00:04:06","slug":"bizi-affet-cocugum","status":"publish","type":"product","link":"https:\/\/roveyayinevi.com.tr\/index.php\/urun\/bizi-affet-cocugum\/","title":{"rendered":"Bizi Affet \u00c7ocu\u011fum!"},"content":{"rendered":"<p>06 \u015eubat 2023\u2026             Bir \u00fclkenin k\u00e2busla uyand\u0131\u011f\u0131 o sabah, \u00e7ok \u015fey de\u011fi\u015fti bizler i\u00e7in, duygular\u0131m\u0131z, hayata bak\u0131\u015f\u0131m\u0131z, beklentilerimiz, \u00f6nceliklerimiz ve umutlar\u0131m\u0131z hatta, fakat en \u00e7ok da \u00e7ocuklar\u0131m\u0131z i\u00e7in \u00fcz\u00fcld\u00fck belki de, onlara nas\u0131l bir gelecek b\u0131rakt\u0131\u011f\u0131m\u0131z\u0131n muhasebesini yapt\u0131k ve belki onlar\u0131n duyarl\u0131 tav\u0131rlar\u0131, kendimizi sorgulamam\u0131z\u0131 zorunlu k\u0131ld\u0131; onlara bir \u00f6z\u00fcr bor\u00e7lu oldu\u011fumuzu, hesap vermemiz gerekti\u011fini hissettik, belki de hepimiz!             Bu kitap, ya\u015fad\u0131\u011f\u0131m\u0131z b\u00fcy\u00fck depremin ve sonras\u0131ndaki haletiruhiyemizin bir yans\u0131mas\u0131; bir a\u011f\u0131t, bir isyanlar silsilesi, bir \u00f6z\u00fcr \u00e7ocuklar\u0131m\u0131zdan, bir itiraflar manzumesi, bir i\u00e7 hesapla\u015fman\u0131n d\u0131\u015favurumu, bir fark\u0131ndal\u0131k manifestosu!             \u0130bretle okunup, ak\u0131llara nak\u015fedilecek m\u0131sralar\u0131n, deprem ger\u00e7e\u011fiyle y\u00fczle\u015fmemize ve i\u00e7inde bulundu\u011fumuz gaflet uykusundan uyanmam\u0131za k\u00fc\u00e7\u00fck de olsa bir katk\u0131s\u0131 olmas\u0131 dile\u011fiyle \u2026             \u00ab\u2026Bizi affet \u00e7ocu\u011fum, Bir sukutuhayalden ibaretiz, biliyorum! O g\u00fczel g\u00f6zlerin ya\u015f ile dolu, Yok mudur, diyorsun, bir \u00e7\u0131k\u0131\u015f yolu, Pervaneler gibi \u0131\u015f\u0131k ar\u0131yor, D\u00f6n\u00fcp duruyorsun ipek kanatla. Bir halka olmu\u015fsun sen de zincirde, Elden ele k\u00f6pr\u00fc kuranlardans\u0131n, Demiyorsun, neme laz\u0131m, bana ne var ki, Ate\u015f bana uzak, d\u00fc\u015fen yer yans\u0131n! Sen de affet \u00e7ocu\u011fum, affet bizleri, Bir \u015feyler eksik belli, bizler yoksunuz, Ne \u00f6z\u00fcm\u00fcz do\u011fru, ne de s\u00f6z\u00fcm\u00fcz, Bizden ba\u015fkas\u0131n\u0131 g\u00f6rmez g\u00f6z\u00fcm\u00fcz, Ne desen hakl\u0131s\u0131n, elinde kalem, K\u0131r ki so\u011futal\u0131m, y\u00fcrek cehennem!..\u00bb   Sat\u0131lan her kitap i\u00e7in, 10 TL, Yay\u0131nevi taraf\u0131ndan depremzedelerin ihtiya\u00e7lar\u0131 i\u00e7in kullan\u0131lmak \u00fczere ba\u011f\u0131\u015flanacakt\u0131r.    <\/p>\n","protected":false},"excerpt":{"rendered":"<p>06 \u015eubat 2023\u2026 Bir \u00fclkenin k\u00e2busla uyand\u0131\u011f\u0131 o sabah, \u00e7ok \u015fey de\u011fi\u015fti bizler i\u00e7in, duygular\u0131m\u0131z, hayata bak\u0131\u015f\u0131m\u0131z, beklentilerimiz, \u00f6nceliklerimiz ve umutlar\u0131m\u0131z hatta, fakat en \u00e7ok da<span class=\"excerpt-hellip\"> [\u2026]<\/span><\/p>\n","protected":false},"featured_media":0,"template":"","meta":{"_monsterinsights_skip_tracking":false,"_monsterinsights_sitenote_active":false,"_monsterinsights_sitenote_note":"","_monsterinsights_sitenote_category":0},"product_brand":[],"product_cat":[12291,12509],"product_tag":[],"class_list":{"0":"post-751054","1":"product","2":"type-product","3":"status-publish","5":"product_cat-edebiyat","6":"product_cat-siir","7":"pa_cilt-ciltsiz","8":"pa_tur-kitap","9":"pa_yayinevi-kaptan-kitap","10":"pa_yazar-hakan-karci","12":"first","13":"instock","14":"sale","15":"shipping-taxable","16":"purchasable","17":"product-type-simple"},"_links":{"self":[{"href":"https:\/\/roveyayinevi.com.tr\/index.php\/wp-json\/wp\/v2\/product\/751054","targetHints":{"allow":["GET"]}}],"collection":[{"href":"https:\/\/roveyayinevi.com.tr\/index.php\/wp-json\/wp\/v2\/product"}],"about":[{"href":"https:\/\/roveyayinevi.com.tr\/index.php\/wp-json\/wp\/v2\/types\/product"}],"wp:attachment":[{"href":"https:\/\/roveyayinevi.com.tr\/index.php\/wp-json\/wp\/v2\/media?parent=751054"}],"wp:term":[{"taxonomy":"product_brand","embeddable":true,"href":"https:\/\/roveyayinevi.com.tr\/index.php\/wp-json\/wp\/v2\/product_brand?post=751054"},{"taxonomy":"product_cat","embeddable":true,"href":"https:\/\/roveyayinevi.com.tr\/index.php\/wp-json\/wp\/v2\/product_cat?post=751054"},{"taxonomy":"product_tag","embeddable":true,"href":"https:\/\/roveyayinevi.com.tr\/index.php\/wp-json\/wp\/v2\/product_tag?post=751054"}],"curies":[{"name":"wp","href":"https:\/\/api.w.org\/{rel}","templated":true}]}}