{"id":751053,"date":"2025-08-28T04:38:24","date_gmt":"2025-08-28T01:38:24","guid":{"rendered":"https:\/\/roveyayinevi.com.tr\/index.php\/urun\/kisisel-gelisim-kitaplari-3-kitap-set\/"},"modified":"2025-11-21T09:14:06","modified_gmt":"2025-11-21T06:14:06","slug":"kisisel-gelisim-kitaplari-3-kitap-set","status":"publish","type":"product","link":"https:\/\/roveyayinevi.com.tr\/index.php\/urun\/kisisel-gelisim-kitaplari-3-kitap-set\/","title":{"rendered":"Ki\u015fisel Geli\u015fim Kitaplar\u0131 (3 Kitap Set)"},"content":{"rendered":"<p>\u201cT\u00fcm yolculuklar ve t\u00fcm yolcular i\u00e7indi bu kitap. Yolda ya\u015fanan ve ya\u015fanacaklar\u0131n, Gidenlerin, gidecek olanlar\u0131n, gitmesi gerekenlerin, Kalanlar\u0131n, yap\u0131ta\u015flar\u0131n, ruh par\u00e7alar\u0131n\u0131n, kalmas\u0131 gerekenlerin, Yap\u0131lmas\u0131 gerekenlerin, olmas\u0131 gerekenlerin ve olanlar\u0131n do\u011furdu\u011fu yeni benliklerimizde arad\u0131\u011f\u0131m\u0131z kendimize adanm\u0131\u015ft\u0131r.\u201d Hayata dair, \u015fiir tad\u0131ndaki bu denemeleri okurken hem keyif alacak hem de bildiklerinizi ve hissettiklerinizi sorgulayacaks\u0131n\u0131z.  ATA\u015e Her \u015feyle bir, her \u015feyle b\u00fct\u00fcnd\u00fc insan. D\u0131\u015far\u0131dan bakt\u0131\u011f\u0131nda tek gibi g\u00f6r\u00fcnen ruh, i\u00e7ine dald\u0131\u011f\u0131nda koca bir deryayd\u0131, nar gibi&#8230; Ya\u015fam\u0131n her bir par\u00e7as\u0131 b\u00fct\u00fcn\u00fcn olu\u015fumuydu \u00f6z\u00fcnde. Ne hepsi birbirinden ayr\u0131 ne de hepsi ayn\u0131yd\u0131. T\u00fcm farkl\u0131l\u0131klar, birer lezzetti ya\u015fama dair. An&#8217;lar, deneyimler ve t\u00fcm bunlar\u0131n sonu\u00e7lar\u0131yla yol al\u0131yorduk her birimiz. Bu yolculukta anlam ar\u0131yorduk. Anlamlarla var olma hissini ya\u015famak istiyorduk asl\u0131nda. Ol&#8217;mak i\u00e7in yanmak gerekliydi, pi\u015fmek gerekliydi. Ata\u015f olmak gerekliydi. Her bir soru, her bir sorgu bize bizi anlatmak i\u00e7indi. \u0130\u00e7imizdeki d\u00fcnyaya yeniden bakmak i\u00e7indi. Bakmal\u0131yd\u0131k&#8230; Bir&#8217;ligi b\u00fct\u00fcn&#8217;l\u00fc\u011f\u00fc kendimizle ya\u015famal\u0131yd\u0131k. D\u0131\u015far\u0131s\u0131 yoktu. \u0130\u00e7imizdeki taneleri bir bir soymal\u0131yd\u0131k&#8230; Ta ki ata\u015f olana kadar&#8230;   \u0130K\u0130L\u0130 DENGE Her \u015fey z\u0131dd\u0131yla ya\u015fanmaktayd\u0131. Her \u015fey z\u0131dd\u0131yla bir, z\u0131dd\u0131yla b\u00fct\u00fcn, z\u0131dd\u0131yla anlaml\u0131yd\u0131.   Peki, \u2018z\u0131tl\u0131k\u2019 neydi? Dualite\u2026 Hayat\u0131 iyiyle k\u00f6t\u00fc, g\u00fczel ile \u00e7irkin, ya\u015fam ile \u00f6l\u00fcm, gece ile g\u00fcnd\u00fcz, karanl\u0131k ile ayd\u0131nl\u0131k, r\u00fcya ile ger\u00e7ek diye ay\u0131rt ederek anlam\u0131yor muyduk? Oysaki bir yerlerde ne kadar iyiysen o kadar da \u2018k\u00f6t\u00fc\u2019 var olmak zorundayd\u0131. Evrenin d\u00fczeni b\u00f6yleydi\u2026 Denge i\u00e7in\u2026 \u0130lahi sistem i\u00e7in\u2026  Hepimiz anlamaya \u00e7al\u0131\u015ft\u0131\u011f\u0131m\u0131z hayat\u0131m\u0131z\u0131 tan\u0131mlamak i\u00e7in birtak\u0131m tariflere ihtiya\u00e7 duymaktayd\u0131k. Olumlu dedi\u011fimiz de olumsuz dedi\u011fimiz de \u201cB\u0130R\u201ddi asl\u0131nda. \u00d6nemli olan nereden bakt\u0131\u011f\u0131m\u0131zd\u0131\u2026 Ya da nereye bakaca\u011f\u0131m\u0131z\u2026  \u0130\u015fte t\u00fcm bu ikilikler aras\u0131nda asl\u0131nda m\u00fckemmel bir uyum vard\u0131. Bir denge\u2026 \u0130kili Denge\u2026 S\u00f6zl\u00fck anlam\u0131 ise dualite. Elinizde tuttu\u011funuz bu kitap, bir yolculuktu asl\u0131nda. Bir aray\u0131\u015ft\u0131, denge aray\u0131\u015f\u0131\u2026 Hi\u00e7 kolay olmayan bir hayat yolculu\u011funda, hepimizin ne kadar da bir oldu\u011funun, t\u00fcm z\u0131tl\u0131klar\u0131n asl\u0131nda ne kadar da birbirine benzer oldu\u011funun fark\u0131ndal\u0131k \u00e7abas\u0131yd\u0131. Bir sonu, bir sonucu yoktu. Okuyan\u0131n kendi yazaca\u011f\u0131 sonu\u00e7lar farkl\u0131 olsa da asl\u0131nda t\u00fcm farkl\u0131l\u0131klar ayr\u0131 bir tat, ayr\u0131 bir renkti ve hayat, t\u00fcm renkleriyle kusursuzdu\u2026 Evrende kusur yoktu. Her \u015fey olmas\u0131 gerekti\u011fi gibiydi\u2026   Ve olan her \u015fey, t\u00fcm olas\u0131l\u0131klar i\u00e7erisinde ya\u015fanmas\u0131 gerekenlerdi. T\u00fcm sistem, bir dengeydi. Denge \u00fczerine kurulmu\u015ftu. \u0130kili Denge\u2026    <\/p>\n","protected":false},"excerpt":{"rendered":"<p>\u201cT\u00fcm yolculuklar ve t\u00fcm yolcular i\u00e7indi bu kitap. Yolda ya\u015fanan ve ya\u015fanacaklar\u0131n, Gidenlerin, gidecek olanlar\u0131n, gitmesi gerekenlerin, Kalanlar\u0131n, yap\u0131ta\u015flar\u0131n, ruh par\u00e7alar\u0131n\u0131n, kalmas\u0131 gerekenlerin, Yap\u0131lmas\u0131 gerekenlerin, olmas\u0131<span class=\"excerpt-hellip\"> [\u2026]<\/span><\/p>\n","protected":false},"featured_media":0,"template":"","meta":{"_monsterinsights_skip_tracking":false,"_monsterinsights_sitenote_active":false,"_monsterinsights_sitenote_note":"","_monsterinsights_sitenote_category":0},"product_brand":[],"product_cat":[12364,12376],"product_tag":[],"class_list":{"0":"post-751053","1":"product","2":"type-product","3":"status-publish","5":"product_cat-genel-konular","6":"product_cat-kisisel-gelisim","7":"pa_cilt-ciltsiz","8":"pa_tur-kitap","9":"pa_yayinevi-kitap-muptelasi-yayinlari","10":"pa_yazar-gamze-kurban","12":"first","13":"instock","14":"sale","15":"shipping-taxable","16":"purchasable","17":"product-type-simple"},"_links":{"self":[{"href":"https:\/\/roveyayinevi.com.tr\/index.php\/wp-json\/wp\/v2\/product\/751053","targetHints":{"allow":["GET"]}}],"collection":[{"href":"https:\/\/roveyayinevi.com.tr\/index.php\/wp-json\/wp\/v2\/product"}],"about":[{"href":"https:\/\/roveyayinevi.com.tr\/index.php\/wp-json\/wp\/v2\/types\/product"}],"wp:attachment":[{"href":"https:\/\/roveyayinevi.com.tr\/index.php\/wp-json\/wp\/v2\/media?parent=751053"}],"wp:term":[{"taxonomy":"product_brand","embeddable":true,"href":"https:\/\/roveyayinevi.com.tr\/index.php\/wp-json\/wp\/v2\/product_brand?post=751053"},{"taxonomy":"product_cat","embeddable":true,"href":"https:\/\/roveyayinevi.com.tr\/index.php\/wp-json\/wp\/v2\/product_cat?post=751053"},{"taxonomy":"product_tag","embeddable":true,"href":"https:\/\/roveyayinevi.com.tr\/index.php\/wp-json\/wp\/v2\/product_tag?post=751053"}],"curies":[{"name":"wp","href":"https:\/\/api.w.org\/{rel}","templated":true}]}}