{"id":751052,"date":"2025-08-28T04:38:23","date_gmt":"2025-08-28T01:38:23","guid":{"rendered":"https:\/\/roveyayinevi.com.tr\/index.php\/urun\/savk\/"},"modified":"2026-04-16T03:04:06","modified_gmt":"2026-04-16T00:04:06","slug":"savk","status":"publish","type":"product","link":"https:\/\/roveyayinevi.com.tr\/index.php\/urun\/savk\/","title":{"rendered":"\u015eavk"},"content":{"rendered":"<p>\u201cT\u00fcm yolculuklar ve t\u00fcm yolcular i\u00e7indi bu kitap. Yolda ya\u015fanan ve ya\u015fanacaklar\u0131n, Gidenlerin, gidecek olanlar\u0131n, gitmesi gerekenlerin, Kalanlar\u0131n, yap\u0131ta\u015flar\u0131n, ruh par\u00e7alar\u0131n\u0131n, kalmas\u0131 gerekenlerin, Yap\u0131lmas\u0131 gerekenlerin, olmas\u0131 gerekenlerin ve olanlar\u0131n do\u011furdu\u011fu yeni benliklerimizde arad\u0131\u011f\u0131m\u0131z kendimize adanm\u0131\u015ft\u0131r.\u201d Hayata dair, \u015fiir tad\u0131ndaki bu denemeleri okurken hem keyif alacak hem de bildiklerinizi ve hissettiklerinizi sorgulayacaks\u0131n\u0131z.<\/p>\n","protected":false},"excerpt":{"rendered":"<p>\u201cT\u00fcm yolculuklar ve t\u00fcm yolcular i\u00e7indi bu kitap. Yolda ya\u015fanan ve ya\u015fanacaklar\u0131n, Gidenlerin, gidecek olanlar\u0131n, gitmesi gerekenlerin, Kalanlar\u0131n, yap\u0131ta\u015flar\u0131n, ruh par\u00e7alar\u0131n\u0131n, kalmas\u0131 gerekenlerin, Yap\u0131lmas\u0131 gerekenlerin, olmas\u0131<span class=\"excerpt-hellip\"> [\u2026]<\/span><\/p>\n","protected":false},"featured_media":0,"template":"","meta":{"_monsterinsights_skip_tracking":false,"_monsterinsights_sitenote_active":false,"_monsterinsights_sitenote_note":"","_monsterinsights_sitenote_category":0},"product_brand":[],"product_cat":[12364,12376],"product_tag":[],"class_list":{"0":"post-751052","1":"product","2":"type-product","3":"status-publish","5":"product_cat-genel-konular","6":"product_cat-kisisel-gelisim","7":"pa_cilt-ciltsiz","8":"pa_tur-kitap","9":"pa_yayinevi-kitap-muptelasi-yayinlari","10":"pa_yazar-gamze-kurban","12":"first","13":"instock","14":"sale","15":"shipping-taxable","16":"purchasable","17":"product-type-simple"},"_links":{"self":[{"href":"https:\/\/roveyayinevi.com.tr\/index.php\/wp-json\/wp\/v2\/product\/751052","targetHints":{"allow":["GET"]}}],"collection":[{"href":"https:\/\/roveyayinevi.com.tr\/index.php\/wp-json\/wp\/v2\/product"}],"about":[{"href":"https:\/\/roveyayinevi.com.tr\/index.php\/wp-json\/wp\/v2\/types\/product"}],"wp:attachment":[{"href":"https:\/\/roveyayinevi.com.tr\/index.php\/wp-json\/wp\/v2\/media?parent=751052"}],"wp:term":[{"taxonomy":"product_brand","embeddable":true,"href":"https:\/\/roveyayinevi.com.tr\/index.php\/wp-json\/wp\/v2\/product_brand?post=751052"},{"taxonomy":"product_cat","embeddable":true,"href":"https:\/\/roveyayinevi.com.tr\/index.php\/wp-json\/wp\/v2\/product_cat?post=751052"},{"taxonomy":"product_tag","embeddable":true,"href":"https:\/\/roveyayinevi.com.tr\/index.php\/wp-json\/wp\/v2\/product_tag?post=751052"}],"curies":[{"name":"wp","href":"https:\/\/api.w.org\/{rel}","templated":true}]}}