{"id":751049,"date":"2025-08-28T04:38:19","date_gmt":"2025-08-28T01:38:19","guid":{"rendered":"https:\/\/roveyayinevi.com.tr\/index.php\/urun\/goldeki-evin-gizemi\/"},"modified":"2026-04-16T03:04:06","modified_gmt":"2026-04-16T00:04:06","slug":"goldeki-evin-gizemi","status":"publish","type":"product","link":"https:\/\/roveyayinevi.com.tr\/index.php\/urun\/goldeki-evin-gizemi\/","title":{"rendered":"G\u00f6ldeki Evin Gizemi"},"content":{"rendered":"<p>\u0130\u00e7inizdeki dedektifi uyand\u0131racak gizem dolu bir ser\u00fcven! Breena Bard&#8217;\u0131n yaz\u0131p resimledi\u011fi G\u00f6ldeki Evin Gizemi, g\u00f6r\u00fcnenin ard\u0131nda yatan gizleri g\u00fcny\u00fcz\u00fcne \u00e7\u0131kar\u0131rken hik\u00e2ye i\u00e7inde hik\u00e2ye anlatan, s\u00fcr\u00fckleyici bir grafik roman. Tamamen z\u0131t karakterlere sahip iki gen\u00e7 k\u0131z\u0131n aras\u0131nda dostluk k\u00f6pr\u00fcleri kurarak esrarengiz bir maceran\u0131n pe\u015fine d\u00fc\u015f\u00fcren bu \u00f6d\u00fcll\u00fc eser, polisiye filmlere \u015fapka \u00e7\u0131kartan kurgusuyla parmak \u0131s\u0131rt\u0131yor. \u00d6nyarg\u0131lar\u0131n hayat\u0131n hemen her alan\u0131nda duygular\u0131m\u0131z\u0131, d\u00fc\u015f\u00fcncelerimizi ve ald\u0131\u011f\u0131m\u0131z kararlar\u0131n seyrini etkileyebilece\u011fini vurgulayan kitap; anlay\u0131p dinlemeden ya da iyice ara\u015ft\u0131r\u0131p sorgulamadan bir konu hakk\u0131nda yarg\u0131da bulunmamam\u0131z gerekti\u011fini hat\u0131rlat\u0131yor. Orta h\u00e2lli ailelerin tatillerini huzur i\u00e7inde ge\u00e7irdikleri g\u00f6l kenar\u0131ndaki bir kasaba, \u015eikagolu \u00fcnl\u00fc bir mimar\u0131n kasaban\u0131n en g\u00fczel yerinde manken e\u015fi i\u00e7in \u00f6zel olarak tasarlay\u0131p in\u015fa ettirdi\u011fi g\u00f6rkemli bir malik\u00e2ne, Kasaba sakinleri ile \u015eikago&#8217;nun ileri gelenlerini bulu\u015fturan kalabal\u0131k bir parti, Ve t\u00fcm g\u00f6zleri Kum G\u00f6l\u00fc&#8217;ne \u00e7eken esrarengiz bir ortadan kaybolu\u015f hik\u00e2yesi&#8230; Gabby, ailesiyle birlikte g\u00f6l kenar\u0131ndaki evlerinde tatildedir. Bir hafta boyunca inzivaya \u00e7ekilip yeni ald\u0131\u011f\u0131 polisiye romanlar\u0131n tad\u0131n\u0131 \u00e7\u0131karacakt\u0131r. Gelgelelim, yeni kom\u015fular\u0131n\u0131n k\u0131zlar\u0131 Paige ile tan\u0131\u015f\u0131nca planlar\u0131 bozulur. Ebeveynlerinin \u0131srar\u0131yla vakit ge\u00e7irmeye ba\u015flayan ikili etraf\u0131 ke\u015ffe \u00e7\u0131kt\u0131klar\u0131 bir gece, evlerinin yak\u0131n\u0131nda bir malik\u00e2neyle kar\u015f\u0131la\u015f\u0131r. Kum G\u00f6l\u00fc&#8217;n\u00fc ku\u015f bak\u0131\u015f\u0131 g\u00f6ren b\u00f6ylesine g\u00f6z al\u0131c\u0131 bir yap\u0131n\u0131n kaderine terk edilmi\u015f olmas\u0131 k\u0131zlar\u0131n hemen merak duygular\u0131n\u0131 kabart\u0131r. Hayal g\u00fc\u00e7lerinin de etkisiyle ikilinin zihinleri soru i\u015faretleriyle dolup ta\u015far. Malik\u00e2nenin s\u0131rr\u0131n\u0131 \u00e7\u00f6zmek i\u00e7in ipu\u00e7lar\u0131n\u0131 aramaya koyulurken, Gabby&#8217;nin bir s\u00fcredir \u00fczerinde \u00e7al\u0131\u015ft\u0131\u011f\u0131 polisiye roman\u0131n da temellerini atm\u0131\u015f olurlar. Ne var ki, ipu\u00e7lar\u0131n\u0131n aras\u0131nda, kendisinden \u201casla\u201d \u015f\u00fcphe duyulmayacak tan\u0131d\u0131k bir simaya rastlay\u0131nca i\u015fler karma\u015f\u0131kla\u015f\u0131r&#8230;  Okurlar\u0131, s\u0131rlarla \u00f6r\u00fclm\u00fc\u015f bir hik\u00e2yenin ortas\u0131na \u00e7eken G\u00f6ldeki Evin Gizemi; i\u00e7imizdeki dedektifi uyand\u0131rmakla kalmay\u0131p bizi polisiye vakalar hakk\u0131nda d\u00fc\u015f\u00fcn\u00fcp yazmaya y\u00fcreklendiren etkile\u015fimli bir ser\u00fcven vadediyor.<\/p>\n","protected":false},"excerpt":{"rendered":"<p>\u0130\u00e7inizdeki dedektifi uyand\u0131racak gizem dolu bir ser\u00fcven! Breena Bard&#8217;\u0131n yaz\u0131p resimledi\u011fi G\u00f6ldeki Evin Gizemi, g\u00f6r\u00fcnenin ard\u0131nda yatan gizleri g\u00fcny\u00fcz\u00fcne \u00e7\u0131kar\u0131rken hik\u00e2ye i\u00e7inde hik\u00e2ye anlatan, s\u00fcr\u00fckleyici bir<span class=\"excerpt-hellip\"> [\u2026]<\/span><\/p>\n","protected":false},"featured_media":0,"template":"","meta":{"_monsterinsights_skip_tracking":false,"_monsterinsights_sitenote_active":false,"_monsterinsights_sitenote_note":"","_monsterinsights_sitenote_category":0},"product_brand":[],"product_cat":[12274,12284],"product_tag":[],"class_list":{"0":"post-751049","1":"product","2":"type-product","3":"status-publish","5":"product_cat-cocuk-ve-genclik-kitaplari","6":"product_cat-hikayeler","7":"pa_cilt-ciltsiz","8":"pa_tur-kitap","9":"pa_yayinevi-desen-yayinlari","10":"pa_yazar-breena-bard","12":"first","13":"instock","14":"sale","15":"shipping-taxable","16":"purchasable","17":"product-type-simple"},"_links":{"self":[{"href":"https:\/\/roveyayinevi.com.tr\/index.php\/wp-json\/wp\/v2\/product\/751049","targetHints":{"allow":["GET"]}}],"collection":[{"href":"https:\/\/roveyayinevi.com.tr\/index.php\/wp-json\/wp\/v2\/product"}],"about":[{"href":"https:\/\/roveyayinevi.com.tr\/index.php\/wp-json\/wp\/v2\/types\/product"}],"wp:attachment":[{"href":"https:\/\/roveyayinevi.com.tr\/index.php\/wp-json\/wp\/v2\/media?parent=751049"}],"wp:term":[{"taxonomy":"product_brand","embeddable":true,"href":"https:\/\/roveyayinevi.com.tr\/index.php\/wp-json\/wp\/v2\/product_brand?post=751049"},{"taxonomy":"product_cat","embeddable":true,"href":"https:\/\/roveyayinevi.com.tr\/index.php\/wp-json\/wp\/v2\/product_cat?post=751049"},{"taxonomy":"product_tag","embeddable":true,"href":"https:\/\/roveyayinevi.com.tr\/index.php\/wp-json\/wp\/v2\/product_tag?post=751049"}],"curies":[{"name":"wp","href":"https:\/\/api.w.org\/{rel}","templated":true}]}}