{"id":751048,"date":"2025-08-28T04:38:18","date_gmt":"2025-08-28T01:38:18","guid":{"rendered":"https:\/\/roveyayinevi.com.tr\/index.php\/urun\/blokzincir-merkezli-guncel-is-modelleri\/"},"modified":"2026-04-16T03:04:06","modified_gmt":"2026-04-16T00:04:06","slug":"blokzincir-merkezli-guncel-is-modelleri","status":"publish","type":"product","link":"https:\/\/roveyayinevi.com.tr\/index.php\/urun\/blokzincir-merkezli-guncel-is-modelleri\/","title":{"rendered":"Blokzincir Merkezli G\u00fcncel \u0130\u015f Modelleri"},"content":{"rendered":"<p>\u0130\u00e7indekiler     B\u00d6L\u00dcM 1 BLOKZ\u0130NC\u0130R S\u0130STEM\u0130N\u0130N TEMEL \u00d6ZELL\u0130KLER\u0130 ve F\u0130NANSAL \u0130\u015eLEMLERDE KULLANIMI   B\u00d6L\u00dcM 2 EKONOM\u0130DE G\u00dcVEN VE \u0130ST\u0130KRAR KAVRAMLARI \u00c7ER\u00c7EVES\u0130NDE KR\u0130PTO PARA VE MAKROEKONOM\u0130   B\u00d6L\u00dcM 3 BLOKZ\u0130NC\u0130R TEKNOLOJ\u0130S\u0130 \u0130LE EVR\u0130LEN F\u0130NTEK VE BANKACILIK ANLAYI\u015eI   B\u00d6L\u00dcM 4 BLOKZ\u0130NC\u0130R TEKNOLOJ\u0130S\u0130N\u0130N S\u00dcRD\u00dcR\u00dcLEB\u0130L\u0130RL\u0130K RAPORLAMASINA VE DENET\u0130M\u0130NE ETK\u0130S\u0130   B\u00d6L\u00dcM 5 BLOKZ\u0130NC\u0130R TEKNOLOJ\u0130S\u0130N\u0130N ULUSLARARASI T\u0130CARETE YANSIMALARI   B\u00d6L\u00dcM 6 D\u0130J\u0130TAL BANKACILIK H\u0130ZMETLER\u0130NDE BLOKZ\u0130NC\u0130R TEKNOLOJ\u0130S\u0130N\u0130N KULLANILMASINA Y\u00d6NEL\u0130K KAVRAMSAL B\u0130R MODEL \u00d6NER\u0130S\u0130   B\u00d6L\u00dcM 7 BLOKZ\u0130NC\u0130R TEKNOLOJ\u0130S\u0130N\u0130N E-T\u0130CARETE ETK\u0130S\u0130N\u0130N \u00d6RNEK UYGULAMALAR \u00dcZER\u0130NDEN \u0130NCELENMES\u0130 B\u00d6L\u00dcM 8 M\u00dc\u015eTER\u0130 DENEY\u0130M\u0130 Y\u00d6NET\u0130M\u0130 A\u00c7ISINDAN M\u00dc\u015eTER\u0130 YOLCULU\u011eUNDA BLOKZ\u0130NC\u0130R TEKNOLOJ\u0130S\u0130N\u0130N KULLANIMI   B\u00d6L\u00dcM 9 STRATEJ\u0130K Y\u00d6NET\u0130M A\u00c7ISINDAN BLOKZ\u0130NC\u0130R TABANLI YATAY-D\u0130KEY ENTEGRASYON S\u0130STEMLER\u0130   B\u00d6L\u00dcM 10 BLOKZ\u0130NC\u0130R\u0130N MAL\u0130 TASARIMINA K\u00dcRESEL B\u0130R BAKI\u015e<\/p>\n","protected":false},"excerpt":{"rendered":"<p>\u0130\u00e7indekiler B\u00d6L\u00dcM 1 BLOKZ\u0130NC\u0130R S\u0130STEM\u0130N\u0130N TEMEL \u00d6ZELL\u0130KLER\u0130 ve F\u0130NANSAL \u0130\u015eLEMLERDE KULLANIMI B\u00d6L\u00dcM 2 EKONOM\u0130DE G\u00dcVEN VE \u0130ST\u0130KRAR KAVRAMLARI \u00c7ER\u00c7EVES\u0130NDE KR\u0130PTO PARA VE MAKROEKONOM\u0130 B\u00d6L\u00dcM 3 BLOKZ\u0130NC\u0130R<span class=\"excerpt-hellip\"> [\u2026]<\/span><\/p>\n","protected":false},"featured_media":0,"template":"","meta":{"_monsterinsights_skip_tracking":false,"_monsterinsights_sitenote_active":false,"_monsterinsights_sitenote_note":"","_monsterinsights_sitenote_category":0},"product_brand":[],"product_cat":[13043],"product_tag":[],"class_list":{"0":"post-751048","1":"product","2":"type-product","3":"status-publish","5":"product_cat-ekonomi","6":"pa_cilt-ciltsiz","7":"pa_tur-kitap","8":"pa_yayinevi-gazi-kitabevi","9":"pa_yazar-kolektif","11":"first","12":"instock","13":"sale","14":"shipping-taxable","15":"purchasable","16":"product-type-simple"},"_links":{"self":[{"href":"https:\/\/roveyayinevi.com.tr\/index.php\/wp-json\/wp\/v2\/product\/751048","targetHints":{"allow":["GET"]}}],"collection":[{"href":"https:\/\/roveyayinevi.com.tr\/index.php\/wp-json\/wp\/v2\/product"}],"about":[{"href":"https:\/\/roveyayinevi.com.tr\/index.php\/wp-json\/wp\/v2\/types\/product"}],"wp:attachment":[{"href":"https:\/\/roveyayinevi.com.tr\/index.php\/wp-json\/wp\/v2\/media?parent=751048"}],"wp:term":[{"taxonomy":"product_brand","embeddable":true,"href":"https:\/\/roveyayinevi.com.tr\/index.php\/wp-json\/wp\/v2\/product_brand?post=751048"},{"taxonomy":"product_cat","embeddable":true,"href":"https:\/\/roveyayinevi.com.tr\/index.php\/wp-json\/wp\/v2\/product_cat?post=751048"},{"taxonomy":"product_tag","embeddable":true,"href":"https:\/\/roveyayinevi.com.tr\/index.php\/wp-json\/wp\/v2\/product_tag?post=751048"}],"curies":[{"name":"wp","href":"https:\/\/api.w.org\/{rel}","templated":true}]}}