{"id":751047,"date":"2025-08-28T04:38:17","date_gmt":"2025-08-28T01:38:17","guid":{"rendered":"https:\/\/roveyayinevi.com.tr\/index.php\/urun\/21-yuzyil-becerileri-genclerin-algisi\/"},"modified":"2026-04-16T03:04:06","modified_gmt":"2026-04-16T00:04:06","slug":"21-yuzyil-becerileri-genclerin-algisi","status":"publish","type":"product","link":"https:\/\/roveyayinevi.com.tr\/index.php\/urun\/21-yuzyil-becerileri-genclerin-algisi\/","title":{"rendered":"21. Y\u00fczy\u0131l Becerileri: Gen\u00e7lerin Alg\u0131s\u0131"},"content":{"rendered":"<p>\u0130\u00e7indekiler     B\u0130R\u0130NC\u0130 B\u00d6L\u00dcM END\u00dcSTR\u0130 4.0   \u0130K\u0130NC\u0130 B\u00d6L\u00dcM ARA\u015eTIRMANIN Y\u00d6NTEM\u0130   \u00dc\u00c7\u00dcNC\u00dc B\u00d6L\u00dcM ARA\u015eTIRMA BULGULARI <\/p>\n","protected":false},"excerpt":{"rendered":"<p>\u0130\u00e7indekiler B\u0130R\u0130NC\u0130 B\u00d6L\u00dcM END\u00dcSTR\u0130 4.0 \u0130K\u0130NC\u0130 B\u00d6L\u00dcM ARA\u015eTIRMANIN Y\u00d6NTEM\u0130 \u00dc\u00c7\u00dcNC\u00dc B\u00d6L\u00dcM ARA\u015eTIRMA BULGULARI<\/p>\n","protected":false},"featured_media":0,"template":"","meta":{"_monsterinsights_skip_tracking":false,"_monsterinsights_sitenote_active":false,"_monsterinsights_sitenote_note":"","_monsterinsights_sitenote_category":0},"product_brand":[],"product_cat":[12573,12566],"product_tag":[],"class_list":{"0":"post-751047","1":"product","2":"type-product","3":"status-publish","5":"product_cat-akademik-kitaplar","6":"product_cat-egitim","7":"pa_cilt-ciltsiz","8":"pa_tur-kitap","9":"pa_yayinevi-gazi-kitabevi","10":"pa_yazar-pinar-salih-suheyla-erikli-selek","12":"first","13":"instock","14":"sale","15":"shipping-taxable","16":"purchasable","17":"product-type-simple"},"_links":{"self":[{"href":"https:\/\/roveyayinevi.com.tr\/index.php\/wp-json\/wp\/v2\/product\/751047","targetHints":{"allow":["GET"]}}],"collection":[{"href":"https:\/\/roveyayinevi.com.tr\/index.php\/wp-json\/wp\/v2\/product"}],"about":[{"href":"https:\/\/roveyayinevi.com.tr\/index.php\/wp-json\/wp\/v2\/types\/product"}],"wp:attachment":[{"href":"https:\/\/roveyayinevi.com.tr\/index.php\/wp-json\/wp\/v2\/media?parent=751047"}],"wp:term":[{"taxonomy":"product_brand","embeddable":true,"href":"https:\/\/roveyayinevi.com.tr\/index.php\/wp-json\/wp\/v2\/product_brand?post=751047"},{"taxonomy":"product_cat","embeddable":true,"href":"https:\/\/roveyayinevi.com.tr\/index.php\/wp-json\/wp\/v2\/product_cat?post=751047"},{"taxonomy":"product_tag","embeddable":true,"href":"https:\/\/roveyayinevi.com.tr\/index.php\/wp-json\/wp\/v2\/product_tag?post=751047"}],"curies":[{"name":"wp","href":"https:\/\/api.w.org\/{rel}","templated":true}]}}