{"id":751045,"date":"2025-08-28T04:38:15","date_gmt":"2025-08-28T01:38:15","guid":{"rendered":"https:\/\/roveyayinevi.com.tr\/index.php\/urun\/spor-bilimlerinde-cok-boyutlu-arastirmalar\/"},"modified":"2026-04-16T03:04:06","modified_gmt":"2026-04-16T00:04:06","slug":"spor-bilimlerinde-cok-boyutlu-arastirmalar","status":"publish","type":"product","link":"https:\/\/roveyayinevi.com.tr\/index.php\/urun\/spor-bilimlerinde-cok-boyutlu-arastirmalar\/","title":{"rendered":"Spor Bilimlerinde \u00c7ok Boyutlu Ara\u015ft\u0131rmalar"},"content":{"rendered":"<p>\u0130\u00e7indekiler     B\u00d6L\u00dcM 1 SPORDA REKABET\u0130N \u00d6L\u00c7\u00dcTLER\u0130: SALDIRGANLIK VE \u00d6FKEN\u0130N PERFORMANS \u0130\u00c7\u0130N ETK\u0130N KULLANILMASI   B\u00d6L\u00dcM 2 KU\u015eAK G\u00dcRE\u015e\u0130N\u0130N TER\u0130MLER\u0130 VE DEY\u0130MLER\u0130   B\u00d6L\u00dcM 3 SPORT\u0130F AKT\u0130V\u0130TELER VE B\u0130REYLER\u0130N YA\u015eAM BECER\u0130LER\u0130NE ETK\u0130S\u0130   B\u00d6L\u00dcM 4 EL KAVRAMA KUVVET\u0130 \u0130LE FOREHAND VE BACKHAND VURU\u015eLARI SONUCU OLU\u015eAN TOP HIZI ARASINDAK\u0130 \u0130L\u0130\u015eK\u0130LER\u0130N \u0130NCELENMES\u0130   B\u00d6L\u00dcM 5 AD\u00d6LESAN SPORCULARIN BAZI DEMOGRAF\u0130K B\u0130LG\u0130LER\u0130 I\u015eI\u011eINDA S\u0130BER ZORBALIK   B\u00d6L\u00dcM 6 F\u0130Z\u0130KSEL AKT\u0130V\u0130TEN\u0130N ANKS\u0130YETE, DEPRESYON VE STRES \u00dcZER\u0130NE ETK\u0130LER\u0130 B\u00d6L\u00dcM 7 SPORDA R\u0130SK Y\u00d6NET\u0130M\u0130   B\u00d6L\u00dcM 8 TAKIM SPORLARINDA PERFORMANS TAK\u0130B\u0130NDE EYLEMS\u0130ZL\u0130K \u00d6L\u00c7\u00dcM \u00dcN\u0130TELER\u0130N\u0130N \u0130NCELENMES\u0130<\/p>\n","protected":false},"excerpt":{"rendered":"<p>\u0130\u00e7indekiler B\u00d6L\u00dcM 1 SPORDA REKABET\u0130N \u00d6L\u00c7\u00dcTLER\u0130: SALDIRGANLIK VE \u00d6FKEN\u0130N PERFORMANS \u0130\u00c7\u0130N ETK\u0130N KULLANILMASI B\u00d6L\u00dcM 2 KU\u015eAK G\u00dcRE\u015e\u0130N\u0130N TER\u0130MLER\u0130 VE DEY\u0130MLER\u0130 B\u00d6L\u00dcM 3 SPORT\u0130F AKT\u0130V\u0130TELER VE B\u0130REYLER\u0130N<span class=\"excerpt-hellip\"> [\u2026]<\/span><\/p>\n","protected":false},"featured_media":0,"template":"","meta":{"_monsterinsights_skip_tracking":false,"_monsterinsights_sitenote_active":false,"_monsterinsights_sitenote_note":"","_monsterinsights_sitenote_category":0},"product_brand":[],"product_cat":[15563,15564],"product_tag":[],"class_list":{"0":"post-751045","1":"product","2":"type-product","3":"status-publish","5":"product_cat-hobi","6":"product_cat-spor","7":"pa_cilt-ciltsiz","8":"pa_tur-kitap","9":"pa_yayinevi-gazi-kitabevi","10":"pa_yazar-kolektif","12":"first","13":"instock","14":"sale","15":"shipping-taxable","16":"purchasable","17":"product-type-simple"},"_links":{"self":[{"href":"https:\/\/roveyayinevi.com.tr\/index.php\/wp-json\/wp\/v2\/product\/751045","targetHints":{"allow":["GET"]}}],"collection":[{"href":"https:\/\/roveyayinevi.com.tr\/index.php\/wp-json\/wp\/v2\/product"}],"about":[{"href":"https:\/\/roveyayinevi.com.tr\/index.php\/wp-json\/wp\/v2\/types\/product"}],"wp:attachment":[{"href":"https:\/\/roveyayinevi.com.tr\/index.php\/wp-json\/wp\/v2\/media?parent=751045"}],"wp:term":[{"taxonomy":"product_brand","embeddable":true,"href":"https:\/\/roveyayinevi.com.tr\/index.php\/wp-json\/wp\/v2\/product_brand?post=751045"},{"taxonomy":"product_cat","embeddable":true,"href":"https:\/\/roveyayinevi.com.tr\/index.php\/wp-json\/wp\/v2\/product_cat?post=751045"},{"taxonomy":"product_tag","embeddable":true,"href":"https:\/\/roveyayinevi.com.tr\/index.php\/wp-json\/wp\/v2\/product_tag?post=751045"}],"curies":[{"name":"wp","href":"https:\/\/api.w.org\/{rel}","templated":true}]}}