{"id":751043,"date":"2025-08-28T04:38:13","date_gmt":"2025-08-28T01:38:13","guid":{"rendered":"https:\/\/roveyayinevi.com.tr\/index.php\/urun\/sevilmek-basarili-olmak-ve-hayallerini-gerceklestirmek-icin-yeterlisin\/"},"modified":"2026-04-16T03:04:06","modified_gmt":"2026-04-16T00:04:06","slug":"sevilmek-basarili-olmak-ve-hayallerini-gerceklestirmek-icin-yeterlisin","status":"publish","type":"product","link":"https:\/\/roveyayinevi.com.tr\/index.php\/urun\/sevilmek-basarili-olmak-ve-hayallerini-gerceklestirmek-icin-yeterlisin\/","title":{"rendered":"Sevilmek, Ba\u015far\u0131l\u0131 Olmak ve Hayallerini Ger\u00e7ekle\u015ftirmek \u0130\u00e7in Yeterlisin"},"content":{"rendered":"<p>Kendini Oldu\u011fun Gibi Kabul Etme K\u0131lavuzu Sevilmek, Ba\u015far\u0131l\u0131 Olmak ve Hayallerini Ger\u00e7ekle\u015ftirmek \u0130\u00e7in Yeterlisin, oldu\u011fumuz h\u00e2limizin sevilmek, \u00f6nemsenmek, de\u011fer g\u00f6rmek i\u00e7in yeterli olmad\u0131\u011f\u0131 inanc\u0131na itiraz ediyor ve kendi benli\u011fimizin kusursuzlu\u011funu ke\u015ffetmek i\u00e7in hepimize kalpten bir \u00e7a\u011fr\u0131 yap\u0131yor.  \u0130\u00e7inde ya\u015fad\u0131\u011f\u0131m\u0131z kayg\u0131 \u00e7a\u011f\u0131nda dengeye ula\u015fmak, kendimizle huzurlu bir ili\u015fki kurmak, neredeyse imk\u00e2ns\u0131z gibi g\u00f6r\u00fcnebilir. PanacheDesai, bu kitapta hepimize, korku ve endi\u015feyi susturman\u0131n ve kaybetti\u011fimiz par\u00e7alar\u0131m\u0131z\u0131 kabullenerek yeniden b\u00fct\u00fcnlenmi\u015f bir benlik ile ya\u015faman\u0131n yollar\u0131n\u0131 aktar\u0131yor. Hayat\u0131n\u0131z boyunca, bir an durup yu\u0308zle\u015fmeyi g\u00f6ze alman\u0131z durumunda sizi canl\u0131 canl\u0131 yiyece\u011fine inand\u0131\u011f\u0131n\u0131z \u201c\u015feytanlardan\u201d ka\u00e7mak i\u00e7in \u00e7ok zaman harcad\u0131n\u0131z. Fakat sizi canl\u0131 canl\u0131 yiyen \u015fey, asl\u0131nda onlarla ba\u015f etmeyi reddetmenizdir. U\u011fra\u015ft\u0131\u011f\u0131n\u0131z karanl\u0131k, kendinizden ayr\u0131 d\u00fc\u015ft\u00fc\u011f\u00fcn\u00fcz i\u00e7in oradad\u0131r. Bu ayr\u0131l\u0131\u011f\u0131n nedeni, ger\u00e7ek sizi perdeleyen ve yarat\u0131lm\u0131\u015f [sahte] bir benlik i\u00e7inde ya\u015fayan \u00f6z benli\u011finizi unutmakt\u0131r. Oynad\u0131\u011f\u0131n\u0131z bu rolu\u0308n alt\u0131nda, g\u00f6rdu\u0308\u011fu\u0308nu\u0308z bu karanl\u0131\u011f\u0131n alt\u0131nda, hissetti\u011finiz bu u\u0308zu\u0308ntu\u0308nu\u0308n alt\u0131nda \u0131\u015f\u0131ldayan Buddha do\u011fan\u0131z vard\u0131r. Siz, oldu\u011funuz h\u00e2linizle yeterlisiniz. I\u015f\u0131\u011f\u0131 ortaya \u00e7\u0131kar\u0131n, karanl\u0131\u011f\u0131 uzakla\u015ft\u0131r\u0131n. <\/p>\n","protected":false},"excerpt":{"rendered":"<p>Kendini Oldu\u011fun Gibi Kabul Etme K\u0131lavuzu Sevilmek, Ba\u015far\u0131l\u0131 Olmak ve Hayallerini Ger\u00e7ekle\u015ftirmek \u0130\u00e7in Yeterlisin, oldu\u011fumuz h\u00e2limizin sevilmek, \u00f6nemsenmek, de\u011fer g\u00f6rmek i\u00e7in yeterli olmad\u0131\u011f\u0131 inanc\u0131na itiraz ediyor<span class=\"excerpt-hellip\"> [\u2026]<\/span><\/p>\n","protected":false},"featured_media":0,"template":"","meta":{"_monsterinsights_skip_tracking":false,"_monsterinsights_sitenote_active":false,"_monsterinsights_sitenote_note":"","_monsterinsights_sitenote_category":0},"product_brand":[],"product_cat":[12364,12376],"product_tag":[],"class_list":{"0":"post-751043","1":"product","2":"type-product","3":"status-publish","5":"product_cat-genel-konular","6":"product_cat-kisisel-gelisim","7":"pa_cilt-ciltsiz","8":"pa_tur-kitap","9":"pa_yayinevi-omega","10":"pa_yazar-panache-desai","12":"first","13":"instock","14":"sale","15":"shipping-taxable","16":"purchasable","17":"product-type-simple"},"_links":{"self":[{"href":"https:\/\/roveyayinevi.com.tr\/index.php\/wp-json\/wp\/v2\/product\/751043","targetHints":{"allow":["GET"]}}],"collection":[{"href":"https:\/\/roveyayinevi.com.tr\/index.php\/wp-json\/wp\/v2\/product"}],"about":[{"href":"https:\/\/roveyayinevi.com.tr\/index.php\/wp-json\/wp\/v2\/types\/product"}],"wp:attachment":[{"href":"https:\/\/roveyayinevi.com.tr\/index.php\/wp-json\/wp\/v2\/media?parent=751043"}],"wp:term":[{"taxonomy":"product_brand","embeddable":true,"href":"https:\/\/roveyayinevi.com.tr\/index.php\/wp-json\/wp\/v2\/product_brand?post=751043"},{"taxonomy":"product_cat","embeddable":true,"href":"https:\/\/roveyayinevi.com.tr\/index.php\/wp-json\/wp\/v2\/product_cat?post=751043"},{"taxonomy":"product_tag","embeddable":true,"href":"https:\/\/roveyayinevi.com.tr\/index.php\/wp-json\/wp\/v2\/product_tag?post=751043"}],"curies":[{"name":"wp","href":"https:\/\/api.w.org\/{rel}","templated":true}]}}