{"id":751040,"date":"2025-08-28T04:38:08","date_gmt":"2025-08-28T01:38:08","guid":{"rendered":"https:\/\/roveyayinevi.com.tr\/index.php\/urun\/roma-tarihi-iii-cilt\/"},"modified":"2026-04-16T03:04:06","modified_gmt":"2026-04-16T00:04:06","slug":"roma-tarihi-iii-cilt","status":"publish","type":"product","link":"https:\/\/roveyayinevi.com.tr\/index.php\/urun\/roma-tarihi-iii-cilt\/","title":{"rendered":"Roma Tarihi III.Cilt"},"content":{"rendered":"<p>Klasik tarih\u00e7i Theodor Mommsen 1854-1856 y\u0131llar\u0131 aras\u0131nda Roma Tarihi isimli eserini yay\u0131nlad\u0131. \u00c7al\u0131\u015fmalar\u0131 bilim camias\u0131 ve okuyucular taraf\u0131ndan b\u00fcy\u00fck be\u011feni toplayan Mommsen 1902 y\u0131l\u0131nda Nobel Edebiyat \u00d6d\u00fcl\u00fc\u2019ne lay\u0131k g\u00f6r\u00fcld\u00fc ve \u201ctarihsel yazma sanat\u0131n\u0131n ya\u015fayan en b\u00fcy\u00fck ustas\u0131\u201d olarak onurland\u0131r\u0131ld\u0131. Roma\u2019y\u0131 y\u00fccelten Ayd\u0131nlanma yakla\u015f\u0131m\u0131n\u0131 reddeden Mommsen bunun yerine yeni ve titiz bir kaynak ele\u015ftirisinin rehberli\u011finde Roma tarihinin mitolojiden ar\u0131nd\u0131r\u0131lmas\u0131n\u0131 sa\u011flad\u0131. Canl\u0131 ve ilgi \u00e7ekici bir tarzda, klasik fikirleri ifade etmek i\u00e7in modern terimleri kullanan Mommsen on dokuzuncu y\u00fczy\u0131l ile Antik Roma aras\u0131nda paralellikler ortaya koymay\u0131 ba\u015fard\u0131. Roma\u2019n\u0131n k\u00f6kenlerinin a\u00e7\u0131kland\u0131\u011f\u0131 birinci cilt ve \u0130talya Yar\u0131madas\u0131\u2019nda nas\u0131l egemenlik kurdu\u011funun anlat\u0131ld\u0131\u011f\u0131 ikinci ciltten sonra bu kez Roma\u2019n\u0131n Kartaca ve Makedonya ile yapt\u0131\u011f\u0131 sava\u015flarla nas\u0131l bir d\u00fcnya imparatorlu\u011funa d\u00f6n\u00fc\u015ft\u00fc\u011f\u00fc aktar\u0131l\u0131yor. <\/p>\n","protected":false},"excerpt":{"rendered":"<p>Klasik tarih\u00e7i Theodor Mommsen 1854-1856 y\u0131llar\u0131 aras\u0131nda Roma Tarihi isimli eserini yay\u0131nlad\u0131. \u00c7al\u0131\u015fmalar\u0131 bilim camias\u0131 ve okuyucular taraf\u0131ndan b\u00fcy\u00fck be\u011feni toplayan Mommsen 1902 y\u0131l\u0131nda Nobel Edebiyat<span class=\"excerpt-hellip\"> [\u2026]<\/span><\/p>\n","protected":false},"featured_media":0,"template":"","meta":{"_monsterinsights_skip_tracking":false,"_monsterinsights_sitenote_active":false,"_monsterinsights_sitenote_note":"","_monsterinsights_sitenote_category":0},"product_brand":[],"product_cat":[12312,12304],"product_tag":[],"class_list":{"0":"post-751040","1":"product","2":"type-product","3":"status-publish","5":"product_cat-diger","6":"product_cat-tarih","7":"pa_cilt-ciltsiz","8":"pa_tur-kitap","9":"pa_yayinevi-say-yayinlari","10":"pa_yazar-theodor-mommsen","12":"first","13":"instock","14":"sale","15":"shipping-taxable","16":"purchasable","17":"product-type-simple"},"_links":{"self":[{"href":"https:\/\/roveyayinevi.com.tr\/index.php\/wp-json\/wp\/v2\/product\/751040","targetHints":{"allow":["GET"]}}],"collection":[{"href":"https:\/\/roveyayinevi.com.tr\/index.php\/wp-json\/wp\/v2\/product"}],"about":[{"href":"https:\/\/roveyayinevi.com.tr\/index.php\/wp-json\/wp\/v2\/types\/product"}],"wp:attachment":[{"href":"https:\/\/roveyayinevi.com.tr\/index.php\/wp-json\/wp\/v2\/media?parent=751040"}],"wp:term":[{"taxonomy":"product_brand","embeddable":true,"href":"https:\/\/roveyayinevi.com.tr\/index.php\/wp-json\/wp\/v2\/product_brand?post=751040"},{"taxonomy":"product_cat","embeddable":true,"href":"https:\/\/roveyayinevi.com.tr\/index.php\/wp-json\/wp\/v2\/product_cat?post=751040"},{"taxonomy":"product_tag","embeddable":true,"href":"https:\/\/roveyayinevi.com.tr\/index.php\/wp-json\/wp\/v2\/product_tag?post=751040"}],"curies":[{"name":"wp","href":"https:\/\/api.w.org\/{rel}","templated":true}]}}