{"id":751037,"date":"2025-08-28T04:38:04","date_gmt":"2025-08-28T01:38:04","guid":{"rendered":"https:\/\/roveyayinevi.com.tr\/index.php\/urun\/proje\/"},"modified":"2026-04-16T03:04:06","modified_gmt":"2026-04-16T00:04:06","slug":"proje","status":"publish","type":"product","link":"https:\/\/roveyayinevi.com.tr\/index.php\/urun\/proje\/","title":{"rendered":"Proje"},"content":{"rendered":"<p>GER\u00c7E\u011e\u0130 \u00d6\u011eRENMEY\u0130 SEN \u0130STEM\u0130\u015eT\u0130N. YOKSA \u015e\u0130MD\u0130 KORKUYOR MUSUN?   1998: Alt\u0131 ya\u015f\u0131ndaki Bea karde\u015fi olsun istemiyordu ancak Lo\u2019nun erken do\u011fmas\u0131 her \u015feyi de\u011fi\u015ftirmi\u015fti. O k\u00fc\u00e7\u00fcc\u00fck ve savunmas\u0131zd\u0131, birinin onu kollamas\u0131na ihtiyac\u0131 vard\u0131. Anneleri ona k\u0131z karde\u015fler aras\u0131nda kopmaz bir ba\u011f oldu\u011funu s\u00f6ylemi\u015fti ve Bea\u2019n\u0131n bu ba\u011fa inanc\u0131 tamd\u0131.   2011: Bir araba kazas\u0131 ebeveynlerini onlardan \u00e7alm\u0131\u015ft\u0131. Birlik Projesi\u2019nin karizmatik lideri Lev Warren olmasa Lo da onlarla beraber \u00f6l\u00fcrd\u00fc. Bu adam d\u00fcnyay\u0131 de\u011fi\u015ftirecekti ve k\u0131z karde\u015finin hayat\u0131n\u0131 kurtard\u0131ktan sonra Bea\u2019n\u0131n onun \u00e7a\u011fr\u0131s\u0131na kulak vermemesi m\u00fcmk\u00fcn de\u011fildi. Proje\u2019de ikisi i\u00e7in de bir daha asla zarar g\u00f6rmeyecekleri bir yer vard\u0131.   2017: Lo ablas\u0131n\u0131n kazadan sonra onu neden Birlik Projesi i\u00e7in terk etti\u011fini bilmiyordu. Alt\u0131 y\u0131l sonra, ablas\u0131n\u0131 bulabilme umuduyla Lev\u2019le Proje hakk\u0131nda r\u00f6portaj yapma f\u0131rsat\u0131 koparm\u0131\u015ft\u0131. Ama Bea hi\u00e7bir yerde yoktu ve i\u00e7indeki ihanete u\u011fram\u0131\u015fl\u0131k hissini anlayan tek ki\u015fi Lev\u2019mi\u015f gibi duruyordu. E\u011fer Lo\u2019nun istedi\u011fi bir aileyse, Lev ona yepyeni bir ba\u011f sunabilirdi \u2013 tabii \u00f6nce Lo\u2019nun kendisini ona kan\u0131tlamas\u0131 gerekiyordu.   \u2605 Uluslararas\u0131 Gerilim Roman\u0131 \u00d6d\u00fcl\u00fc Kazanan\u0131 \u2605 Kirkus\u2019a g\u00f6re 2021\u2019in En \u0130yi Kitaplar\u0131ndan Biri \u2605 Goodreads 2021 En \u0130yi Gen\u00e7 Yeti\u015fkin Kurgu Aday\u0131   \u201cProje, insan\u0131n i\u00e7ine i\u015fleyip akl\u0131na kaz\u0131nan, hi\u00e7 beklenmedik bir gerilim kitab\u0131. \u0130nan\u00e7 ve fedak\u00e2rl\u0131kla ilgili sorular \u00e7ok katmanl\u0131 olay ak\u0131\u015f\u0131na i\u015flemi\u015f.\u201d \u2014Booklist (Starred Review)   \u201cHik\u00e2yenin g\u00fczelli\u011fi, savunmas\u0131z olanlara odaklanmas\u0131nda ve empatiyle dolu dilinde yat\u0131yor. Kimlik, karde\u015flik ve ait olmak \u00fczerine g\u00fc\u00e7l\u00fc, s\u00fcr\u00fckleyici, kalp k\u0131ran bir gerilim.\u201d \u2014Kirkus (Starred Review)   \u201cManip\u00fclasyon ve ak\u0131l oyunlar\u0131yla dolu bu d\u00fcnyada herkesin ger\u00e7e\u011fini ve motivasyon kayna\u011f\u0131n\u0131 sorgulayacaks\u0131n\u0131z.  Kusursuz bir psikolojik gerilim.\u201d \u2014School Library Journal (Starred Review) \u201c\u0130nsan\u0131 i\u00e7ine \u00e7eken bu romanda, iki k\u0131z karde\u015f birbirlerine olan sevgilerinden \u00f6t\u00fcr\u00fc en ac\u0131 verici tercihleri yapmak zorunda kal\u0131yor.\u201d \u2014Shelf Awareness   \u201cProje, \u015fa\u015f\u0131rtmacalar ve ters k\u00f6\u015felerle dolu; son sayfaya kadar okuru tahminde bulunmaya te\u015fvik ediyor.\u201d \u2014Nerd Daily   \u201c\u0130nsanlar\u0131n tarikatlar\u0131n nas\u0131l kurban\u0131 olduklar\u0131n\u0131 merak eden okurlar\u0131n mutlaka okumas\u0131 gerek.\u201d \u2014BCCB   \u201cBana g\u00fcvenin: Proje tam anlam\u0131yla kusursuz.\u201d \u2014Somaiya Daud   \u201cCourtney Summers, insanlarda bir yere ait olma arzusunu do\u011furan \u015feyi merak uyand\u0131ran bi\u00e7imde sorguluyor ve bunu yaparken nefesinizi kesiyor.\u201d \u2014Maurene Goo   \u201cBa\u015ftan sona merak uyand\u0131r\u0131c\u0131 \u2013 Courtney Summers her seferinde hedefi on ikiden vuruyor.\u201d \u2014Kara Thomas   \u201cCourtney Summers bir kez daha m\u00fckemmel bir kitap yazm\u0131\u015f. Proje sizi b\u00fcy\u00fcleyecek, heyecanland\u0131racak ve nihayetinde kalbinizi k\u0131racak.\u201d \u2014Kaitlin Ward <\/p>\n","protected":false},"excerpt":{"rendered":"<p>GER\u00c7E\u011e\u0130 \u00d6\u011eRENMEY\u0130 SEN \u0130STEM\u0130\u015eT\u0130N. YOKSA \u015e\u0130MD\u0130 KORKUYOR MUSUN? 1998: Alt\u0131 ya\u015f\u0131ndaki Bea karde\u015fi olsun istemiyordu ancak Lo\u2019nun erken do\u011fmas\u0131 her \u015feyi de\u011fi\u015ftirmi\u015fti. O k\u00fc\u00e7\u00fcc\u00fck ve savunmas\u0131zd\u0131,<span class=\"excerpt-hellip\"> [\u2026]<\/span><\/p>\n","protected":false},"featured_media":0,"template":"","meta":{"_monsterinsights_skip_tracking":false,"_monsterinsights_sitenote_active":false,"_monsterinsights_sitenote_note":"","_monsterinsights_sitenote_category":0},"product_brand":[],"product_cat":[12291,17033],"product_tag":[],"class_list":{"0":"post-751037","1":"product","2":"type-product","3":"status-publish","5":"product_cat-edebiyat","6":"product_cat-korku-gerilim","7":"pa_cilt-ciltsiz","8":"pa_tur-kitap","9":"pa_yayinevi-yabanci-yayinevi","10":"pa_yazar-courtney-summers","12":"first","13":"instock","14":"sale","15":"shipping-taxable","16":"purchasable","17":"product-type-simple"},"_links":{"self":[{"href":"https:\/\/roveyayinevi.com.tr\/index.php\/wp-json\/wp\/v2\/product\/751037","targetHints":{"allow":["GET"]}}],"collection":[{"href":"https:\/\/roveyayinevi.com.tr\/index.php\/wp-json\/wp\/v2\/product"}],"about":[{"href":"https:\/\/roveyayinevi.com.tr\/index.php\/wp-json\/wp\/v2\/types\/product"}],"wp:attachment":[{"href":"https:\/\/roveyayinevi.com.tr\/index.php\/wp-json\/wp\/v2\/media?parent=751037"}],"wp:term":[{"taxonomy":"product_brand","embeddable":true,"href":"https:\/\/roveyayinevi.com.tr\/index.php\/wp-json\/wp\/v2\/product_brand?post=751037"},{"taxonomy":"product_cat","embeddable":true,"href":"https:\/\/roveyayinevi.com.tr\/index.php\/wp-json\/wp\/v2\/product_cat?post=751037"},{"taxonomy":"product_tag","embeddable":true,"href":"https:\/\/roveyayinevi.com.tr\/index.php\/wp-json\/wp\/v2\/product_tag?post=751037"}],"curies":[{"name":"wp","href":"https:\/\/api.w.org\/{rel}","templated":true}]}}