{"id":751036,"date":"2025-08-28T04:38:03","date_gmt":"2025-08-28T01:38:03","guid":{"rendered":"https:\/\/roveyayinevi.com.tr\/index.php\/urun\/karmasik-duygular-3\/"},"modified":"2026-04-16T03:04:06","modified_gmt":"2026-04-16T00:04:06","slug":"karmasik-duygular-3","status":"publish","type":"product","link":"https:\/\/roveyayinevi.com.tr\/index.php\/urun\/karmasik-duygular-3\/","title":{"rendered":"Karma\u015f\u0131k Duygular"},"content":{"rendered":"<p>\u201cKarma\u015f\u0131k Duygular, Stefan Zweig\u2019\u0131n \u00f6nde gelen eserlerinden biri. Zweig okumak isteyenler i\u00e7in do\u011fru bir giri\u015f kitab\u0131 olabilir.\u201d \u2013Robert Macfarlane   Almanya\u2019n\u0131n k\u00fc\u00e7\u00fck bir kasabas\u0131nda \u00fcniversiteye ba\u015flayan Roland burada ilgisini \u00e7eken bir edebiyat profes\u00f6r\u00fcyle tan\u0131\u015f\u0131r. Bu adam sadece Roland\u2019\u0131n i\u00e7inde \u00f6\u011frenme a\u015fk\u0131n\u0131n filizlenmesine sebep olmakla kalmaz, ayn\u0131 zamanda gen\u00e7 adam\u0131n yo\u011fun ilgisini de \u00fczerine \u00e7eker. Aralar\u0131ndaki ili\u015fki giderek derinle\u015fen bu ikili kendilerini kontrol edemedikleri karma\u015f\u0131k duygulara teslim edeceklerdir.   Stefan Zweig zihinle kalp aras\u0131ndaki \u00e7at\u0131\u015fmay\u0131 titizlikle i\u015fledi\u011fi Karma\u015f\u0131k Duygular\u2019la birlikte en iyi eserlerinden birini ortaya koymu\u015ftur. <\/p>\n","protected":false},"excerpt":{"rendered":"<p>\u201cKarma\u015f\u0131k Duygular, Stefan Zweig\u2019\u0131n \u00f6nde gelen eserlerinden biri. Zweig okumak isteyenler i\u00e7in do\u011fru bir giri\u015f kitab\u0131 olabilir.\u201d \u2013Robert Macfarlane Almanya\u2019n\u0131n k\u00fc\u00e7\u00fck bir kasabas\u0131nda \u00fcniversiteye ba\u015flayan Roland<span class=\"excerpt-hellip\"> [\u2026]<\/span><\/p>\n","protected":false},"featured_media":0,"template":"","meta":{"_monsterinsights_skip_tracking":false,"_monsterinsights_sitenote_active":false,"_monsterinsights_sitenote_note":"","_monsterinsights_sitenote_category":0},"product_brand":[],"product_cat":[12291,12711],"product_tag":[],"class_list":{"0":"post-751036","1":"product","2":"type-product","3":"status-publish","5":"product_cat-edebiyat","6":"product_cat-roman-oyku","7":"pa_cilt-ciltsiz","8":"pa_tur-kitap","9":"pa_yayinevi-ithaki-yayinlari","10":"pa_yazar-stefan-zweig","12":"first","13":"instock","14":"sale","15":"shipping-taxable","16":"purchasable","17":"product-type-simple"},"_links":{"self":[{"href":"https:\/\/roveyayinevi.com.tr\/index.php\/wp-json\/wp\/v2\/product\/751036","targetHints":{"allow":["GET"]}}],"collection":[{"href":"https:\/\/roveyayinevi.com.tr\/index.php\/wp-json\/wp\/v2\/product"}],"about":[{"href":"https:\/\/roveyayinevi.com.tr\/index.php\/wp-json\/wp\/v2\/types\/product"}],"wp:attachment":[{"href":"https:\/\/roveyayinevi.com.tr\/index.php\/wp-json\/wp\/v2\/media?parent=751036"}],"wp:term":[{"taxonomy":"product_brand","embeddable":true,"href":"https:\/\/roveyayinevi.com.tr\/index.php\/wp-json\/wp\/v2\/product_brand?post=751036"},{"taxonomy":"product_cat","embeddable":true,"href":"https:\/\/roveyayinevi.com.tr\/index.php\/wp-json\/wp\/v2\/product_cat?post=751036"},{"taxonomy":"product_tag","embeddable":true,"href":"https:\/\/roveyayinevi.com.tr\/index.php\/wp-json\/wp\/v2\/product_tag?post=751036"}],"curies":[{"name":"wp","href":"https:\/\/api.w.org\/{rel}","templated":true}]}}