{"id":751033,"date":"2025-08-28T04:37:58","date_gmt":"2025-08-28T01:37:58","guid":{"rendered":"https:\/\/roveyayinevi.com.tr\/index.php\/urun\/idea\/"},"modified":"2026-03-12T03:12:30","modified_gmt":"2026-03-12T00:12:30","slug":"idea","status":"publish","type":"product","link":"https:\/\/roveyayinevi.com.tr\/index.php\/urun\/idea\/","title":{"rendered":"\u0130dea"},"content":{"rendered":"<p>T\u00fcm ya\u015fam\u0131n\u0131 sanatsal d\u00fc\u015f\u00fcncenin y\u00f6r\u00fcngesini ve merkezindeki ortak k\u00fclt\u00fcrel arketipleri ara\u015ft\u0131rmaya vakfeden sanat tarih\u00e7isi ve kuramc\u0131 Erwin Panofsky\u2019nin temel bir felsefi ve sanatsal kavram oda\u011f\u0131nda kaleme ald\u0131\u011f\u0131 \u0130dea: Antik Sanat Kuram\u0131n\u0131n Kavramsal Tarihine Bir Katk\u0131, yirmi birinci y\u00fczy\u0131lda da g\u00fcncelli\u011fini koruyan bir metin olarak dikkat \u00e7ekiyor. Sanatta modernitenin ve modernizm sonras\u0131 d\u00f6nemin k\u00f6kenini ara\u015ft\u0131r\u0131rken kar\u015f\u0131la\u015f\u0131lan \u201canlam d\u00f6n\u00fc\u015f\u00fcm\u00fc\u201d \u00fczerine d\u00fc\u015f\u00fcnen sanat tarihi okurlar\u0131n\u0131n temel metinlerinden biri olan bu kitap, temel bir felsefi kavram olarak \u201c\u0130dea\u201dya odaklan\u0131yor. \u00c7a\u011f\u0131n\u0131n \u00f6nc\u00fc kuramc\u0131s\u0131 Panofsky, metinde, yaln\u0131zca sanat ba\u011flam\u0131nda de\u011fil, ekonomik, ideolojik, siyasi, k\u00fclt\u00fcrel ba\u011flamda da bir \u00e7ekirdek i\u015flevi g\u00f6ren \u201c\u0130dea\u201dn\u0131n sanat tarihsel boyutta ge\u00e7irdi\u011fi anlam ve i\u00e7erik d\u00f6n\u00fc\u015f\u00fcm\u00fcn\u00fcn hayal g\u00fcc\u00fc, fantezi, izlenim, ger\u00e7eklik, modernlik \u00fczerindeki etkilerini ele al\u0131yor. Sanatta esteti\u011fin felsefi ve g\u00f6rsel evrimine ili\u015fkin sorular \u00fczerine d\u00fc\u015f\u00fcnenler i\u00e7in kapsaml\u0131 bir i\u00e7erik sunan kitap, bir akademisyen de olan kuramc\u0131 Panofsky\u2019nin d\u00fc\u015f\u00fcnme y\u00f6ntemini inceleme imk\u00e2n\u0131 da veriyor. \u0130dea: Antik Sanat Kuram\u0131n\u0131n Kavramsal Tarihine Bir Katk\u0131, istekli okurlar\u0131n zihninde sanata ve sanat kavramlar\u0131na Panofsky y\u00f6ntemiyle bakman\u0131n, sanat hakk\u0131nda Panofsky y\u00f6ntemiyle d\u00fc\u015f\u00fcnmenin yolunu a\u00e7abilecek bir katk\u0131da da bulunuyor. <\/p>\n","protected":false},"excerpt":{"rendered":"<p>T\u00fcm ya\u015fam\u0131n\u0131 sanatsal d\u00fc\u015f\u00fcncenin y\u00f6r\u00fcngesini ve merkezindeki ortak k\u00fclt\u00fcrel arketipleri ara\u015ft\u0131rmaya vakfeden sanat tarih\u00e7isi ve kuramc\u0131 Erwin Panofsky\u2019nin temel bir felsefi ve sanatsal kavram oda\u011f\u0131nda kaleme<span class=\"excerpt-hellip\"> [\u2026]<\/span><\/p>\n","protected":false},"featured_media":0,"template":"","meta":{"_monsterinsights_skip_tracking":false,"_monsterinsights_sitenote_active":false,"_monsterinsights_sitenote_note":"","_monsterinsights_sitenote_category":0},"product_brand":[],"product_cat":[13548,12408],"product_tag":[],"class_list":{"0":"post-751033","1":"product","2":"type-product","3":"status-publish","5":"product_cat-kuram","6":"product_cat-sanat","7":"pa_cilt-ciltsiz","8":"pa_tur-kitap","9":"pa_yayinevi-hayalperest-yayinlari","10":"pa_yazar-erwin-panofsky","12":"first","13":"instock","14":"sale","15":"shipping-taxable","16":"purchasable","17":"product-type-simple"},"_links":{"self":[{"href":"https:\/\/roveyayinevi.com.tr\/index.php\/wp-json\/wp\/v2\/product\/751033","targetHints":{"allow":["GET"]}}],"collection":[{"href":"https:\/\/roveyayinevi.com.tr\/index.php\/wp-json\/wp\/v2\/product"}],"about":[{"href":"https:\/\/roveyayinevi.com.tr\/index.php\/wp-json\/wp\/v2\/types\/product"}],"wp:attachment":[{"href":"https:\/\/roveyayinevi.com.tr\/index.php\/wp-json\/wp\/v2\/media?parent=751033"}],"wp:term":[{"taxonomy":"product_brand","embeddable":true,"href":"https:\/\/roveyayinevi.com.tr\/index.php\/wp-json\/wp\/v2\/product_brand?post=751033"},{"taxonomy":"product_cat","embeddable":true,"href":"https:\/\/roveyayinevi.com.tr\/index.php\/wp-json\/wp\/v2\/product_cat?post=751033"},{"taxonomy":"product_tag","embeddable":true,"href":"https:\/\/roveyayinevi.com.tr\/index.php\/wp-json\/wp\/v2\/product_tag?post=751033"}],"curies":[{"name":"wp","href":"https:\/\/api.w.org\/{rel}","templated":true}]}}