{"id":751032,"date":"2025-08-28T04:37:56","date_gmt":"2025-08-28T01:37:56","guid":{"rendered":"https:\/\/roveyayinevi.com.tr\/index.php\/urun\/almanlar-uzerinde-incelemeler\/"},"modified":"2026-04-16T03:04:06","modified_gmt":"2026-04-16T00:04:06","slug":"almanlar-uzerinde-incelemeler","status":"publish","type":"product","link":"https:\/\/roveyayinevi.com.tr\/index.php\/urun\/almanlar-uzerinde-incelemeler\/","title":{"rendered":"Almanlar \u00dczerinde \u0130ncelemeler"},"content":{"rendered":"<p>Monar\u015fiden Weimar\u2019a, Nazi \u00fclkesinden Federal Almanya\u2019ya uzanan bir hik\u00e2ye; fantasmalar\u0131n, incitilmi\u015f ya\u015famlar\u0131n, k\u00f6rk\u00fct\u00fck sarho\u015fluklar\u0131n ve g\u00f6r\u00fclmemi\u015f bir barbarl\u0131\u011f\u0131n damga vurdu\u011fu bir yolculuk. \u00d6\u011frenci birliklerinin, Freikorp\u2019lar\u0131n, SS\u2019lerin ve son olarak Marksist gen\u00e7lerin seyrini de\u011fi\u015ftirece\u011fi bu yolculuk b\u00fcy\u00fck yenilgiler ve b\u00f6l\u00fcnmelerle haf\u0131zalara kaz\u0131nacakt\u0131r.   \u201cSosyolojinin ku\u015fkusuz en \u00f6zg\u00fcn kalemlerinden biri olan Elias\u2019\u0131n ba\u015fyap\u0131t\u0131 Almanlar \u00dczerine \u0130ncelemeler muazzam bir kitap.\u201d \u2013Zygmunt Bauman <\/p>\n","protected":false},"excerpt":{"rendered":"<p>Monar\u015fiden Weimar\u2019a, Nazi \u00fclkesinden Federal Almanya\u2019ya uzanan bir hik\u00e2ye; fantasmalar\u0131n, incitilmi\u015f ya\u015famlar\u0131n, k\u00f6rk\u00fct\u00fck sarho\u015fluklar\u0131n ve g\u00f6r\u00fclmemi\u015f bir barbarl\u0131\u011f\u0131n damga vurdu\u011fu bir yolculuk. \u00d6\u011frenci birliklerinin, Freikorp\u2019lar\u0131n, SS\u2019lerin<span class=\"excerpt-hellip\"> [\u2026]<\/span><\/p>\n","protected":false},"featured_media":0,"template":"","meta":{"_monsterinsights_skip_tracking":false,"_monsterinsights_sitenote_active":false,"_monsterinsights_sitenote_note":"","_monsterinsights_sitenote_category":0},"product_brand":[],"product_cat":[12370,12304],"product_tag":[],"class_list":{"0":"post-751032","1":"product","2":"type-product","3":"status-publish","5":"product_cat-arastirma-inceleme","6":"product_cat-tarih","7":"pa_cilt-ciltsiz","8":"pa_tur-kitap","9":"pa_yayinevi-alfa-yayinlari","10":"pa_yazar-norbert-elias","12":"first","13":"instock","14":"sale","15":"shipping-taxable","16":"purchasable","17":"product-type-simple"},"_links":{"self":[{"href":"https:\/\/roveyayinevi.com.tr\/index.php\/wp-json\/wp\/v2\/product\/751032","targetHints":{"allow":["GET"]}}],"collection":[{"href":"https:\/\/roveyayinevi.com.tr\/index.php\/wp-json\/wp\/v2\/product"}],"about":[{"href":"https:\/\/roveyayinevi.com.tr\/index.php\/wp-json\/wp\/v2\/types\/product"}],"wp:attachment":[{"href":"https:\/\/roveyayinevi.com.tr\/index.php\/wp-json\/wp\/v2\/media?parent=751032"}],"wp:term":[{"taxonomy":"product_brand","embeddable":true,"href":"https:\/\/roveyayinevi.com.tr\/index.php\/wp-json\/wp\/v2\/product_brand?post=751032"},{"taxonomy":"product_cat","embeddable":true,"href":"https:\/\/roveyayinevi.com.tr\/index.php\/wp-json\/wp\/v2\/product_cat?post=751032"},{"taxonomy":"product_tag","embeddable":true,"href":"https:\/\/roveyayinevi.com.tr\/index.php\/wp-json\/wp\/v2\/product_tag?post=751032"}],"curies":[{"name":"wp","href":"https:\/\/api.w.org\/{rel}","templated":true}]}}