{"id":751031,"date":"2025-08-28T04:37:55","date_gmt":"2025-08-28T01:37:55","guid":{"rendered":"https:\/\/roveyayinevi.com.tr\/index.php\/urun\/dunyanin-en-eski-ozgurluk-savascilari-ciltli\/"},"modified":"2025-11-13T09:10:26","modified_gmt":"2025-11-13T06:10:26","slug":"dunyanin-en-eski-ozgurluk-savascilari-ciltli","status":"publish","type":"product","link":"https:\/\/roveyayinevi.com.tr\/index.php\/urun\/dunyanin-en-eski-ozgurluk-savascilari-ciltli\/","title":{"rendered":"D\u00fcnyan\u0131n En Eski \u00d6zg\u00fcrl\u00fck Sava\u015f\u00e7\u0131lar\u0131 (Ciltli)"},"content":{"rendered":"<p>Bu kitap, Eski Anadolu, Yak\u0131n Do\u011fu, Kafkasya, \u00c7in ve M\u0131s\u0131r gibi eski ve k\u00f6kl\u00fc d\u00fcnya efsanelerinin \u00f6z\u00fcne ba\u011fl\u0131 kalarak yaz\u0131lan mitolojik roman\u0131n ikinci ve son k\u0131sm\u0131d\u0131r. Dikkat edin, okuyucuyu as\u0131l heyecan\u0131n doru\u011funa s\u00fcr\u00fckleyecek olay ve maceralar, burada sakl\u0131d\u0131r! Bu k\u0131s\u0131mda, temellerinin ilk kez nas\u0131l ve ne zaman at\u0131ld\u0131\u011f\u0131 bilinmeyen tanr\u0131sal d\u00fczen ve onun a\u00e7\u0131k uzant\u0131s\u0131 vekalet krall\u0131k kurumuna kar\u015f\u0131 d\u00fcnya tarihinin tan\u0131k oldu\u011fu en belirgin ve eski ba\u015fkald\u0131r\u0131lara ve insanl\u0131\u011f\u0131n bitmez derdi adaletsiz ve d\u00fczensiz d\u00fczeni y\u0131kma \u00e7abalar\u0131na tan\u0131k olacaks\u0131n\u0131z. Kurgulamada, eskilerin en az Gilgami\u015f veya Homeros Destanlar\u0131 kadar bitmez zevkle dinledikleri Hurri k\u00f6kenli Ke\u015f\u015fi masal\u0131, Kumarbi miti ve onun dev kad\u0131n Peruna\u015fena\u2019dan yaratt\u0131\u011f\u0131 ve g\u00f6ksel tanr\u0131lar\u0131n ba\u015f\u0131na musallat etti\u011fi duygusuz kaya azman Ullikummi etraf\u0131nda d\u00f6nen nefes kesici destan yan\u0131nda, S\u00fcmer, Akad, M\u0131s\u0131r, Hitit, Hatti, Hurri, Luvi, Ugarit, \u00c7in, Hint ve Kafkasya dillerinde yaz\u0131lm\u0131\u015f kaynaklar esas al\u0131nm\u0131\u015ft\u0131r. Co\u011frafya alabildi\u011fine geni\u015f tutulmu\u015f, kasten Anadolu s\u0131n\u0131rlar\u0131 d\u0131\u015f\u0131na da kayd\u0131r\u0131lm\u0131\u015ft\u0131r; zira olaylar\u0131n en can al\u0131c\u0131 k\u0131s\u0131mlar\u0131 oralardan kaynaklanmakta olup gene oralarda cereyan etmi\u015ftir. Yani s\u0131rf Anadolu merkezli bir kurgu, i\u00e7eri\u011fi dolduramad\u0131\u011f\u0131 gibi yavan ve ruhsuz kal\u0131rd\u0131. Roman, t\u00fcr\u00fcn\u00fcn ilki olup, okuyucuyu \u015fimdiye kadar gitmedi\u011fi, g\u00f6rmedi\u011fi, tan\u0131mad\u0131\u011f\u0131, ad\u0131n\u0131 bile duymad\u0131\u011f\u0131 \u00e7ok de\u011fi\u015fik d\u00fcnyalara, kentlere, k\u00f6ylere, da\u011flara, bay\u0131rlara, g\u00f6klere, denizlere, yer alt\u0131na g\u00f6t\u00fcrecek, iyisiyle k\u00f6t\u00fcs\u00fcyle nice tanr\u0131, insan, azman yarat\u0131k, hayvan, cin, peri, ejderha, ak\u0131l almaz olaylar ve do\u011fa g\u00fc\u00e7leriyle tan\u0131\u015ft\u0131racakt\u0131r. \u015eu g\u00fcnlerde, hantal, sevgisiz ve u\u011fursuz ellerde her ne kadar tan\u0131nmaz hale getirilmi\u015f olsa da, do\u011fal ortam ana \u00e7izgileriyle ayn\u0131d\u0131r. Baz\u0131 yerler, sizin \u00fczerinde ya\u015fad\u0131\u011f\u0131n\u0131z, her g\u00fcn \u00f6n\u00fcnden ge\u00e7ti\u011finiz, ama g\u00f6remedi\u011finiz, gizlerinin i\u00e7ine s\u0131zamad\u0131\u011f\u0131n\u0131z ola\u011fan mekanlard\u0131r. \u015eimdi gecikmeli de olsa bir zamanlar onlar\u0131n da derin, mistik mitleri, ruhlar\u0131 ve dilleri oldu\u011funu ve o s\u0131radanm\u0131\u015f gibi gelen y\u0131pranm\u0131\u015f ve yavan topraklar\u0131 s\u00fcsledi\u011fini ve canland\u0131\u011f\u0131n\u0131 okuyunca, bug\u00fcne dek hangi hakla sizlerden sakland\u0131\u011f\u0131na ve unutturuldu\u011funa hayret edip kalacak, yapan ve yapt\u0131ranlar\u0131 lanetleyeceksiniz! \u015ea\u015f\u0131racaks\u0131n\u0131z, ama roman\u0131n bel kemi\u011fi ana kaynak Ullikummi Destan\u0131 olay, motif, yer, zaman, karakter ve kahraman \u00e7e\u015fitlili\u011fi ve zenginli\u011fi bak\u0131m\u0131ndan Homeros Destanlar\u0131ndan kat kat daha geni\u015ftir. As\u0131l konusu, \u015faibeli din ve onun sa\u011f kolu devletin Eski Anadolu ve Yak\u0131n Do\u011fu\u2019da ya\u015fayan kitleler aras\u0131nda yaratt\u0131\u011f\u0131, tahamm\u00fcl s\u0131n\u0131rlar\u0131n\u0131 zorlayan b\u0131kk\u0131nl\u0131k ve alik\u0131ranl\u0131k ile bunun sonucu ba\u015f g\u00f6steren dinsel ve tanr\u0131sal zorbal\u0131\u011fa ve s\u00f6m\u00fcr\u00fcye kar\u015f\u0131 d\u00fcnyan\u0131n ilk laik ayaklanmas\u0131d\u0131r. Bu a\u00e7\u0131dan anlat\u0131lanlar, insanl\u0131\u011f\u0131n sosyal, sosyalist, siyasi, psikolojik ve entelekt\u00fcel geli\u015fme s\u00fcreci \u00e7er\u00e7evesinde se\u00e7kin ve benzersiz bir konuma sahiptir. Ahmet \u00dcnal Ankara ve M\u00fcnih \u00dcniversitelerinde Eski \u00c7a\u011f Tarihi, S\u00fcmerce, Hitit\u00e7e, Asurca, Arkeoloji, Genel Dilbilim, Eski Grek\u00e7e ve Latince \u00f6\u011frenimi g\u00f6rm\u00fc\u015f ve bilimsel \u00e7al\u0131\u015fmalar\u0131n\u0131 ayn\u0131 alanlarda s\u00fcrd\u00fcrm\u00fc\u015ft\u00fcr. Doktoras\u0131n\u0131 M\u00fcnih\u2019te; do\u00e7entli\u011fini Ankara\u2019da vermi\u015f, Chicago ve M\u00fcnih\u2019te \u00f6\u011fretim g\u00f6revlili\u011fi ve s\u00f6zl\u00fck yazarl\u0131\u011f\u0131 yapm\u0131\u015f, M\u00fcnih \u00dcniversite\u2019sinde Eski Anadolu Dilleri ve Hititoloji B\u00f6l\u00fcm\u00fc ba\u015fkan\u0131 olarak \u00e7al\u0131\u015fm\u0131\u015ft\u0131r. Ara\u015ft\u0131rmalar\u0131, kat\u0131ld\u0131\u011f\u0131 arkeolojik kaz\u0131lar yan\u0131nda say\u0131s\u0131z inceleme gezileri sayesinde Anadolu\u2019yu ge\u00e7mi\u015fi ve g\u00fcn\u00fcm\u00fcz\u00fc ile \u00e7ok yak\u0131ndan tan\u0131yan \u00dcnal\u2019\u0131n \u00e7o\u011fu yabanc\u0131 dilde bas\u0131lm\u0131\u015f \u00e7ivi yaz\u0131l\u0131 metin yay\u0131nlar\u0131, s\u00f6zl\u00fck, dilbilgisi, tarih, arkeoloji, kaz\u0131 raporu, tarih\u00ee co\u011frafya, topografya, filoloji, dil ile arkeolojik veriler aras\u0131ndaki ili\u015fkiler, din tarihi, falc\u0131l\u0131k, b\u00fcy\u00fcc\u00fcl\u00fck, edebiyat, mitoloji, leksikografik ara\u015ft\u0131rmalar, sanat, kad\u0131n\u0131n konumu, krali\u00e7e Puduhepa, mutfak, m\u00fczik, dans, e\u011flence, at e\u011fitimi, Oryantalizm ve k\u00fclt\u00fcr s\u00f6m\u00fcr\u00fcs\u00fc hakk\u0131nda \u00e7ok say\u0131da ara\u015ft\u0131rma, pek \u00e7o\u011fu el kitab\u0131 niteli\u011finde kitap ve makalenin yazar\u0131d\u0131r.<\/p>\n","protected":false},"excerpt":{"rendered":"<p>Bu kitap, Eski Anadolu, Yak\u0131n Do\u011fu, Kafkasya, \u00c7in ve M\u0131s\u0131r gibi eski ve k\u00f6kl\u00fc d\u00fcnya efsanelerinin \u00f6z\u00fcne ba\u011fl\u0131 kalarak yaz\u0131lan mitolojik roman\u0131n ikinci ve son k\u0131sm\u0131d\u0131r.<span class=\"excerpt-hellip\"> [\u2026]<\/span><\/p>\n","protected":false},"featured_media":0,"template":"","meta":{"_monsterinsights_skip_tracking":false,"_monsterinsights_sitenote_active":false,"_monsterinsights_sitenote_note":"","_monsterinsights_sitenote_category":0},"product_brand":[],"product_cat":[52477,52478],"product_tag":[],"class_list":{"0":"post-751031","1":"product","2":"type-product","3":"status-publish","5":"product_cat-arastirma","6":"product_cat-arkeoloji","7":"pa_cilt-ciltli","8":"pa_tur-kitap","9":"pa_yayinevi-bilgin-kultur-sanat","10":"pa_yazar-ahmet-unal","12":"first","13":"instock","14":"sale","15":"shipping-taxable","16":"purchasable","17":"product-type-simple"},"_links":{"self":[{"href":"https:\/\/roveyayinevi.com.tr\/index.php\/wp-json\/wp\/v2\/product\/751031","targetHints":{"allow":["GET"]}}],"collection":[{"href":"https:\/\/roveyayinevi.com.tr\/index.php\/wp-json\/wp\/v2\/product"}],"about":[{"href":"https:\/\/roveyayinevi.com.tr\/index.php\/wp-json\/wp\/v2\/types\/product"}],"wp:attachment":[{"href":"https:\/\/roveyayinevi.com.tr\/index.php\/wp-json\/wp\/v2\/media?parent=751031"}],"wp:term":[{"taxonomy":"product_brand","embeddable":true,"href":"https:\/\/roveyayinevi.com.tr\/index.php\/wp-json\/wp\/v2\/product_brand?post=751031"},{"taxonomy":"product_cat","embeddable":true,"href":"https:\/\/roveyayinevi.com.tr\/index.php\/wp-json\/wp\/v2\/product_cat?post=751031"},{"taxonomy":"product_tag","embeddable":true,"href":"https:\/\/roveyayinevi.com.tr\/index.php\/wp-json\/wp\/v2\/product_tag?post=751031"}],"curies":[{"name":"wp","href":"https:\/\/api.w.org\/{rel}","templated":true}]}}