{"id":751029,"date":"2025-08-28T04:37:19","date_gmt":"2025-08-28T01:37:19","guid":{"rendered":"https:\/\/roveyayinevi.com.tr\/index.php\/urun\/dunyanin-oteki-yuzu\/"},"modified":"2026-04-16T03:04:06","modified_gmt":"2026-04-16T00:04:06","slug":"dunyanin-oteki-yuzu","status":"publish","type":"product","link":"https:\/\/roveyayinevi.com.tr\/index.php\/urun\/dunyanin-oteki-yuzu\/","title":{"rendered":"D\u00fcnyan\u0131n \u00d6teki Y\u00fcz\u00fc"},"content":{"rendered":"<p>Meltem Da\u011fc\u0131\u2019n\u0131n ilk \u00f6yk\u00fc toplam\u0131: D\u00fcnyan\u0131n \u00d6teki Y\u00fcz\u00fc.   Yetmi\u015f ya\u015f\u0131na geldi\u011finde \u00f6l\u00fcm \u015feklini se\u00e7me \u00f6zg\u00fcrl\u00fc\u011f\u00fcne kavu\u015fan kad\u0131nlar, do\u011fum yapan erkekler, ayaklanan cans\u0131z mankenler, kimlik avc\u0131lar\u0131, gen\u00e7le\u015ftiren yumurtalar, r\u00fcya g\u00f6rme merkezleri, hayal perileri&#8230; Hepsi, Meltem Da\u011fc\u0131\u2019n\u0131n, al\u0131\u015f\u0131lm\u0131\u015f\u0131n d\u0131\u015f\u0131nda bir d\u00fcnyan\u0131n hayalini kuran \u00f6yk\u00fclerinde.   \u201cOdadan \u00e7\u0131kan M\u2019yi tebrik edip karn\u0131n\u0131 ok\u015fad\u0131lar. M, b\u00fcy\u00fck karn\u0131n\u0131 g\u00f6r\u00fcnce kendini \u00e7irkin buldu ve a\u011flad\u0131. \u00c7ocuk do\u011furmak istemedi\u011fini h\u0131\u00e7k\u0131rarak s\u00f6yledi. En, bu durum kar\u015f\u0131s\u0131nda korktu. Wo ve Mun, M\u2019nin sim\u00fclasyon odas\u0131na girmesini sa\u011flad\u0131. Kurallar\u0131ndan birini ihlal etti\u011fi i\u00e7in M\u2019ye ceza verildi. S\u00f6zle\u015fme gere\u011fince tek bir canl\u0131ya d\u00f6n\u00fc\u015fme hakk\u0131 verilmi\u015fti. Denizat\u0131na. D\u00f6n\u00fc\u015f\u00fcm i\u00e7in bekleyen En, ortal\u0131kta g\u00f6r\u00fcnmedi. Kad\u0131nlar\u0131n say\u0131ca fazla olmas\u0131n\u0131 f\u0131rsat bilerek ka\u00e7m\u0131\u015ft\u0131.\u201d <\/p>\n","protected":false},"excerpt":{"rendered":"<p>Meltem Da\u011fc\u0131\u2019n\u0131n ilk \u00f6yk\u00fc toplam\u0131: D\u00fcnyan\u0131n \u00d6teki Y\u00fcz\u00fc. Yetmi\u015f ya\u015f\u0131na geldi\u011finde \u00f6l\u00fcm \u015feklini se\u00e7me \u00f6zg\u00fcrl\u00fc\u011f\u00fcne kavu\u015fan kad\u0131nlar, do\u011fum yapan erkekler, ayaklanan cans\u0131z mankenler, kimlik avc\u0131lar\u0131, gen\u00e7le\u015ftiren<span class=\"excerpt-hellip\"> [\u2026]<\/span><\/p>\n","protected":false},"featured_media":0,"template":"","meta":{"_monsterinsights_skip_tracking":false,"_monsterinsights_sitenote_active":false,"_monsterinsights_sitenote_note":"","_monsterinsights_sitenote_category":0},"product_brand":[],"product_cat":[12291,18202],"product_tag":[],"class_list":{"0":"post-751029","1":"product","2":"type-product","3":"status-publish","5":"product_cat-edebiyat","6":"product_cat-hikaye","7":"pa_cilt-ciltsiz","8":"pa_tur-kitap","9":"pa_yayinevi-ithaki-yayinlari","10":"pa_yazar-meltem-dagci","12":"first","13":"instock","14":"sale","15":"shipping-taxable","16":"purchasable","17":"product-type-simple"},"_links":{"self":[{"href":"https:\/\/roveyayinevi.com.tr\/index.php\/wp-json\/wp\/v2\/product\/751029","targetHints":{"allow":["GET"]}}],"collection":[{"href":"https:\/\/roveyayinevi.com.tr\/index.php\/wp-json\/wp\/v2\/product"}],"about":[{"href":"https:\/\/roveyayinevi.com.tr\/index.php\/wp-json\/wp\/v2\/types\/product"}],"wp:attachment":[{"href":"https:\/\/roveyayinevi.com.tr\/index.php\/wp-json\/wp\/v2\/media?parent=751029"}],"wp:term":[{"taxonomy":"product_brand","embeddable":true,"href":"https:\/\/roveyayinevi.com.tr\/index.php\/wp-json\/wp\/v2\/product_brand?post=751029"},{"taxonomy":"product_cat","embeddable":true,"href":"https:\/\/roveyayinevi.com.tr\/index.php\/wp-json\/wp\/v2\/product_cat?post=751029"},{"taxonomy":"product_tag","embeddable":true,"href":"https:\/\/roveyayinevi.com.tr\/index.php\/wp-json\/wp\/v2\/product_tag?post=751029"}],"curies":[{"name":"wp","href":"https:\/\/api.w.org\/{rel}","templated":true}]}}