{"id":751026,"date":"2025-08-28T04:37:13","date_gmt":"2025-08-28T01:37:13","guid":{"rendered":"https:\/\/roveyayinevi.com.tr\/index.php\/urun\/gudu\/"},"modified":"2026-04-16T03:04:06","modified_gmt":"2026-04-16T00:04:06","slug":"gudu","status":"publish","type":"product","link":"https:\/\/roveyayinevi.com.tr\/index.php\/urun\/gudu\/","title":{"rendered":"G\u00fcd\u00fc"},"content":{"rendered":"<p>\u201cOla\u011fan\u00fcst\u00fc bir korku roman\u0131!\u201d \u2013Josh MalermanGreenloop, g\u00fcne\u015f panellerinden enerji \u00fcretilen, biyoyak\u0131t jenerat\u00f6rleri kullan\u0131lan, Ye\u015fil Devrim\u2019in en idealist kasabalar\u0131ndan biri. \u015eehrin kalabal\u0131\u011f\u0131ndan uzakta ama her t\u00fcrl\u00fc konfora sahip. Kasabadan \u015fehre giden sadece tek bir yol var ve wi-fi veya h\u00fccresel sinyal alman\u0131n tek yolu fiber-optik bir kablo. Ancak bu \u201chuzurlu\u201d cennet tasviri bir gecede cehenneme d\u00f6n\u00fc\u015febilir.Rainier Da\u011f\u0131\u2019ndaki volkanik patlamadan k\u0131sa s\u00fcre sonra bir muhabir, Frank McCray adl\u0131 bir adamdan bir grup Kocaayak\u2019\u0131n Greenloop adl\u0131 bir kasabay\u0131 yok etti\u011fini iddia eden bir e-posta al\u0131r. Frank\u2019in k\u0131z karde\u015fi Kate Holland da kasaban\u0131n sakinlerinden biridir ve patlamadan bu yana kay\u0131pt\u0131r. Gerideyse ya\u015fananlar\u0131 anlatan bir g\u00fcnl\u00fck b\u0131rakm\u0131\u015ft\u0131r.Kate\u2019in g\u00fcnl\u00fck kay\u0131tlar\u0131ndan, olayla ilgili r\u00f6portajlardan ve makalelerden olu\u015fan G\u00fcd\u00fc, k\u0131smen bir hayatta kalma \u00f6yk\u00fcs\u00fc, k\u0131smen deh\u015fet verici bir korku hik\u00e2yesi.Kimse yard\u0131m\u0131na gelmeyecek&#8230;<\/p>\n","protected":false},"excerpt":{"rendered":"<p>\u201cOla\u011fan\u00fcst\u00fc bir korku roman\u0131!\u201d \u2013Josh MalermanGreenloop, g\u00fcne\u015f panellerinden enerji \u00fcretilen, biyoyak\u0131t jenerat\u00f6rleri kullan\u0131lan, Ye\u015fil Devrim\u2019in en idealist kasabalar\u0131ndan biri. \u015eehrin kalabal\u0131\u011f\u0131ndan uzakta ama her t\u00fcrl\u00fc konfora<span class=\"excerpt-hellip\"> [\u2026]<\/span><\/p>\n","protected":false},"featured_media":0,"template":"","meta":{"_monsterinsights_skip_tracking":false,"_monsterinsights_sitenote_active":false,"_monsterinsights_sitenote_note":"","_monsterinsights_sitenote_category":0},"product_brand":[],"product_cat":[12291,12711],"product_tag":[],"class_list":{"0":"post-751026","1":"product","2":"type-product","3":"status-publish","5":"product_cat-edebiyat","6":"product_cat-roman-oyku","7":"pa_cilt-ciltsiz","8":"pa_tur-kitap","9":"pa_yayinevi-ithaki-yayinlari","10":"pa_yazar-max-brooks","12":"first","13":"instock","14":"sale","15":"shipping-taxable","16":"purchasable","17":"product-type-simple"},"_links":{"self":[{"href":"https:\/\/roveyayinevi.com.tr\/index.php\/wp-json\/wp\/v2\/product\/751026","targetHints":{"allow":["GET"]}}],"collection":[{"href":"https:\/\/roveyayinevi.com.tr\/index.php\/wp-json\/wp\/v2\/product"}],"about":[{"href":"https:\/\/roveyayinevi.com.tr\/index.php\/wp-json\/wp\/v2\/types\/product"}],"wp:attachment":[{"href":"https:\/\/roveyayinevi.com.tr\/index.php\/wp-json\/wp\/v2\/media?parent=751026"}],"wp:term":[{"taxonomy":"product_brand","embeddable":true,"href":"https:\/\/roveyayinevi.com.tr\/index.php\/wp-json\/wp\/v2\/product_brand?post=751026"},{"taxonomy":"product_cat","embeddable":true,"href":"https:\/\/roveyayinevi.com.tr\/index.php\/wp-json\/wp\/v2\/product_cat?post=751026"},{"taxonomy":"product_tag","embeddable":true,"href":"https:\/\/roveyayinevi.com.tr\/index.php\/wp-json\/wp\/v2\/product_tag?post=751026"}],"curies":[{"name":"wp","href":"https:\/\/api.w.org\/{rel}","templated":true}]}}