{"id":751025,"date":"2025-08-28T04:37:11","date_gmt":"2025-08-28T01:37:11","guid":{"rendered":"https:\/\/roveyayinevi.com.tr\/index.php\/urun\/uzaklarda-cok-uzaklarda\/"},"modified":"2026-04-16T03:04:06","modified_gmt":"2026-04-16T00:04:06","slug":"uzaklarda-cok-uzaklarda","status":"publish","type":"product","link":"https:\/\/roveyayinevi.com.tr\/index.php\/urun\/uzaklarda-cok-uzaklarda\/","title":{"rendered":"Uzaklarda \u00c7ok Uzaklarda"},"content":{"rendered":"<p>So\u011fu\u011fu iliklerime kadar hissetmek istiyorum. R\u00fczgar\u0131n dallar\u0131 e\u011fdi\u011fi, Y\u0131ld\u0131zlar\u0131n titredi\u011fi bir gecede, Sular buz kesmi\u015f, Evlerin \u00e7at\u0131lar\u0131nda sark\u0131tlar, \u00dc\u015f\u00fcmek istiyorum. Belki de donup \u00f6lmek. Karanl\u0131\u011f\u0131n i\u00e7inde yava\u015f ad\u0131mlarla y\u00fcr\u00fcyorum. Nas\u0131l y\u00fcr\u00fcd\u00fc\u011f\u00fcme \u015fa\u015f\u0131yorum. Uzaklarda vah\u015fi hayvan sesleri, R\u00fczgar\u0131n sesine kar\u0131\u015f\u0131yor, Korkuyorum. Duruyorum, d\u00fc\u015f\u00fcn\u00fcyorum. Beni ayakta tutan, Beni \u0131s\u0131tan, korkular\u0131ma gem vuran, Y\u00fcre\u011findeki sevgi. Sana olan \u00f6zlemim&#8230;<\/p>\n","protected":false},"excerpt":{"rendered":"<p>So\u011fu\u011fu iliklerime kadar hissetmek istiyorum. R\u00fczgar\u0131n dallar\u0131 e\u011fdi\u011fi, Y\u0131ld\u0131zlar\u0131n titredi\u011fi bir gecede, Sular buz kesmi\u015f, Evlerin \u00e7at\u0131lar\u0131nda sark\u0131tlar, \u00dc\u015f\u00fcmek istiyorum. Belki de donup \u00f6lmek. Karanl\u0131\u011f\u0131n i\u00e7inde<span class=\"excerpt-hellip\"> [\u2026]<\/span><\/p>\n","protected":false},"featured_media":0,"template":"","meta":{"_monsterinsights_skip_tracking":false,"_monsterinsights_sitenote_active":false,"_monsterinsights_sitenote_note":"","_monsterinsights_sitenote_category":0},"product_brand":[],"product_cat":[12291,12509],"product_tag":[],"class_list":{"0":"post-751025","1":"product","2":"type-product","3":"status-publish","5":"product_cat-edebiyat","6":"product_cat-siir","7":"pa_cilt-ciltsiz","8":"pa_tur-kitap","9":"pa_yayinevi-platanus-publishing","10":"pa_yazar-umit-oguz","12":"first","13":"instock","14":"sale","15":"shipping-taxable","16":"purchasable","17":"product-type-simple"},"_links":{"self":[{"href":"https:\/\/roveyayinevi.com.tr\/index.php\/wp-json\/wp\/v2\/product\/751025","targetHints":{"allow":["GET"]}}],"collection":[{"href":"https:\/\/roveyayinevi.com.tr\/index.php\/wp-json\/wp\/v2\/product"}],"about":[{"href":"https:\/\/roveyayinevi.com.tr\/index.php\/wp-json\/wp\/v2\/types\/product"}],"wp:attachment":[{"href":"https:\/\/roveyayinevi.com.tr\/index.php\/wp-json\/wp\/v2\/media?parent=751025"}],"wp:term":[{"taxonomy":"product_brand","embeddable":true,"href":"https:\/\/roveyayinevi.com.tr\/index.php\/wp-json\/wp\/v2\/product_brand?post=751025"},{"taxonomy":"product_cat","embeddable":true,"href":"https:\/\/roveyayinevi.com.tr\/index.php\/wp-json\/wp\/v2\/product_cat?post=751025"},{"taxonomy":"product_tag","embeddable":true,"href":"https:\/\/roveyayinevi.com.tr\/index.php\/wp-json\/wp\/v2\/product_tag?post=751025"}],"curies":[{"name":"wp","href":"https:\/\/api.w.org\/{rel}","templated":true}]}}