{"id":751024,"date":"2025-08-28T04:37:09","date_gmt":"2025-08-28T01:37:09","guid":{"rendered":"https:\/\/roveyayinevi.com.tr\/index.php\/urun\/elvedasiz-gidisler\/"},"modified":"2026-04-16T03:04:06","modified_gmt":"2026-04-16T00:04:06","slug":"elvedasiz-gidisler","status":"publish","type":"product","link":"https:\/\/roveyayinevi.com.tr\/index.php\/urun\/elvedasiz-gidisler\/","title":{"rendered":"Elvedas\u0131z Gidi\u015fler"},"content":{"rendered":"<p>Elvedas\u0131z, ad\u0131mlars\u0131z, biraz da zamans\u0131z gidi\u015fleri vard\u0131r insan\u0131n. Sevdi\u011finden, e\u015finden ama en \u00e7ok da kendinden. Geriye samimiyeti yabanc\u0131 sevdalardan iki dudak kenar\u0131 g\u00fcl\u00fcmsemeler kal\u0131r bazen, Bir de kolu baca\u011f\u0131 k\u0131r\u0131lm\u0131\u015f c\u00fcmleler. &#8220;Sahi neydi en \u00e7ok ac\u0131tan?&#8221; derken cevab\u0131n\u0131 b\u00f6yle sunmu\u015ftu hayat; Bir yan\u0131m yorgun yabanc\u0131, bir yan\u0131m elvedas\u0131z gidi\u015fler<\/p>\n","protected":false},"excerpt":{"rendered":"<p>Elvedas\u0131z, ad\u0131mlars\u0131z, biraz da zamans\u0131z gidi\u015fleri vard\u0131r insan\u0131n. Sevdi\u011finden, e\u015finden ama en \u00e7ok da kendinden. Geriye samimiyeti yabanc\u0131 sevdalardan iki dudak kenar\u0131 g\u00fcl\u00fcmsemeler kal\u0131r bazen, Bir<span class=\"excerpt-hellip\"> [\u2026]<\/span><\/p>\n","protected":false},"featured_media":0,"template":"","meta":{"_monsterinsights_skip_tracking":false,"_monsterinsights_sitenote_active":false,"_monsterinsights_sitenote_note":"","_monsterinsights_sitenote_category":0},"product_brand":[],"product_cat":[12777,12291],"product_tag":[],"class_list":{"0":"post-751024","1":"product","2":"type-product","3":"status-publish","5":"product_cat-deneme","6":"product_cat-edebiyat","7":"pa_cilt-ciltsiz","8":"pa_tur-kitap","9":"pa_yayinevi-platanus-publishing","10":"pa_yazar-eshqin-agazade","12":"first","13":"instock","14":"sale","15":"shipping-taxable","16":"purchasable","17":"product-type-simple"},"_links":{"self":[{"href":"https:\/\/roveyayinevi.com.tr\/index.php\/wp-json\/wp\/v2\/product\/751024","targetHints":{"allow":["GET"]}}],"collection":[{"href":"https:\/\/roveyayinevi.com.tr\/index.php\/wp-json\/wp\/v2\/product"}],"about":[{"href":"https:\/\/roveyayinevi.com.tr\/index.php\/wp-json\/wp\/v2\/types\/product"}],"wp:attachment":[{"href":"https:\/\/roveyayinevi.com.tr\/index.php\/wp-json\/wp\/v2\/media?parent=751024"}],"wp:term":[{"taxonomy":"product_brand","embeddable":true,"href":"https:\/\/roveyayinevi.com.tr\/index.php\/wp-json\/wp\/v2\/product_brand?post=751024"},{"taxonomy":"product_cat","embeddable":true,"href":"https:\/\/roveyayinevi.com.tr\/index.php\/wp-json\/wp\/v2\/product_cat?post=751024"},{"taxonomy":"product_tag","embeddable":true,"href":"https:\/\/roveyayinevi.com.tr\/index.php\/wp-json\/wp\/v2\/product_tag?post=751024"}],"curies":[{"name":"wp","href":"https:\/\/api.w.org\/{rel}","templated":true}]}}