{"id":751022,"date":"2025-08-28T04:37:05","date_gmt":"2025-08-28T01:37:05","guid":{"rendered":"https:\/\/roveyayinevi.com.tr\/index.php\/urun\/ussaki-mursidleri-ve-yolu\/"},"modified":"2026-04-16T03:04:06","modified_gmt":"2026-04-16T00:04:06","slug":"ussaki-mursidleri-ve-yolu","status":"publish","type":"product","link":"https:\/\/roveyayinevi.com.tr\/index.php\/urun\/ussaki-mursidleri-ve-yolu\/","title":{"rendered":"U\u015f\u015faki M\u00fcr\u015fidleri ve Yolu"},"content":{"rendered":"<p>Elinizde tuttu\u011funuz bu eser U\u015f\u015faki M\u00fcr\u015fidlerinden Seyid Ali Efendi\u2019nin, silsilesindeki U\u015f\u015faki B\u00fcy\u00fcklerinin tasavvuf yolculuklar\u0131ndan kesitler ve U\u015f\u015faki Yolundaki zikir  derslerini i\u00e7ermektedir. U\u015f\u015faki M\u00fcr\u015fidlerinden Seyid Ali Efendi\u2019nin tasavvuf yolculu\u011funa ba\u015flarken, \u201c&#8230;.. R\u00fcya ve uyan\u0131kl\u0131k aras\u0131 yakaza halinde; \u201cYa Ali Kula\u2019ya gel!\u201d diye bir davet al\u0131r. \u00d6yle ki bu ses tam yedi defa tekrarlan\u0131r. \u201cKula denilen yer neresi, nas\u0131l gidilir, onu \u00e7a\u011f\u0131ran kim?\u201d gibi akl\u0131ndaki sorularla Bal\u0131kesir\u2019e gelir. Merkez\u2019deki Za\u011fnos Pa\u015fa Cami&#8217;nin civar\u0131nda dola\u015f\u0131rken S\u0131rr\u0131 S\u00fcleyman Hz. ile tan\u0131\u015f\u0131r&#8230;.\u201d \u0130\u015fte bu yolcu\u011fun sonucunda Kamil M\u00fcr\u015fid olup kendisi de ir\u015fad etmeye ba\u015flar. A\u015fk\u0131n yolculu\u011funa talip talebelerin yan\u0131 s\u0131ra, U\u015f\u015faki Yolu\u2019nu merak eden okurlara da rehber olmas\u0131 ad\u0131na kaleme al\u0131nan bu kitab\u0131n hay\u0131rlara vesile olmas\u0131 temennisiyle\u2026<\/p>\n","protected":false},"excerpt":{"rendered":"<p>Elinizde tuttu\u011funuz bu eser U\u015f\u015faki M\u00fcr\u015fidlerinden Seyid Ali Efendi\u2019nin, silsilesindeki U\u015f\u015faki B\u00fcy\u00fcklerinin tasavvuf yolculuklar\u0131ndan kesitler ve U\u015f\u015faki Yolundaki zikir derslerini i\u00e7ermektedir. U\u015f\u015faki M\u00fcr\u015fidlerinden Seyid Ali Efendi\u2019nin<span class=\"excerpt-hellip\"> [\u2026]<\/span><\/p>\n","protected":false},"featured_media":0,"template":"","meta":{"_monsterinsights_skip_tracking":false,"_monsterinsights_sitenote_active":false,"_monsterinsights_sitenote_note":"","_monsterinsights_sitenote_category":0},"product_brand":[],"product_cat":[12777,12291],"product_tag":[],"class_list":{"0":"post-751022","1":"product","2":"type-product","3":"status-publish","5":"product_cat-deneme","6":"product_cat-edebiyat","7":"pa_cilt-ciltsiz","8":"pa_tur-kitap","9":"pa_yayinevi-platanus-publishing","10":"pa_yazar-secil-yilmaz-eser","12":"first","13":"instock","14":"sale","15":"shipping-taxable","16":"purchasable","17":"product-type-simple"},"_links":{"self":[{"href":"https:\/\/roveyayinevi.com.tr\/index.php\/wp-json\/wp\/v2\/product\/751022","targetHints":{"allow":["GET"]}}],"collection":[{"href":"https:\/\/roveyayinevi.com.tr\/index.php\/wp-json\/wp\/v2\/product"}],"about":[{"href":"https:\/\/roveyayinevi.com.tr\/index.php\/wp-json\/wp\/v2\/types\/product"}],"wp:attachment":[{"href":"https:\/\/roveyayinevi.com.tr\/index.php\/wp-json\/wp\/v2\/media?parent=751022"}],"wp:term":[{"taxonomy":"product_brand","embeddable":true,"href":"https:\/\/roveyayinevi.com.tr\/index.php\/wp-json\/wp\/v2\/product_brand?post=751022"},{"taxonomy":"product_cat","embeddable":true,"href":"https:\/\/roveyayinevi.com.tr\/index.php\/wp-json\/wp\/v2\/product_cat?post=751022"},{"taxonomy":"product_tag","embeddable":true,"href":"https:\/\/roveyayinevi.com.tr\/index.php\/wp-json\/wp\/v2\/product_tag?post=751022"}],"curies":[{"name":"wp","href":"https:\/\/api.w.org\/{rel}","templated":true}]}}