{"id":751018,"date":"2025-08-28T04:37:00","date_gmt":"2025-08-28T01:37:00","guid":{"rendered":"https:\/\/roveyayinevi.com.tr\/index.php\/urun\/alice-in-wonderland-3\/"},"modified":"2026-04-16T03:04:05","modified_gmt":"2026-04-16T00:04:05","slug":"alice-in-wonderland-3","status":"publish","type":"product","link":"https:\/\/roveyayinevi.com.tr\/index.php\/urun\/alice-in-wonderland-3\/","title":{"rendered":"Alice in Wonderland"},"content":{"rendered":"<p>Bu kitapta, d\u00fcnyaca \u00fcnl\u00fc eser Alice in Wonderland\u2019in k\u0131salt\u0131lm\u0131\u015f ve sadele\u015ftirilmi\u015f uyarlamas\u0131yla, \u00f6zg\u00fcn dilinde bulu\u015facak, \u0130ngilizce okuma ve anlama becerilerini geli\u015ftireceksin. Hik\u00e2yeye e\u015flik eden soru ve al\u0131\u015ft\u0131rmalar da \u00f6\u011frenme deneyimini renklendirecek. <\/p>\n","protected":false},"excerpt":{"rendered":"<p>Bu kitapta, d\u00fcnyaca \u00fcnl\u00fc eser Alice in Wonderland\u2019in k\u0131salt\u0131lm\u0131\u015f ve sadele\u015ftirilmi\u015f uyarlamas\u0131yla, \u00f6zg\u00fcn dilinde bulu\u015facak, \u0130ngilizce okuma ve anlama becerilerini geli\u015ftireceksin. Hik\u00e2yeye e\u015flik eden soru ve<span class=\"excerpt-hellip\"> [\u2026]<\/span><\/p>\n","protected":false},"featured_media":0,"template":"","meta":{"_monsterinsights_skip_tracking":false,"_monsterinsights_sitenote_active":false,"_monsterinsights_sitenote_note":"","_monsterinsights_sitenote_category":0},"product_brand":[],"product_cat":[12274,12518],"product_tag":[],"class_list":{"0":"post-751018","1":"product","2":"type-product","3":"status-publish","5":"product_cat-cocuk-ve-genclik-kitaplari","6":"product_cat-okul-oncesi-kitaplar","7":"pa_cilt-ciltsiz","8":"pa_tur-kitap","9":"pa_yayinevi-is-bankasi-kultur-yayinlari","10":"pa_yazar-lewis-carroll","12":"first","13":"instock","14":"sale","15":"shipping-taxable","16":"purchasable","17":"product-type-simple"},"_links":{"self":[{"href":"https:\/\/roveyayinevi.com.tr\/index.php\/wp-json\/wp\/v2\/product\/751018","targetHints":{"allow":["GET"]}}],"collection":[{"href":"https:\/\/roveyayinevi.com.tr\/index.php\/wp-json\/wp\/v2\/product"}],"about":[{"href":"https:\/\/roveyayinevi.com.tr\/index.php\/wp-json\/wp\/v2\/types\/product"}],"wp:attachment":[{"href":"https:\/\/roveyayinevi.com.tr\/index.php\/wp-json\/wp\/v2\/media?parent=751018"}],"wp:term":[{"taxonomy":"product_brand","embeddable":true,"href":"https:\/\/roveyayinevi.com.tr\/index.php\/wp-json\/wp\/v2\/product_brand?post=751018"},{"taxonomy":"product_cat","embeddable":true,"href":"https:\/\/roveyayinevi.com.tr\/index.php\/wp-json\/wp\/v2\/product_cat?post=751018"},{"taxonomy":"product_tag","embeddable":true,"href":"https:\/\/roveyayinevi.com.tr\/index.php\/wp-json\/wp\/v2\/product_tag?post=751018"}],"curies":[{"name":"wp","href":"https:\/\/api.w.org\/{rel}","templated":true}]}}