{"id":751011,"date":"2025-08-28T04:36:50","date_gmt":"2025-08-28T01:36:50","guid":{"rendered":"https:\/\/roveyayinevi.com.tr\/index.php\/urun\/kerr\/"},"modified":"2026-04-16T03:04:05","modified_gmt":"2026-04-16T00:04:05","slug":"kerr","status":"publish","type":"product","link":"https:\/\/roveyayinevi.com.tr\/index.php\/urun\/kerr\/","title":{"rendered":"Kerr"},"content":{"rendered":"<p>Bu garip, her \u015feyin birbirinin i\u00e7ine girdi\u011fi memlekette, olabilecek b\u00fct\u00fcn ihtimallerden daha fazla ihtimalin bulundu\u011fu, her \u015feyin m\u00fcphem, her \u015feyin her \u015feyde m\u00fcndemi\u00e7 oldu\u011fu memlekette, her ipin ucunun bir ba\u015fka ipe ba\u011fl\u0131 oldu\u011fu, her ipin ikiden fazla ucu oldu\u011fu, olan bitene m\u00e2n\u00e2 arayanlar\u0131n bi\u00e7are kald\u0131\u011f\u0131 bu memlekette, kimsenin kendisi olmad\u0131\u011f\u0131, herkesin ba\u015fkas\u0131 oldu\u011fu bu memlekette Cezmi Kara\u2019n\u0131n tuhaf kaderinin de\u011fi\u015fmemesini asla anlayam\u0131yorum. Cezmi Kara, babas\u0131n\u0131 defnetmek i\u00e7in uzun y\u0131llar sonra \u00e7ocuklu\u011funun ge\u00e7ti\u011fi kente gelir.Tam t\u00fcm i\u015flerini bitirmi\u015f \u0130stanbul\u2019a d\u00f6necekken tren gar\u0131nda i\u015flenen bir cinayete \u015fahit olur. Gitmekten vazge\u00e7er, daha do\u011frusu ya\u015fananlar gitmemesi i\u00e7in t\u00fcm ortam\u0131 yarat\u0131r.Kendini hi\u00e7bir \u015fekilde anlayamad\u0131\u011f\u0131 birtak\u0131m olaylar\u0131n ortas\u0131nda bulur ve hik\u00e2ye ba\u015flar.Tayfun Pirselimo\u011flu, Kerr\u2019de s\u0131rlarla \u00f6r\u00fcl\u00fc bir atmosfer yarat\u0131rken bir taraftan da memleketin faili me\u00e7hullerle, katliamlarla, haks\u0131zl\u0131klarla dolu ge\u00e7mi\u015fi \u00fczerine d\u00fc\u015f\u00fcnd\u00fcr\u00fcyor.<\/p>\n","protected":false},"excerpt":{"rendered":"<p>Bu garip, her \u015feyin birbirinin i\u00e7ine girdi\u011fi memlekette, olabilecek b\u00fct\u00fcn ihtimallerden daha fazla ihtimalin bulundu\u011fu, her \u015feyin m\u00fcphem, her \u015feyin her \u015feyde m\u00fcndemi\u00e7 oldu\u011fu memlekette, her<span class=\"excerpt-hellip\"> [\u2026]<\/span><\/p>\n","protected":false},"featured_media":0,"template":"","meta":{"_monsterinsights_skip_tracking":false,"_monsterinsights_sitenote_active":false,"_monsterinsights_sitenote_note":"","_monsterinsights_sitenote_category":0},"product_brand":[],"product_cat":[12291,12711],"product_tag":[],"class_list":{"0":"post-751011","1":"product","2":"type-product","3":"status-publish","5":"product_cat-edebiyat","6":"product_cat-roman-oyku","7":"pa_cilt-ciltsiz","8":"pa_tur-kitap","9":"pa_yayinevi-iletisim-yayinlari","10":"pa_yazar-tayfun-pirselimoglu","12":"first","13":"instock","14":"sale","15":"shipping-taxable","16":"purchasable","17":"product-type-simple"},"_links":{"self":[{"href":"https:\/\/roveyayinevi.com.tr\/index.php\/wp-json\/wp\/v2\/product\/751011","targetHints":{"allow":["GET"]}}],"collection":[{"href":"https:\/\/roveyayinevi.com.tr\/index.php\/wp-json\/wp\/v2\/product"}],"about":[{"href":"https:\/\/roveyayinevi.com.tr\/index.php\/wp-json\/wp\/v2\/types\/product"}],"wp:attachment":[{"href":"https:\/\/roveyayinevi.com.tr\/index.php\/wp-json\/wp\/v2\/media?parent=751011"}],"wp:term":[{"taxonomy":"product_brand","embeddable":true,"href":"https:\/\/roveyayinevi.com.tr\/index.php\/wp-json\/wp\/v2\/product_brand?post=751011"},{"taxonomy":"product_cat","embeddable":true,"href":"https:\/\/roveyayinevi.com.tr\/index.php\/wp-json\/wp\/v2\/product_cat?post=751011"},{"taxonomy":"product_tag","embeddable":true,"href":"https:\/\/roveyayinevi.com.tr\/index.php\/wp-json\/wp\/v2\/product_tag?post=751011"}],"curies":[{"name":"wp","href":"https:\/\/api.w.org\/{rel}","templated":true}]}}