{"id":751009,"date":"2025-08-28T04:36:47","date_gmt":"2025-08-28T01:36:47","guid":{"rendered":"https:\/\/roveyayinevi.com.tr\/index.php\/urun\/yesilin-gucu-eko-parti-almanyayi-nasil-degistirecek\/"},"modified":"2026-04-16T03:04:05","modified_gmt":"2026-04-16T00:04:05","slug":"yesilin-gucu-eko-parti-almanyayi-nasil-degistirecek","status":"publish","type":"product","link":"https:\/\/roveyayinevi.com.tr\/index.php\/urun\/yesilin-gucu-eko-parti-almanyayi-nasil-degistirecek\/","title":{"rendered":"Ye\u015filin G\u00fcc\u00fc: Eko-Parti Almanya\u2019y\u0131 Nas\u0131l De\u011fi\u015ftirecek?"},"content":{"rendered":"<p>Ulrich Schulte, bu kitab\u0131nda Alman Ye\u015filler Partisi\u2019ni anlat\u0131yor. Nereden kalk\u0131p nereye geldiler? Schulte, bu ama\u00e7la onlarca y\u0131l, y\u00fczlerce g\u00f6r\u00fc\u015fme yapt\u0131, say\u0131s\u0131z parti toplant\u0131s\u0131na kat\u0131ld\u0131, b\u00fct\u00fcn liderlerle birebir g\u00f6r\u00fc\u015ft\u00fc ve onlar\u0131n \u00e7al\u0131\u015fmalar\u0131nda bulundu. B\u00f6ylece sadece i\u015fin g\u00f6r\u00fcnen y\u00fcz\u00fcn\u00fc de\u011fil, arka plan\u0131n\u0131 da g\u00f6zlemleme ve yazma \u015fans\u0131 elde etti. Bu kitap Ye\u015fillere \u00f6vg\u00fc kitab\u0131 de\u011fil. Y\u0131llar i\u00e7inde de\u011fi\u015fen politikalar aktar\u0131l\u0131p ele\u015ftiriliyor, partinin merkeze kaymas\u0131 de\u011ferlendiriliyor. Ayr\u0131ca Ye\u015filler d\u0131\u015f\u0131ndan, \u00f6rne\u011fin Friday For Future gibi kurulu\u015flardan aktivistlerin ele\u015ftirel g\u00f6r\u00fc\u015fleri aktar\u0131l\u0131yor. Sadece Almanya\u2019da de\u011fil, kuruldu\u011fu her \u00fclkede, y\u0131ldan y\u0131la b\u00fcy\u00fcyen ve oylar\u0131n\u0131 art\u0131ran Ye\u015filler nas\u0131l bir politika izliyor, oylar\u0131 artt\u0131k\u00e7a merkeze mi kay\u0131yor, gelecek i\u00e7in bir umut mu yoksa bir hayal k\u0131r\u0131kl\u0131\u011f\u0131 m\u0131? Ulrich Schulte, Ye\u015filin G\u00fcc\u00fc\u2019nde bir gazeteci ustal\u0131\u011f\u0131 ve ele\u015ftirel bakma yetene\u011fiyle bize m\u00fckemmel bir resim sunuyor. Sonu\u00e7 sadece Ye\u015filler i\u00e7in de\u011fil, b\u00fct\u00fcn partiler i\u00e7in \u00f6\u011fretici ve anlaml\u0131. \u00c7\u00fcnk\u00fc \u00e7\u0131kar\u0131lacak dersler gelece\u011fin politikas\u0131n\u0131 belirliyor, bug\u00fcn\u00fc de\u011fil\u2026 <\/p>\n","protected":false},"excerpt":{"rendered":"<p>Ulrich Schulte, bu kitab\u0131nda Alman Ye\u015filler Partisi\u2019ni anlat\u0131yor. Nereden kalk\u0131p nereye geldiler? Schulte, bu ama\u00e7la onlarca y\u0131l, y\u00fczlerce g\u00f6r\u00fc\u015fme yapt\u0131, say\u0131s\u0131z parti toplant\u0131s\u0131na kat\u0131ld\u0131, b\u00fct\u00fcn liderlerle<span class=\"excerpt-hellip\"> [\u2026]<\/span><\/p>\n","protected":false},"featured_media":0,"template":"","meta":{"_monsterinsights_skip_tracking":false,"_monsterinsights_sitenote_active":false,"_monsterinsights_sitenote_note":"","_monsterinsights_sitenote_category":0},"product_brand":[],"product_cat":[23323,12364],"product_tag":[],"class_list":{"0":"post-751009","1":"product","2":"type-product","3":"status-publish","5":"product_cat-ekoloji","6":"product_cat-genel-konular","7":"pa_cilt-ciltsiz","8":"pa_tur-kitap","9":"pa_yayinevi-yeni-insan-yayinlari","10":"pa_yazar-ulrich-schulte","12":"first","13":"instock","14":"sale","15":"shipping-taxable","16":"purchasable","17":"product-type-simple"},"_links":{"self":[{"href":"https:\/\/roveyayinevi.com.tr\/index.php\/wp-json\/wp\/v2\/product\/751009","targetHints":{"allow":["GET"]}}],"collection":[{"href":"https:\/\/roveyayinevi.com.tr\/index.php\/wp-json\/wp\/v2\/product"}],"about":[{"href":"https:\/\/roveyayinevi.com.tr\/index.php\/wp-json\/wp\/v2\/types\/product"}],"wp:attachment":[{"href":"https:\/\/roveyayinevi.com.tr\/index.php\/wp-json\/wp\/v2\/media?parent=751009"}],"wp:term":[{"taxonomy":"product_brand","embeddable":true,"href":"https:\/\/roveyayinevi.com.tr\/index.php\/wp-json\/wp\/v2\/product_brand?post=751009"},{"taxonomy":"product_cat","embeddable":true,"href":"https:\/\/roveyayinevi.com.tr\/index.php\/wp-json\/wp\/v2\/product_cat?post=751009"},{"taxonomy":"product_tag","embeddable":true,"href":"https:\/\/roveyayinevi.com.tr\/index.php\/wp-json\/wp\/v2\/product_tag?post=751009"}],"curies":[{"name":"wp","href":"https:\/\/api.w.org\/{rel}","templated":true}]}}