{"id":751007,"date":"2025-08-28T04:36:44","date_gmt":"2025-08-28T01:36:44","guid":{"rendered":"https:\/\/roveyayinevi.com.tr\/index.php\/urun\/ucuncu-doga\/"},"modified":"2026-04-16T03:04:05","modified_gmt":"2026-04-16T00:04:05","slug":"ucuncu-doga","status":"publish","type":"product","link":"https:\/\/roveyayinevi.com.tr\/index.php\/urun\/ucuncu-doga\/","title":{"rendered":"\u00dc\u00e7\u00fcnc\u00fc Do\u011fa"},"content":{"rendered":"<p>Bug\u00fcn d\u00fcnyan\u0131n hemen hemen her k\u00f6\u015fesinde a\u011f\u0131r bir sald\u0131r\u0131 var. Bu sald\u0131r\u0131 eme\u011fe, kad\u0131na, do\u011faya ve hayvanlara yap\u0131l\u0131yor. \u00c7ok ac\u0131l\u0131 bir bi\u00e7imde yap\u0131lmas\u0131na ra\u011fmen, bu sald\u0131r\u0131, bilboardlara en g\u00fczel ve en yalan resimlerle saklan\u0131yor. \u0130\u015fte bu nedenle ekoloji m\u00fccadelesi antikapitalist bir m\u00fccadeledir. Ekolojistler g\u00fcn\u00fcm\u00fcz\u00fcn en \u00f6nde gelen ya\u015fam savunucular\u0131d\u0131r. Tekil olarak bakt\u0131\u011f\u0131nda bir orman\u0131, bir vadiyi, bir hayvan\u0131, bir g\u00f6l\u00fc savurur gibi g\u00f6z\u00fck\u00fcrler oysa asl\u0131nda topyek\u00fcn ya\u015fam\u0131 savunurlar.   \u00dc\u00e7\u00fcnc\u00fc Do\u011fa; y\u0131llard\u0131r ekoloji m\u00fccadelesi veren G\u00fcner Yanl\u0131\u00e7&#8217;\u0131n k\u0131sa, \u00f6z ve b\u00fct\u00fcnc\u00fcl bir savunu metnidir. Dayat\u0131lan neoliberal sistemin bir foto\u011fraf\u0131n\u0131 \u00e7eker. \u015eimdiki an&#8217;\u0131 dondurup, resimdeki yalan\u0131n arkas\u0131ndaki \u00e7irkinli\u011fi ve s\u00f6m\u00fcr\u00fcy\u00fc g\u00f6sterir. G\u00f6steri toplumunun yerine toplumsal ekolojinin ipu\u00e7lar\u0131n\u0131 verir. Gelece\u011fin toplumuna ayna tutar. <\/p>\n","protected":false},"excerpt":{"rendered":"<p>Bug\u00fcn d\u00fcnyan\u0131n hemen hemen her k\u00f6\u015fesinde a\u011f\u0131r bir sald\u0131r\u0131 var. Bu sald\u0131r\u0131 eme\u011fe, kad\u0131na, do\u011faya ve hayvanlara yap\u0131l\u0131yor. \u00c7ok ac\u0131l\u0131 bir bi\u00e7imde yap\u0131lmas\u0131na ra\u011fmen, bu sald\u0131r\u0131,<span class=\"excerpt-hellip\"> [\u2026]<\/span><\/p>\n","protected":false},"featured_media":0,"template":"","meta":{"_monsterinsights_skip_tracking":false,"_monsterinsights_sitenote_active":false,"_monsterinsights_sitenote_note":"","_monsterinsights_sitenote_category":0},"product_brand":[],"product_cat":[23323,12364],"product_tag":[],"class_list":{"0":"post-751007","1":"product","2":"type-product","3":"status-publish","5":"product_cat-ekoloji","6":"product_cat-genel-konular","7":"pa_cilt-ciltsiz","8":"pa_tur-kitap","9":"pa_yayinevi-yeni-insan-yayinlari","10":"pa_yazar-guner-yanlic","12":"first","13":"instock","14":"sale","15":"shipping-taxable","16":"purchasable","17":"product-type-simple"},"_links":{"self":[{"href":"https:\/\/roveyayinevi.com.tr\/index.php\/wp-json\/wp\/v2\/product\/751007","targetHints":{"allow":["GET"]}}],"collection":[{"href":"https:\/\/roveyayinevi.com.tr\/index.php\/wp-json\/wp\/v2\/product"}],"about":[{"href":"https:\/\/roveyayinevi.com.tr\/index.php\/wp-json\/wp\/v2\/types\/product"}],"wp:attachment":[{"href":"https:\/\/roveyayinevi.com.tr\/index.php\/wp-json\/wp\/v2\/media?parent=751007"}],"wp:term":[{"taxonomy":"product_brand","embeddable":true,"href":"https:\/\/roveyayinevi.com.tr\/index.php\/wp-json\/wp\/v2\/product_brand?post=751007"},{"taxonomy":"product_cat","embeddable":true,"href":"https:\/\/roveyayinevi.com.tr\/index.php\/wp-json\/wp\/v2\/product_cat?post=751007"},{"taxonomy":"product_tag","embeddable":true,"href":"https:\/\/roveyayinevi.com.tr\/index.php\/wp-json\/wp\/v2\/product_tag?post=751007"}],"curies":[{"name":"wp","href":"https:\/\/api.w.org\/{rel}","templated":true}]}}