{"id":751004,"date":"2025-08-28T04:36:40","date_gmt":"2025-08-28T01:36:40","guid":{"rendered":"https:\/\/roveyayinevi.com.tr\/index.php\/urun\/yer-temelli-egitim\/"},"modified":"2026-04-07T03:08:36","modified_gmt":"2026-04-07T00:08:36","slug":"yer-temelli-egitim","status":"publish","type":"product","link":"https:\/\/roveyayinevi.com.tr\/index.php\/urun\/yer-temelli-egitim\/","title":{"rendered":"Yer Temelli E\u011fitim"},"content":{"rendered":"<p>Bir \u00e7ar\u015famba sabah\u0131, saat 9.00\u2019da, mahalledeki okulun koridorlar\u0131nda gezinirken bir \u015feylerin tuhaf oldu\u011funu fark ediyorsunuz. \u00c7o\u011fu s\u0131n\u0131f\u0131n bo\u015f oldu\u011funu, \u00f6\u011frencilerin p\u0131r\u0131l p\u0131r\u0131l parlayan suratlar\u0131yla yerlerinde olmad\u0131klar\u0131n\u0131 g\u00f6r\u00fcyorsunuz. Peki neredeler?   Bak\u0131\u015flar\u0131n\u0131z\u0131 okul duvarlar\u0131n\u0131n \u00f6tesine, d\u0131\u015far\u0131daki hayata \u00e7evirirseniz \u00f6\u011frencileri orada bulabilirsiniz. \u015eehrin a\u011fa\u00e7l\u0131k alan\u0131nda bir ormanc\u0131, onuncu s\u0131n\u0131flara yakla\u015fan seyreltme projesi i\u00e7in hangi a\u011fa\u00e7lar\u0131n i\u015faretlenmesi gerekti\u011fini \u00f6\u011fretiyor. A\u015fa\u011f\u0131 mahallede bir grup ortaokul \u00f6\u011frencisi b\u00f6lgedeki nehirden, suya yeniden kazand\u0131r\u0131lan alabal\u0131klara yetecek kadar \u00e7\u00f6z\u00fcnm\u00fc\u015f oksijen olup olmad\u0131\u011f\u0131n\u0131 saptamak i\u00e7in numune al\u0131yor. D\u0131\u015far\u0131da, okul bah\u00e7esinde baz\u0131 \u00e7ocuklar banklara oturmu\u015f \u015fiirler yazarken ba\u015fka bir grup da okul bah\u00e7esini d\u00fczenlerken kullan\u0131lacak haritay\u0131 \u00e7\u0131karmak i\u00e7in bir peyzaj mimar\u0131 ve matematik \u00f6\u011fretmeniyle \u00e7al\u0131\u015f\u0131yor. \u0130\u00e7eride, dolu s\u0131n\u0131flardan birinde sekizinci s\u0131n\u0131flar, semtlerine yeni g\u00f6\u00e7en Afganlar\u0131n tarihini \u00f6\u011fretmek i\u00e7in ikinci s\u0131n\u0131flarla \u00e7al\u0131\u015f\u0131yor. Yemekhanede ise, \u015fehrin kat\u0131 at\u0131k yetkilisi, geri d\u00f6n\u00fc\u015f\u00fcm ve kompost program\u0131n\u0131 tasarlamalar\u0131na yard\u0131mc\u0131 olmak i\u00e7in bir grup be\u015finci s\u0131n\u0131f \u00f6\u011frencisiyle ve yemekhane \u00e7al\u0131\u015fanlar\u0131yla fikir al\u0131\u015fveri\u015finde bulunuyor. Hay\u0131r, bu p\u0131r\u0131l p\u0131r\u0131l parlayan suratlar s\u0131ralar\u0131nda oturmuyorlar; onlar okulun i\u00e7inde, d\u0131\u015f\u0131nda, toplumda, her yerdeler; yepyeni bir yoldan \u00f6\u011freniyorlar. Kendinizi \u00e7imdiklemenize gerek yok. R\u00fcya g\u00f6rm\u00fcyorsunuz. Yer temelli e\u011fitim; \u00fclke \u00e7ap\u0131nda \u015fehirde ve k\u0131rsalda, bat\u0131da ve do\u011fuda, varl\u0131kl\u0131 ve d\u00fc\u015f\u00fck gelirli mahallelerdeki okullarda ve topluluklarda k\u00f6k sal\u0131yor. T\u00fcm bu olup bitenlere bu kitapla h\u0131zl\u0131 bir g\u00f6z at\u0131n. <\/p>\n","protected":false},"excerpt":{"rendered":"<p>Bir \u00e7ar\u015famba sabah\u0131, saat 9.00\u2019da, mahalledeki okulun koridorlar\u0131nda gezinirken bir \u015feylerin tuhaf oldu\u011funu fark ediyorsunuz. \u00c7o\u011fu s\u0131n\u0131f\u0131n bo\u015f oldu\u011funu, \u00f6\u011frencilerin p\u0131r\u0131l p\u0131r\u0131l parlayan suratlar\u0131yla yerlerinde olmad\u0131klar\u0131n\u0131<span class=\"excerpt-hellip\"> [\u2026]<\/span><\/p>\n","protected":false},"featured_media":0,"template":"","meta":{"_monsterinsights_skip_tracking":false,"_monsterinsights_sitenote_active":false,"_monsterinsights_sitenote_note":"","_monsterinsights_sitenote_category":0},"product_brand":[],"product_cat":[12566],"product_tag":[],"class_list":{"0":"post-751004","1":"product","2":"type-product","3":"status-publish","5":"product_cat-egitim","6":"pa_cilt-ciltsiz","7":"pa_tur-kitap","8":"pa_yayinevi-yeni-insan-yayinlari","9":"pa_yazar-david-sobel","11":"first","12":"instock","13":"sale","14":"shipping-taxable","15":"purchasable","16":"product-type-simple"},"_links":{"self":[{"href":"https:\/\/roveyayinevi.com.tr\/index.php\/wp-json\/wp\/v2\/product\/751004","targetHints":{"allow":["GET"]}}],"collection":[{"href":"https:\/\/roveyayinevi.com.tr\/index.php\/wp-json\/wp\/v2\/product"}],"about":[{"href":"https:\/\/roveyayinevi.com.tr\/index.php\/wp-json\/wp\/v2\/types\/product"}],"wp:attachment":[{"href":"https:\/\/roveyayinevi.com.tr\/index.php\/wp-json\/wp\/v2\/media?parent=751004"}],"wp:term":[{"taxonomy":"product_brand","embeddable":true,"href":"https:\/\/roveyayinevi.com.tr\/index.php\/wp-json\/wp\/v2\/product_brand?post=751004"},{"taxonomy":"product_cat","embeddable":true,"href":"https:\/\/roveyayinevi.com.tr\/index.php\/wp-json\/wp\/v2\/product_cat?post=751004"},{"taxonomy":"product_tag","embeddable":true,"href":"https:\/\/roveyayinevi.com.tr\/index.php\/wp-json\/wp\/v2\/product_tag?post=751004"}],"curies":[{"name":"wp","href":"https:\/\/api.w.org\/{rel}","templated":true}]}}