{"id":751002,"date":"2025-08-28T04:36:37","date_gmt":"2025-08-28T01:36:37","guid":{"rendered":"https:\/\/roveyayinevi.com.tr\/index.php\/urun\/sosyokrasi\/"},"modified":"2026-04-16T03:04:05","modified_gmt":"2026-04-16T00:04:05","slug":"sosyokrasi","status":"publish","type":"product","link":"https:\/\/roveyayinevi.com.tr\/index.php\/urun\/sosyokrasi\/","title":{"rendered":"Sosyokrasi"},"content":{"rendered":"<p>Daha b\u00fct\u00fcnle\u015fmi\u015f bir ya\u015fam s\u00fcrmek, birbirine daha ba\u011fl\u0131 bir toplum kurmak, ait olma ve uyum hissinin daha y\u00fcksek oldu\u011fu topluluklar yaratmak i\u00e7in ne yapmak gerekir? Dinleme, kat\u0131l\u0131m ve \u00f6zg\u00fcr iradenin oldu\u011fu ortak bir amaca y\u00f6nelik \u00e7al\u0131\u015fabilmemiz i\u00e7in zihinlerimizi ve kalplerimizi ba\u011flayan bir y\u00f6ntemi destekleyen ara\u00e7lara ve sistemlere ihtiyac\u0131m\u0131z var. Uygulamaya ihtiyac\u0131m\u0131z var. Bize zarar vermi\u015f mesajlar\u0131 silmeye ve bizi birbirimize yeniden ba\u011flayan \u00f6yk\u00fcleri tekrar anlatmaya ihtiyac\u0131m\u0131z var. D\u00fczenli uygulamalarla aram\u0131zdaki doku de\u011fi\u015fir. Bu uygulamalar becerilerimizi geli\u015ftirir ve d\u00fcnyaya ger\u00e7ek bir de\u011fi\u015fim katar. Umuda ihtiyac\u0131m\u0131z var. Umut, d\u00fcnyay\u0131 de\u011fi\u015ftirebilecek arac\u0131lar oldu\u011fumuz inanc\u0131ndan gelir. Birlikte yak\u0131n\u0131m\u0131zdaki insanlara ve daha geni\u015f anlamda b\u00fct\u00fcn toplulu\u011fumuza, ba\u015fka yerlere zarar vermeden hizmet edecek sistemler yaratabilece\u011fimiz\u2026 Beraber \u015fark\u0131 s\u00f6ylerken her birimizin sesi \u015fark\u0131y\u0131 olu\u015fturur. Her birimiz \u015fark\u0131n\u0131n kendi pay\u0131na d\u00fc\u015fen k\u0131sm\u0131n\u0131 s\u00f6yleriz ve birlikte tek bir bireyin ba\u015farabilece\u011finden \u00e7ok daha g\u00fczel bir ses elde ederiz. Sosyokrasi; d\u00fcnyan\u0131n de\u011fi\u015fik co\u011frafyalar\u0131nda bireylerin, topluluklar\u0131n ve kurumlar\u0131n bir araya gelme ve y\u00f6netim bi\u00e7imlerini de\u011fi\u015ftiriyor. Demokrasinin tart\u0131\u015f\u0131ld\u0131\u011f\u0131, temsilin sorguland\u0131\u011f\u0131 ve teknoloji sayesinde her t\u00fcrl\u00fc yerel kat\u0131l\u0131m\u0131n m\u00fcmk\u00fcn oldu\u011fu bu \u00e7a\u011fda,  sosyokrasi \u00fczerine daha \u00e7ok konu\u015fmaya ihtiyac\u0131m\u0131z var. <\/p>\n","protected":false},"excerpt":{"rendered":"<p>Daha b\u00fct\u00fcnle\u015fmi\u015f bir ya\u015fam s\u00fcrmek, birbirine daha ba\u011fl\u0131 bir toplum kurmak, ait olma ve uyum hissinin daha y\u00fcksek oldu\u011fu topluluklar yaratmak i\u00e7in ne yapmak gerekir? Dinleme,<span class=\"excerpt-hellip\"> [\u2026]<\/span><\/p>\n","protected":false},"featured_media":0,"template":"","meta":{"_monsterinsights_skip_tracking":false,"_monsterinsights_sitenote_active":false,"_monsterinsights_sitenote_note":"","_monsterinsights_sitenote_category":0},"product_brand":[],"product_cat":[23323,12364],"product_tag":[],"class_list":{"0":"post-751002","1":"product","2":"type-product","3":"status-publish","5":"product_cat-ekoloji","6":"product_cat-genel-konular","7":"pa_cilt-ciltsiz","8":"pa_tur-kitap","9":"pa_yayinevi-yeni-insan-yayinlari","10":"pa_yazar-jerry-koch-gonzalez-ted-j-rau","12":"first","13":"instock","14":"sale","15":"shipping-taxable","16":"purchasable","17":"product-type-simple"},"_links":{"self":[{"href":"https:\/\/roveyayinevi.com.tr\/index.php\/wp-json\/wp\/v2\/product\/751002","targetHints":{"allow":["GET"]}}],"collection":[{"href":"https:\/\/roveyayinevi.com.tr\/index.php\/wp-json\/wp\/v2\/product"}],"about":[{"href":"https:\/\/roveyayinevi.com.tr\/index.php\/wp-json\/wp\/v2\/types\/product"}],"wp:attachment":[{"href":"https:\/\/roveyayinevi.com.tr\/index.php\/wp-json\/wp\/v2\/media?parent=751002"}],"wp:term":[{"taxonomy":"product_brand","embeddable":true,"href":"https:\/\/roveyayinevi.com.tr\/index.php\/wp-json\/wp\/v2\/product_brand?post=751002"},{"taxonomy":"product_cat","embeddable":true,"href":"https:\/\/roveyayinevi.com.tr\/index.php\/wp-json\/wp\/v2\/product_cat?post=751002"},{"taxonomy":"product_tag","embeddable":true,"href":"https:\/\/roveyayinevi.com.tr\/index.php\/wp-json\/wp\/v2\/product_tag?post=751002"}],"curies":[{"name":"wp","href":"https:\/\/api.w.org\/{rel}","templated":true}]}}