{"id":751001,"date":"2025-08-28T04:36:36","date_gmt":"2025-08-28T01:36:36","guid":{"rendered":"https:\/\/roveyayinevi.com.tr\/index.php\/urun\/emegin-hallerine-dair-yuzlesmeler\/"},"modified":"2026-04-16T03:04:05","modified_gmt":"2026-04-16T00:04:05","slug":"emegin-hallerine-dair-yuzlesmeler","status":"publish","type":"product","link":"https:\/\/roveyayinevi.com.tr\/index.php\/urun\/emegin-hallerine-dair-yuzlesmeler\/","title":{"rendered":"Eme\u011fin Hallerine Dair Y\u00fczle\u015fmeler"},"content":{"rendered":"<p>G\u00fcn\u00fcm\u00fczde bir yandan yeni \u00e7al\u0131\u015fma ili\u015fkileri ve bi\u00e7imleri ortaya \u00e7\u0131karken di\u011fer taraftan emek giderek k\u0131r\u0131lganla\u015fmakta, g\u00fcvencesizle\u015fmekte ve par\u00e7alanmaktad\u0131r. Bu sistem i\u00e7inde eme\u011fi insan sermayesi-kaynak olarak g\u00f6ren \u201cmodern\/g\u00fcncel(!)\u201d s\u00f6ylemler, farkl\u0131l\u0131k derken e\u015fbi\u00e7imlili\u011fi, kalite derken denetimi, ba\u011fl\u0131l\u0131k derken ba\u011f\u0131ml\u0131l\u0131\u011f\u0131, e\u015fitlik derken bireycili\u011fi d\u00fc\u015f\u00fcnce yollar\u0131m\u0131za ekmektedir. Bu t\u00fcr s\u00f6ylemlerin \u00fcretilmesinde bilimsel d\u00fcnyan\u0131n nerede ve nas\u0131l konumlanm\u0131\u015f oldu\u011fu da \u00f6nemlidir. Dayan\u0131\u015fma ve kolektif bilince duyulan ihtiyac\u0131n giderek artt\u0131\u011f\u0131 b\u00f6ylesi bir d\u00f6nemde, end\u00fcstri ili\u015fkileri ve end\u00fcstri psikolojisinin kesi\u015fti\u011fi bir alanda yaz\u0131lan bu kitapta eme\u011fe dair g\u00fcncel sorunlar klasik \u00f6n kabullerden uzakla\u015f\u0131larak, ele\u015ftirel olarak ele al\u0131nmakta ve tart\u0131\u015fmaya a\u00e7\u0131lmaktad\u0131r. <\/p>\n","protected":false},"excerpt":{"rendered":"<p>G\u00fcn\u00fcm\u00fczde bir yandan yeni \u00e7al\u0131\u015fma ili\u015fkileri ve bi\u00e7imleri ortaya \u00e7\u0131karken di\u011fer taraftan emek giderek k\u0131r\u0131lganla\u015fmakta, g\u00fcvencesizle\u015fmekte ve par\u00e7alanmaktad\u0131r. Bu sistem i\u00e7inde eme\u011fi insan sermayesi-kaynak olarak g\u00f6ren<span class=\"excerpt-hellip\"> [\u2026]<\/span><\/p>\n","protected":false},"featured_media":0,"template":"","meta":{"_monsterinsights_skip_tracking":false,"_monsterinsights_sitenote_active":false,"_monsterinsights_sitenote_note":"","_monsterinsights_sitenote_category":0},"product_brand":[],"product_cat":[12337],"product_tag":[],"class_list":{"0":"post-751001","1":"product","2":"type-product","3":"status-publish","5":"product_cat-politika-siyaset","6":"pa_cilt-ciltsiz","7":"pa_tur-kitap","8":"pa_yayinevi-yeni-insan-yayinlari","9":"pa_yazar-kolektif","11":"first","12":"instock","13":"sale","14":"shipping-taxable","15":"purchasable","16":"product-type-simple"},"_links":{"self":[{"href":"https:\/\/roveyayinevi.com.tr\/index.php\/wp-json\/wp\/v2\/product\/751001","targetHints":{"allow":["GET"]}}],"collection":[{"href":"https:\/\/roveyayinevi.com.tr\/index.php\/wp-json\/wp\/v2\/product"}],"about":[{"href":"https:\/\/roveyayinevi.com.tr\/index.php\/wp-json\/wp\/v2\/types\/product"}],"wp:attachment":[{"href":"https:\/\/roveyayinevi.com.tr\/index.php\/wp-json\/wp\/v2\/media?parent=751001"}],"wp:term":[{"taxonomy":"product_brand","embeddable":true,"href":"https:\/\/roveyayinevi.com.tr\/index.php\/wp-json\/wp\/v2\/product_brand?post=751001"},{"taxonomy":"product_cat","embeddable":true,"href":"https:\/\/roveyayinevi.com.tr\/index.php\/wp-json\/wp\/v2\/product_cat?post=751001"},{"taxonomy":"product_tag","embeddable":true,"href":"https:\/\/roveyayinevi.com.tr\/index.php\/wp-json\/wp\/v2\/product_tag?post=751001"}],"curies":[{"name":"wp","href":"https:\/\/api.w.org\/{rel}","templated":true}]}}