{"id":751000,"date":"2025-08-28T04:36:34","date_gmt":"2025-08-28T01:36:34","guid":{"rendered":"https:\/\/roveyayinevi.com.tr\/index.php\/urun\/dinozorlar-nerede\/"},"modified":"2026-04-16T03:04:05","modified_gmt":"2026-04-16T00:04:05","slug":"dinozorlar-nerede","status":"publish","type":"product","link":"https:\/\/roveyayinevi.com.tr\/index.php\/urun\/dinozorlar-nerede\/","title":{"rendered":"Dinozorlar Nerede?"},"content":{"rendered":"<p>\u0130ki dinozor karde\u015fin ormandaki maceralar\u0131n\u0131 severek okuyacaks\u0131n\u0131z. B\u00fct\u00fcn g\u00fcn s\u00fcren bu ka\u00e7\u0131\u015f maceras\u0131, heyecandan heyecana atlayan iki karde\u015fi anlat\u0131yor. Bu iki karde\u015f, Raptor t\u00fcr\u00fc dinozorlar. Didi\u015fmek yerine g\u00fc\u00e7lerini birle\u015ftirdikleri zaman, y\u00fcreklerinde bir umutlar\u0131 ancak olabilir. Bakal\u0131m Raptor dinozor karde\u015fler bu maceran\u0131n sonunu getirebilecek mi? Dinozorlar Nerede?, en \u00e7ok bilinen ve insanlar taraf\u0131ndan en sevilen dinozorlar\u0131n \u00e7izimleriyle bezendi. Art\u0131k nesli t\u00fckenmi\u015f, yok olu\u015f devrini ya\u015fam\u0131\u015f dinozorlar, biz insanlara da d\u00fcnyay\u0131 bir b\u00fct\u00fcn olarak alg\u0131lamazsak benzer bir yok olu\u015fa d\u00fc\u015fece\u011fimizi hat\u0131rlat\u0131yor. <\/p>\n","protected":false},"excerpt":{"rendered":"<p>\u0130ki dinozor karde\u015fin ormandaki maceralar\u0131n\u0131 severek okuyacaks\u0131n\u0131z. B\u00fct\u00fcn g\u00fcn s\u00fcren bu ka\u00e7\u0131\u015f maceras\u0131, heyecandan heyecana atlayan iki karde\u015fi anlat\u0131yor. Bu iki karde\u015f, Raptor t\u00fcr\u00fc dinozorlar. Didi\u015fmek<span class=\"excerpt-hellip\"> [\u2026]<\/span><\/p>\n","protected":false},"featured_media":0,"template":"","meta":{"_monsterinsights_skip_tracking":false,"_monsterinsights_sitenote_active":false,"_monsterinsights_sitenote_note":"","_monsterinsights_sitenote_category":0},"product_brand":[],"product_cat":[12274,12284],"product_tag":[],"class_list":{"0":"post-751000","1":"product","2":"type-product","3":"status-publish","5":"product_cat-cocuk-ve-genclik-kitaplari","6":"product_cat-hikayeler","7":"pa_cilt-ciltsiz","8":"pa_tur-kitap","9":"pa_yayinevi-yeni-insan-yayinlari","10":"pa_yazar-julie-anderson","12":"first","13":"instock","14":"sale","15":"shipping-taxable","16":"purchasable","17":"product-type-simple"},"_links":{"self":[{"href":"https:\/\/roveyayinevi.com.tr\/index.php\/wp-json\/wp\/v2\/product\/751000","targetHints":{"allow":["GET"]}}],"collection":[{"href":"https:\/\/roveyayinevi.com.tr\/index.php\/wp-json\/wp\/v2\/product"}],"about":[{"href":"https:\/\/roveyayinevi.com.tr\/index.php\/wp-json\/wp\/v2\/types\/product"}],"wp:attachment":[{"href":"https:\/\/roveyayinevi.com.tr\/index.php\/wp-json\/wp\/v2\/media?parent=751000"}],"wp:term":[{"taxonomy":"product_brand","embeddable":true,"href":"https:\/\/roveyayinevi.com.tr\/index.php\/wp-json\/wp\/v2\/product_brand?post=751000"},{"taxonomy":"product_cat","embeddable":true,"href":"https:\/\/roveyayinevi.com.tr\/index.php\/wp-json\/wp\/v2\/product_cat?post=751000"},{"taxonomy":"product_tag","embeddable":true,"href":"https:\/\/roveyayinevi.com.tr\/index.php\/wp-json\/wp\/v2\/product_tag?post=751000"}],"curies":[{"name":"wp","href":"https:\/\/api.w.org\/{rel}","templated":true}]}}