{"id":750999,"date":"2025-08-28T04:36:32","date_gmt":"2025-08-28T01:36:32","guid":{"rendered":"https:\/\/roveyayinevi.com.tr\/index.php\/urun\/elmali-koyun-vahsi-davulcusu\/"},"modified":"2026-04-16T03:04:05","modified_gmt":"2026-04-16T00:04:05","slug":"elmali-koyun-vahsi-davulcusu","status":"publish","type":"product","link":"https:\/\/roveyayinevi.com.tr\/index.php\/urun\/elmali-koyun-vahsi-davulcusu\/","title":{"rendered":"Elmal\u0131 K\u00f6y\u00fcn Vah\u015fi Davulcusu"},"content":{"rendered":"<p>Normalde son derece sakin olan Elmal\u0131 K\u00f6y\u2019de son ay i\u00e7inde olanlar, k\u0131v\u0131rc\u0131k sa\u00e7lar\u0131 ve sivri dili y\u00fcz\u00fcnden k\u00f6yde \u201cK\u0131v\u0131rc\u0131k Is\u0131rgan\u201d diye \u00e7a\u011fr\u0131lan 12 ya\u015f\u0131ndaki Elint\u2019in akl\u0131n\u0131 kar\u0131\u015ft\u0131rm\u0131\u015ft\u0131r. Bir orman \u00e7ocu\u011fu olan Vah\u015fi Davulcu k\u00f6y halk\u0131na \u015fu s\u00f6zlerle ne anlatmaya \u00e7al\u0131\u015f\u0131yordu?   Tutturmu\u015fsun elma elma deyi, g\u00f6remezsin orman\u0131n nimetlerini.   K\u0131v\u0131rc\u0131k\u2019\u0131n babas\u0131 ve \u00d6\u011fretmen dahil k\u00f6y halk\u0131n\u0131n \u00e7o\u011fu Vah\u015fi Davulcu\u2019ya kar\u015f\u0131yd\u0131, bu yabani orman \u00e7ocu\u011funun k\u00f6ye sokulmamas\u0131n\u0131 istiyorlard\u0131. Kim hakl\u0131, kim haks\u0131zd\u0131? \u00c7o\u011funlu\u011fa m\u0131 uymal\u0131, yoksa Vah\u015fi Davulcu\u2019yu mu savunmal\u0131yd\u0131?       \u201cVah\u015finin kar\u015f\u0131s\u0131na uygar\u0131 koyduk ama ger\u00e7ekte kim vah\u015fi kim uygar, belki de bunu unuttuk. \u0130nsan olarak kendi yapt\u0131klar\u0131m\u0131za tap\u0131n\u0131rken do\u011fan\u0131n verdiklerini hor g\u00f6r\u00fcr hale geldik. Bug\u00fcn, sapland\u0131\u011f\u0131m\u0131z bu k\u00f6rd\u00fc\u011f\u00fcmden \u00e7\u0131kman\u0131n yollar\u0131n\u0131 ararken en iyi \u00e7\u00f6z\u00fcm\u00fcn do\u011fada oldu\u011funu fark eden vah\u015fi davulcu o kadar az ki! Elmal\u0131 K\u00f6y\u00fcn Vah\u015fi Davulcusu \u00f6nce \u00e7ocuklara ama sonu\u00e7ta t\u00fcm insanlara bu y\u00f6nde yap\u0131lm\u0131\u015f bir \u00e7a\u011fr\u0131 asl\u0131nda.\u201d   Cihan Erd\u00f6nmez, ormanc\u0131 akademisyen <\/p>\n","protected":false},"excerpt":{"rendered":"<p>Normalde son derece sakin olan Elmal\u0131 K\u00f6y\u2019de son ay i\u00e7inde olanlar, k\u0131v\u0131rc\u0131k sa\u00e7lar\u0131 ve sivri dili y\u00fcz\u00fcnden k\u00f6yde \u201cK\u0131v\u0131rc\u0131k Is\u0131rgan\u201d diye \u00e7a\u011fr\u0131lan 12 ya\u015f\u0131ndaki Elint\u2019in akl\u0131n\u0131<span class=\"excerpt-hellip\"> [\u2026]<\/span><\/p>\n","protected":false},"featured_media":0,"template":"","meta":{"_monsterinsights_skip_tracking":false,"_monsterinsights_sitenote_active":false,"_monsterinsights_sitenote_note":"","_monsterinsights_sitenote_category":0},"product_brand":[],"product_cat":[12291,18202],"product_tag":[],"class_list":{"0":"post-750999","1":"product","2":"type-product","3":"status-publish","5":"product_cat-edebiyat","6":"product_cat-hikaye","7":"pa_cilt-ciltsiz","8":"pa_tur-kitap","9":"pa_yayinevi-yeni-insan-yayinlari","10":"pa_yazar-tunc-ali-kutukcuoglu","12":"first","13":"instock","14":"sale","15":"shipping-taxable","16":"purchasable","17":"product-type-simple"},"_links":{"self":[{"href":"https:\/\/roveyayinevi.com.tr\/index.php\/wp-json\/wp\/v2\/product\/750999","targetHints":{"allow":["GET"]}}],"collection":[{"href":"https:\/\/roveyayinevi.com.tr\/index.php\/wp-json\/wp\/v2\/product"}],"about":[{"href":"https:\/\/roveyayinevi.com.tr\/index.php\/wp-json\/wp\/v2\/types\/product"}],"wp:attachment":[{"href":"https:\/\/roveyayinevi.com.tr\/index.php\/wp-json\/wp\/v2\/media?parent=750999"}],"wp:term":[{"taxonomy":"product_brand","embeddable":true,"href":"https:\/\/roveyayinevi.com.tr\/index.php\/wp-json\/wp\/v2\/product_brand?post=750999"},{"taxonomy":"product_cat","embeddable":true,"href":"https:\/\/roveyayinevi.com.tr\/index.php\/wp-json\/wp\/v2\/product_cat?post=750999"},{"taxonomy":"product_tag","embeddable":true,"href":"https:\/\/roveyayinevi.com.tr\/index.php\/wp-json\/wp\/v2\/product_tag?post=750999"}],"curies":[{"name":"wp","href":"https:\/\/api.w.org\/{rel}","templated":true}]}}