{"id":750998,"date":"2025-08-28T04:36:30","date_gmt":"2025-08-28T01:36:30","guid":{"rendered":"https:\/\/roveyayinevi.com.tr\/index.php\/urun\/canavar-avcilari-1-olumsuz-cocuk\/"},"modified":"2026-04-12T03:07:47","modified_gmt":"2026-04-12T00:07:47","slug":"canavar-avcilari-1-olumsuz-cocuk","status":"publish","type":"product","link":"https:\/\/roveyayinevi.com.tr\/index.php\/urun\/canavar-avcilari-1-olumsuz-cocuk\/","title":{"rendered":"Canavar Avc\u0131lar\u0131 -1 \u00d6l\u00fcms\u00fcz \u00c7ocuk"},"content":{"rendered":"<p>Ji Ran olanlar\u0131 g\u00f6rmek i\u00e7in heyecanla ko\u015ftu. Ama dikkatini sadece Jiang Wei de\u011fil, ayn\u0131 zamanda karga\u015fada gizlenen ve olan biteni sessizce izleyen Ba\u015fkan Yang \u00e7ekmi\u015fti. Bir s\u00fcre her \u015feyi izledikten sonra kalabal\u0131ktan s\u0131yr\u0131l\u0131p kendine sessiz bir k\u00f6\u015fe buldu ve cebinden telefonunu \u00e7\u0131kararak bir g\u00f6r\u00fc\u015fme yapt\u0131. Arkas\u0131ndaki duvarda onu dikkatle dinleyen bir kulaktan haberi yoktu. Yang telefonun ucundakine \u201cArad\u0131\u011f\u0131n\u0131z ki\u015fi o de\u011fil. Herhangi \u00f6zel bir yetene\u011finin oldu\u011funu da g\u00f6rmedim. Bence arad\u0131\u011f\u0131n\u0131z ki\u015fi o de\u011fil.\u201d dedi. Arad\u0131klar\u0131 canavar avc\u0131s\u0131 ger\u00e7ekten kimdi o zaman ya da Ba\u015fkan Yang yan\u0131l\u0131yor olabilir miydi? <\/p>\n","protected":false},"excerpt":{"rendered":"<p>Ji Ran olanlar\u0131 g\u00f6rmek i\u00e7in heyecanla ko\u015ftu. Ama dikkatini sadece Jiang Wei de\u011fil, ayn\u0131 zamanda karga\u015fada gizlenen ve olan biteni sessizce izleyen Ba\u015fkan Yang \u00e7ekmi\u015fti. Bir<span class=\"excerpt-hellip\"> [\u2026]<\/span><\/p>\n","protected":false},"featured_media":0,"template":"","meta":{"_monsterinsights_skip_tracking":false,"_monsterinsights_sitenote_active":false,"_monsterinsights_sitenote_note":"","_monsterinsights_sitenote_category":0},"product_brand":[],"product_cat":[12274,12284],"product_tag":[],"class_list":{"0":"post-750998","1":"product","2":"type-product","3":"status-publish","5":"product_cat-cocuk-ve-genclik-kitaplari","6":"product_cat-hikayeler","7":"pa_cilt-ciltsiz","8":"pa_tur-kitap","9":"pa_yayinevi-yeni-insan-yayinlari","10":"pa_yazar-jiang-wenjun","12":"first","13":"instock","14":"sale","15":"shipping-taxable","16":"purchasable","17":"product-type-simple"},"_links":{"self":[{"href":"https:\/\/roveyayinevi.com.tr\/index.php\/wp-json\/wp\/v2\/product\/750998","targetHints":{"allow":["GET"]}}],"collection":[{"href":"https:\/\/roveyayinevi.com.tr\/index.php\/wp-json\/wp\/v2\/product"}],"about":[{"href":"https:\/\/roveyayinevi.com.tr\/index.php\/wp-json\/wp\/v2\/types\/product"}],"wp:attachment":[{"href":"https:\/\/roveyayinevi.com.tr\/index.php\/wp-json\/wp\/v2\/media?parent=750998"}],"wp:term":[{"taxonomy":"product_brand","embeddable":true,"href":"https:\/\/roveyayinevi.com.tr\/index.php\/wp-json\/wp\/v2\/product_brand?post=750998"},{"taxonomy":"product_cat","embeddable":true,"href":"https:\/\/roveyayinevi.com.tr\/index.php\/wp-json\/wp\/v2\/product_cat?post=750998"},{"taxonomy":"product_tag","embeddable":true,"href":"https:\/\/roveyayinevi.com.tr\/index.php\/wp-json\/wp\/v2\/product_tag?post=750998"}],"curies":[{"name":"wp","href":"https:\/\/api.w.org\/{rel}","templated":true}]}}