{"id":750997,"date":"2025-08-28T04:36:29","date_gmt":"2025-08-28T01:36:29","guid":{"rendered":"https:\/\/roveyayinevi.com.tr\/index.php\/urun\/ari-ve-kovani\/"},"modified":"2026-04-16T03:04:05","modified_gmt":"2026-04-16T00:04:05","slug":"ari-ve-kovani","status":"publish","type":"product","link":"https:\/\/roveyayinevi.com.tr\/index.php\/urun\/ari-ve-kovani\/","title":{"rendered":"Ar\u0131 ve Kovan\u0131"},"content":{"rendered":"<p>Ar\u0131lar\u0131n d\u00fcnyas\u0131n\u0131 ke\u015ffetmek, hassasiyetlerini anlamak ve iyi ar\u0131c\u0131l\u0131k uygulamalar\u0131n\u0131 payla\u015fmak&#8230; Bu k\u0131lavuzun ama\u00e7lar\u0131 i\u015fte bunlard\u0131r. Akranlar\u0131 ve meslekta\u015flar\u0131 taraf\u0131ndan sayg\u0131 duyulan k\u00fc\u00e7\u00fck bir ar\u0131 kovan\u0131 (35-40 kovan) geli\u015ftiricisi olan Alain P\u00e9ricard, ar\u0131c\u0131l\u0131\u011fa ba\u015flamak veya geli\u015ftirmek isteyen herkese e\u015flik etmek i\u00e7in tecr\u00fcbesinin ve bilgisinin meyvesini b\u00fcy\u00fck bir c\u00f6mertlikle payla\u015f\u0131yor. \u0130ster teorik ve teknik bilgi ister de\u011ferli fiziksel, manuel, g\u00f6rsel ve i\u015fitsel beceriler s\u00f6z konusu olsun, bu kitap size \u015funlar\u0131 \u00f6\u011fretecektir: Ar\u0131 biyolojisinin temelleri ve \u00e7evreyle etkile\u015fimleri; kovanlar\u0131n\u0131z\u0131 do\u011fru alanda kurmak i\u00e7in gerekli kaynaklar; ar\u0131c\u0131l\u0131k sezonu boyunca kovanlar\u0131 ziyaret ederken \u00e7e\u015fitli g\u00f6revleri yerine getirmek i\u00e7in gerekli ekipman ve ara\u00e7lar; kovanlar i\u00e7in potansiyel te\u015fkil eden hastal\u0131klar\u0131n, parazitlerin ve y\u0131rt\u0131c\u0131lar\u0131n nas\u0131l tan\u0131mlanaca\u011f\u0131, \u00f6nlenece\u011fi ve kovan\u0131n nas\u0131l korunaca\u011f\u0131, sa\u011fl\u0131kl\u0131 kolonilerin nas\u0131l devam ettirilece\u011fi; krali\u00e7e ve genetik se\u00e7ilimi i\u00e7eren m\u00fcdahalelere \u00f6zg\u00fc teknikler; bal ve di\u011fer ar\u0131 \u00fcr\u00fcnlerinin nas\u0131l \u00e7\u0131kar\u0131laca\u011f\u0131, kullan\u0131laca\u011f\u0131 ve i\u015flenece\u011fi; kritik k\u0131\u015flama d\u00f6neminin sonunda g\u00fc\u00e7l\u00fc kolonilerin nas\u0131l desteklenmesi gerekti\u011fi.   \u201cHayat\u0131m\u0131z\u0131 bor\u00e7lu oldu\u011fumuz ya\u015fam\u0131 ve canl\u0131l\u0131\u011f\u0131 sevme ve ona sahip \u00e7\u0131kma zaman\u0131 geldi art\u0131k. Basit ve kullan\u0131\u015fl\u0131 bir el kitab\u0131 olmas\u0131n\u0131n \u00f6tesinde bu eser, yaz\u0131m\u0131 ve amac\u0131 itibariyle okuyucu i\u00e7in ger\u00e7ek bir tan\u0131kl\u0131k s\u00fcrecidir. Bu eseri okuyanlar\u0131n, ar\u0131c\u0131l\u0131k ve ya\u015fam \u00fczerine benim de ayr\u0131cal\u0131\u011f\u0131na nail oldu\u011fum g\u00fczel bir ayd\u0131nlanma ile kutsanaca\u011f\u0131na ve g\u00fczel bir ba\u015flang\u0131\u00e7 yapabilme \u015fans\u0131 ile \u00f6d\u00fcllendirilece\u011fine \u015f\u00fcphe yoktur.\u201d   Pierre Rabhi<\/p>\n","protected":false},"excerpt":{"rendered":"<p>Ar\u0131lar\u0131n d\u00fcnyas\u0131n\u0131 ke\u015ffetmek, hassasiyetlerini anlamak ve iyi ar\u0131c\u0131l\u0131k uygulamalar\u0131n\u0131 payla\u015fmak&#8230; Bu k\u0131lavuzun ama\u00e7lar\u0131 i\u015fte bunlard\u0131r. Akranlar\u0131 ve meslekta\u015flar\u0131 taraf\u0131ndan sayg\u0131 duyulan k\u00fc\u00e7\u00fck bir ar\u0131 kovan\u0131 (35-40<span class=\"excerpt-hellip\"> [\u2026]<\/span><\/p>\n","protected":false},"featured_media":0,"template":"","meta":{"_monsterinsights_skip_tracking":false,"_monsterinsights_sitenote_active":false,"_monsterinsights_sitenote_note":"","_monsterinsights_sitenote_category":0},"product_brand":[],"product_cat":[23323,12364],"product_tag":[],"class_list":{"0":"post-750997","1":"product","2":"type-product","3":"status-publish","5":"product_cat-ekoloji","6":"product_cat-genel-konular","7":"pa_cilt-ciltsiz","8":"pa_tur-kitap","9":"pa_yayinevi-yeni-insan-yayinlari","10":"pa_yazar-alain-pericard","12":"first","13":"instock","14":"sale","15":"shipping-taxable","16":"purchasable","17":"product-type-simple"},"_links":{"self":[{"href":"https:\/\/roveyayinevi.com.tr\/index.php\/wp-json\/wp\/v2\/product\/750997","targetHints":{"allow":["GET"]}}],"collection":[{"href":"https:\/\/roveyayinevi.com.tr\/index.php\/wp-json\/wp\/v2\/product"}],"about":[{"href":"https:\/\/roveyayinevi.com.tr\/index.php\/wp-json\/wp\/v2\/types\/product"}],"wp:attachment":[{"href":"https:\/\/roveyayinevi.com.tr\/index.php\/wp-json\/wp\/v2\/media?parent=750997"}],"wp:term":[{"taxonomy":"product_brand","embeddable":true,"href":"https:\/\/roveyayinevi.com.tr\/index.php\/wp-json\/wp\/v2\/product_brand?post=750997"},{"taxonomy":"product_cat","embeddable":true,"href":"https:\/\/roveyayinevi.com.tr\/index.php\/wp-json\/wp\/v2\/product_cat?post=750997"},{"taxonomy":"product_tag","embeddable":true,"href":"https:\/\/roveyayinevi.com.tr\/index.php\/wp-json\/wp\/v2\/product_tag?post=750997"}],"curies":[{"name":"wp","href":"https:\/\/api.w.org\/{rel}","templated":true}]}}