{"id":750994,"date":"2025-08-28T04:36:24","date_gmt":"2025-08-28T01:36:24","guid":{"rendered":"https:\/\/roveyayinevi.com.tr\/index.php\/urun\/leonardo-da-vinci-ilk-bilgin\/"},"modified":"2026-04-16T03:04:05","modified_gmt":"2026-04-16T00:04:05","slug":"leonardo-da-vinci-ilk-bilgin","status":"publish","type":"product","link":"https:\/\/roveyayinevi.com.tr\/index.php\/urun\/leonardo-da-vinci-ilk-bilgin\/","title":{"rendered":"Leonardo Da Vinci &#8211;  \u0130lk Bilgin"},"content":{"rendered":"<p>\u201cKli\u015fele\u015fme e\u011filimindeki \u2018R\u00f6nesans insan\u0131\u2019 terimine tarihte ger\u00e7ekten lay\u0131k biri varsa o da Leonardo da Vinci\u2019dir.\u201d O, kitab\u0131 sadece se\u00e7kin bir az\u0131nl\u0131\u011f\u0131n g\u00f6rd\u00fc\u011f\u00fc bir \u00e7a\u011fda do\u011fdu ama insan bilgisinin o d\u00f6nemde i\u00e7inden \u00e7\u0131k\u0131lamaz \u00e7o\u011fu alan\u0131 hakk\u0131nda ak\u0131l y\u00fcr\u00fctt\u00fc. G\u00fcn\u00fcm\u00fczdeki b\u00fcy\u00fck \u015f\u00f6hretinin sebebi, say\u0131s\u0131z yetene\u011fe ve u\u011fra\u015f alan\u0131na sahip olmas\u0131na kar\u015f\u0131n, sanat eserlerinden kaynaklan\u0131r. Louvre M\u00fczesi\u2019ndeki Mona Lisa her y\u0131l y\u00fcz binlerce ziyaret\u00e7iyi bo\u015funa \u00e7ekmiyor ve \u00e7izimleri ile di\u011fer resimleri de bu eseri kadar \u00fcn\u00fc hak etmi\u015ftir. Ancak \u00e7izdikleri yak\u0131ndan incelendi\u011finde, bunlar ans\u0131z\u0131n Leonardo\u2019nun ba\u015fka bir y\u00f6n\u00fcn\u00fc g\u00f6zler \u00f6n\u00fcne serer: Onun muhte\u015fem bilimsel kavray\u0131\u015f yetene\u011fi. Leonardo da Vinci\u2019nin \u00e7ocuklu\u011fundaki yoksunluklar\u0131n\u0131, e\u015fcinselli\u011fini, Machiavelli\u2019den Cesare Borgia\u2019ya kadar \u00e7a\u011fda\u015flar\u0131yla olan ili\u015fkilerini ve renkli \u00f6zel ya\u015fam\u0131n\u0131 bilimsel ara\u015ft\u0131rma tarihinin ilk \u00f6rnekleriyle harmanlayan Michael White, bu \u015fa\u015f\u0131rt\u0131c\u0131 dehan\u0131n yeniden de\u011ferlendirilmesine y\u00f6nelik ba\u015ftan \u00e7\u0131kar\u0131c\u0131 iddialar ortaya at\u0131yor. <\/p>\n","protected":false},"excerpt":{"rendered":"<p>\u201cKli\u015fele\u015fme e\u011filimindeki \u2018R\u00f6nesans insan\u0131\u2019 terimine tarihte ger\u00e7ekten lay\u0131k biri varsa o da Leonardo da Vinci\u2019dir.\u201d O, kitab\u0131 sadece se\u00e7kin bir az\u0131nl\u0131\u011f\u0131n g\u00f6rd\u00fc\u011f\u00fc bir \u00e7a\u011fda do\u011fdu ama<span class=\"excerpt-hellip\"> [\u2026]<\/span><\/p>\n","protected":false},"featured_media":0,"template":"","meta":{"_monsterinsights_skip_tracking":false,"_monsterinsights_sitenote_active":false,"_monsterinsights_sitenote_note":"","_monsterinsights_sitenote_category":0},"product_brand":[],"product_cat":[14009,12291],"product_tag":[],"class_list":{"0":"post-750994","1":"product","2":"type-product","3":"status-publish","5":"product_cat-biyografi-otobiyografi-edebiyat","6":"product_cat-edebiyat","7":"pa_cilt-ciltsiz","8":"pa_tur-kitap","9":"pa_yayinevi-inkilap-kitabevi","10":"pa_yazar-michael-white","12":"first","13":"instock","14":"sale","15":"shipping-taxable","16":"purchasable","17":"product-type-simple"},"_links":{"self":[{"href":"https:\/\/roveyayinevi.com.tr\/index.php\/wp-json\/wp\/v2\/product\/750994","targetHints":{"allow":["GET"]}}],"collection":[{"href":"https:\/\/roveyayinevi.com.tr\/index.php\/wp-json\/wp\/v2\/product"}],"about":[{"href":"https:\/\/roveyayinevi.com.tr\/index.php\/wp-json\/wp\/v2\/types\/product"}],"wp:attachment":[{"href":"https:\/\/roveyayinevi.com.tr\/index.php\/wp-json\/wp\/v2\/media?parent=750994"}],"wp:term":[{"taxonomy":"product_brand","embeddable":true,"href":"https:\/\/roveyayinevi.com.tr\/index.php\/wp-json\/wp\/v2\/product_brand?post=750994"},{"taxonomy":"product_cat","embeddable":true,"href":"https:\/\/roveyayinevi.com.tr\/index.php\/wp-json\/wp\/v2\/product_cat?post=750994"},{"taxonomy":"product_tag","embeddable":true,"href":"https:\/\/roveyayinevi.com.tr\/index.php\/wp-json\/wp\/v2\/product_tag?post=750994"}],"curies":[{"name":"wp","href":"https:\/\/api.w.org\/{rel}","templated":true}]}}