{"id":750987,"date":"2025-08-28T04:36:10","date_gmt":"2025-08-28T01:36:10","guid":{"rendered":"https:\/\/roveyayinevi.com.tr\/index.php\/urun\/magaraya-sikisan-son-insanlar\/"},"modified":"2026-04-16T03:04:05","modified_gmt":"2026-04-16T00:04:05","slug":"magaraya-sikisan-son-insanlar","status":"publish","type":"product","link":"https:\/\/roveyayinevi.com.tr\/index.php\/urun\/magaraya-sikisan-son-insanlar\/","title":{"rendered":"Ma\u011faraya S\u0131k\u0131\u015fan Son \u0130nsanlar"},"content":{"rendered":"<p>\u201cBir \u00e7\u0131rp\u0131da yarg\u0131lamadan \u00f6nce dinleyin, ses yak\u0131ndan geliyor olabilir ama ma\u011faran\u0131n yank\u0131s\u0131yla bozulmu\u015ftur belki.\u201d   \u0130ranl\u0131 yazar Muhammed Abedi, son kitab\u0131nda zorbal\u0131k ve zul\u00fcm kar\u015f\u0131s\u0131nda s\u0131k\u0131\u015fm\u0131\u015f kalm\u0131\u015f, kendi i\u00e7ine kapanm\u0131\u015f ve \u00e7\u0131k\u0131\u015f yolunu kaybetmi\u015f bir insan toplulu\u011funu anlat\u0131yor.B\u00fct\u00fcn bunlar bize \u00e7ok tan\u0131d\u0131k gelebilir. Ne de olsa \u0130ran, elimizi uzatsak de\u011fecek kadar yak\u0131n bize, hem co\u011frafi olarak hem k\u00fclt\u00fcrel olarak. Ama yaz\u0131 \u015fa\u015f\u0131rt\u0131r. Edebiyat\u0131n dili, bizi g\u00fcndelik olandan al\u0131r ve bir tepenin \u00fcst\u00fcnden insanl\u0131k durumlar\u0131n\u0131 izleme imk\u00e2n\u0131 verir. Ma\u011faraya S\u0131k\u0131\u015fan Son \u0130nsanlar, kom\u015funun ruh h\u00e2lini, s\u0131k\u0131\u015fm\u0131\u015fl\u0131\u011f\u0131n\u0131 ve \u00e7aresizli\u011fini  duygular\u0131 kelimelere d\u00f6kerek anlatma becerisini yakalam\u0131\u015f. Belki de ihtiyac\u0131m\u0131z olan, bilmekten \u00f6nce anlamakt\u0131r.   <\/p>\n","protected":false},"excerpt":{"rendered":"<p>\u201cBir \u00e7\u0131rp\u0131da yarg\u0131lamadan \u00f6nce dinleyin, ses yak\u0131ndan geliyor olabilir ama ma\u011faran\u0131n yank\u0131s\u0131yla bozulmu\u015ftur belki.\u201d \u0130ranl\u0131 yazar Muhammed Abedi, son kitab\u0131nda zorbal\u0131k ve zul\u00fcm kar\u015f\u0131s\u0131nda s\u0131k\u0131\u015fm\u0131\u015f kalm\u0131\u015f,<span class=\"excerpt-hellip\"> [\u2026]<\/span><\/p>\n","protected":false},"featured_media":0,"template":"","meta":{"_monsterinsights_skip_tracking":false,"_monsterinsights_sitenote_active":false,"_monsterinsights_sitenote_note":"","_monsterinsights_sitenote_category":0},"product_brand":[],"product_cat":[12291,12711],"product_tag":[],"class_list":{"0":"post-750987","1":"product","2":"type-product","3":"status-publish","5":"product_cat-edebiyat","6":"product_cat-roman-oyku","7":"pa_cilt-ciltsiz","8":"pa_tur-kitap","9":"pa_yayinevi-ayrikotu-yayinlari","10":"pa_yazar-mohammad-abedi","12":"first","13":"instock","14":"sale","15":"shipping-taxable","16":"purchasable","17":"product-type-simple"},"_links":{"self":[{"href":"https:\/\/roveyayinevi.com.tr\/index.php\/wp-json\/wp\/v2\/product\/750987","targetHints":{"allow":["GET"]}}],"collection":[{"href":"https:\/\/roveyayinevi.com.tr\/index.php\/wp-json\/wp\/v2\/product"}],"about":[{"href":"https:\/\/roveyayinevi.com.tr\/index.php\/wp-json\/wp\/v2\/types\/product"}],"wp:attachment":[{"href":"https:\/\/roveyayinevi.com.tr\/index.php\/wp-json\/wp\/v2\/media?parent=750987"}],"wp:term":[{"taxonomy":"product_brand","embeddable":true,"href":"https:\/\/roveyayinevi.com.tr\/index.php\/wp-json\/wp\/v2\/product_brand?post=750987"},{"taxonomy":"product_cat","embeddable":true,"href":"https:\/\/roveyayinevi.com.tr\/index.php\/wp-json\/wp\/v2\/product_cat?post=750987"},{"taxonomy":"product_tag","embeddable":true,"href":"https:\/\/roveyayinevi.com.tr\/index.php\/wp-json\/wp\/v2\/product_tag?post=750987"}],"curies":[{"name":"wp","href":"https:\/\/api.w.org\/{rel}","templated":true}]}}