{"id":750985,"date":"2025-08-28T04:36:05","date_gmt":"2025-08-28T01:36:05","guid":{"rendered":"https:\/\/roveyayinevi.com.tr\/index.php\/urun\/gunaydin-avril-kyotodasin\/"},"modified":"2026-04-16T03:04:05","modified_gmt":"2026-04-16T00:04:05","slug":"gunaydin-avril-kyotodasin","status":"publish","type":"product","link":"https:\/\/roveyayinevi.com.tr\/index.php\/urun\/gunaydin-avril-kyotodasin\/","title":{"rendered":"G\u00fcnayd\u0131n Avril, Kyoto\u2019das\u0131n!"},"content":{"rendered":"<p>Her \u015fey de\u011fi\u015fir, gelip ge\u00e7er, her \u015fey m\u00fckemmel bir huzur vard\u0131r, insan, ya\u015fam\u0131 ve \u00f6l\u00fcm\u00fc a\u015ft\u0131\u011f\u0131nda.   Avril Santana ile tan\u0131\u015f\u0131n. Avril Santana; merakl\u0131, ne\u015feli, e\u011flenceli ve bazen de huysuz ve a\u00e7\u0131k s\u00f6zl\u00fc. Japonya&#8217;da yeni bir d\u00fcnya ke\u015ffeden 16 ya\u015f\u0131ndaki bu k\u0131z; u\u00e7suz bucaks\u0131z hayallerin, \u00f6zlemlerin, b\u00fcy\u00fcmenin, \u015f\u00fcphelerin, ilk \u00f6p\u00fcc\u00fcklerin, kimlik aray\u0131\u015f\u0131n\u0131n ve dostlu\u011fun ekseninde bizleri bulu\u015fturuyor. Kitapta pop k\u00fclt\u00fcr filmlerine, sanat\u00e7\u0131lar\u0131na ve \u015fark\u0131lar\u0131na, ayr\u0131ca yak\u0131n tarihte silinmez izler b\u0131rakan baz\u0131 olaylara da at\u0131flar bulunuyor. Ho\u015fg\u00f6r\u00fcn\u00fcn, erdemin, sava\u015f\u0131n, ayr\u0131mc\u0131l\u0131\u011f\u0131n ve zorbal\u0131\u011f\u0131n kol gezdi\u011fi d\u00fcnyada yazar, gen\u00e7lerin d\u00fcnyas\u0131na inerek bu konular\u0131 dost\u00e7a, sade ve n\u00fcktedan bir dille kaleme al\u0131yor. G\u00fcnayd\u0131n Avril, Kyoto\u2019das\u0131n!, \u00e2deta kiraz \u015fekeri tad\u0131ndaki do\u011fall\u0131\u011f\u0131 ile okuyan herkesi kendine \u00e7ekiyor. Dan Sam, belki de edebiyat\u0131n en sevimli karakterlerinden birini yaratt\u0131. <\/p>\n","protected":false},"excerpt":{"rendered":"<p>Her \u015fey de\u011fi\u015fir, gelip ge\u00e7er, her \u015fey m\u00fckemmel bir huzur vard\u0131r, insan, ya\u015fam\u0131 ve \u00f6l\u00fcm\u00fc a\u015ft\u0131\u011f\u0131nda. Avril Santana ile tan\u0131\u015f\u0131n. Avril Santana; merakl\u0131, ne\u015feli, e\u011flenceli ve<span class=\"excerpt-hellip\"> [\u2026]<\/span><\/p>\n","protected":false},"featured_media":0,"template":"","meta":{"_monsterinsights_skip_tracking":false,"_monsterinsights_sitenote_active":false,"_monsterinsights_sitenote_note":"","_monsterinsights_sitenote_category":0},"product_brand":[],"product_cat":[12291,12711],"product_tag":[],"class_list":{"0":"post-750985","1":"product","2":"type-product","3":"status-publish","5":"product_cat-edebiyat","6":"product_cat-roman-oyku","7":"pa_cilt-ciltsiz","8":"pa_tur-kitap","9":"pa_yayinevi-ayrikotu-yayinlari","10":"pa_yazar-dan-sam","12":"first","13":"instock","14":"sale","15":"shipping-taxable","16":"purchasable","17":"product-type-simple"},"_links":{"self":[{"href":"https:\/\/roveyayinevi.com.tr\/index.php\/wp-json\/wp\/v2\/product\/750985","targetHints":{"allow":["GET"]}}],"collection":[{"href":"https:\/\/roveyayinevi.com.tr\/index.php\/wp-json\/wp\/v2\/product"}],"about":[{"href":"https:\/\/roveyayinevi.com.tr\/index.php\/wp-json\/wp\/v2\/types\/product"}],"wp:attachment":[{"href":"https:\/\/roveyayinevi.com.tr\/index.php\/wp-json\/wp\/v2\/media?parent=750985"}],"wp:term":[{"taxonomy":"product_brand","embeddable":true,"href":"https:\/\/roveyayinevi.com.tr\/index.php\/wp-json\/wp\/v2\/product_brand?post=750985"},{"taxonomy":"product_cat","embeddable":true,"href":"https:\/\/roveyayinevi.com.tr\/index.php\/wp-json\/wp\/v2\/product_cat?post=750985"},{"taxonomy":"product_tag","embeddable":true,"href":"https:\/\/roveyayinevi.com.tr\/index.php\/wp-json\/wp\/v2\/product_tag?post=750985"}],"curies":[{"name":"wp","href":"https:\/\/api.w.org\/{rel}","templated":true}]}}