{"id":750983,"date":"2025-08-28T04:36:01","date_gmt":"2025-08-28T01:36:01","guid":{"rendered":"https:\/\/roveyayinevi.com.tr\/index.php\/urun\/hayalindeki-ev\/"},"modified":"2026-04-16T03:04:05","modified_gmt":"2026-04-16T00:04:05","slug":"hayalindeki-ev","status":"publish","type":"product","link":"https:\/\/roveyayinevi.com.tr\/index.php\/urun\/hayalindeki-ev\/","title":{"rendered":"Hayalindeki Ev"},"content":{"rendered":"<p>Seninle yeniden radyoda m\u00fczik \u00e7alarken kahve i\u00e7meyi umut ediyorum.   Hayalindeki Ev, KwaZulu-Natal Midlands\u2019taki \u00e7iftliklerini terk eden mahzun, ya\u015fl\u0131 beyaz bir \u00e7iftin hik\u00e2yesidir. Bu \u00e7iftlikteki mezarlar, s\u0131rlar ve trajediler; bir \u0131rk\u0131n di\u011ferine, \u201cinsan\u201ddan daha a\u015fa\u011f\u0131 davrand\u0131\u011f\u0131 hakk\u0131ndaki korkun\u00e7 ger\u00e7eklerle kaleme al\u0131nd\u0131. Yazar, bir aile \u00fczerinden bir ulusun durumunu ve belle\u011fini; ihanet, kay\u0131p, a\u015fk, \u00f6l\u00fcm, cinsiyet ve \u0131rk \u00fczerinden vererek derin ve katmanl\u0131 bir dil evreni olu\u015fturuyor. Bu evrenin i\u00e7inde bulunan karakterlerin ac\u0131lar\u0131, tutkular\u0131, korkular\u0131 ve umutlar\u0131 \u201cbeyaz-siyah\u201d gerilimi \u00fczerinden bir k\u0131v\u0131lc\u0131m gibi yo\u011fun bir \u015fekilde a\u00e7\u0131\u011fa \u00e7\u0131k\u0131yor. Craig Higginson&#8217;\u0131n KwaZulu-Natal&#8217;\u0131n Midlands b\u00f6lgesinde ge\u00e7en s\u00fcr\u00fckleyici ve unutulmaz eseri Hayalindeki Ev, G\u00fcney Afrika\u2019n\u0131n \u0131rk sorunlar\u0131na son derece dokunakl\u0131 ve hassas bir \u015fekilde yakla\u015f\u0131yor. Surat\u0131m\u0131za tokat gibi \u00e7arpan bu ger\u00e7ekler, bulundurdu\u011fu derin karma\u015fan\u0131n kuytular\u0131na inme konusunda b\u00fcy\u00fcleyici bir \u015fekilde bizi \u00e7ekiyor. <\/p>\n","protected":false},"excerpt":{"rendered":"<p>Seninle yeniden radyoda m\u00fczik \u00e7alarken kahve i\u00e7meyi umut ediyorum. Hayalindeki Ev, KwaZulu-Natal Midlands\u2019taki \u00e7iftliklerini terk eden mahzun, ya\u015fl\u0131 beyaz bir \u00e7iftin hik\u00e2yesidir. Bu \u00e7iftlikteki mezarlar, s\u0131rlar<span class=\"excerpt-hellip\"> [\u2026]<\/span><\/p>\n","protected":false},"featured_media":0,"template":"","meta":{"_monsterinsights_skip_tracking":false,"_monsterinsights_sitenote_active":false,"_monsterinsights_sitenote_note":"","_monsterinsights_sitenote_category":0},"product_brand":[],"product_cat":[12291,12711],"product_tag":[],"class_list":{"0":"post-750983","1":"product","2":"type-product","3":"status-publish","5":"product_cat-edebiyat","6":"product_cat-roman-oyku","7":"pa_cilt-ciltsiz","8":"pa_tur-kitap","9":"pa_yayinevi-ayrikotu-yayinlari","10":"pa_yazar-craig-higginson","12":"first","13":"instock","14":"sale","15":"shipping-taxable","16":"purchasable","17":"product-type-simple"},"_links":{"self":[{"href":"https:\/\/roveyayinevi.com.tr\/index.php\/wp-json\/wp\/v2\/product\/750983","targetHints":{"allow":["GET"]}}],"collection":[{"href":"https:\/\/roveyayinevi.com.tr\/index.php\/wp-json\/wp\/v2\/product"}],"about":[{"href":"https:\/\/roveyayinevi.com.tr\/index.php\/wp-json\/wp\/v2\/types\/product"}],"wp:attachment":[{"href":"https:\/\/roveyayinevi.com.tr\/index.php\/wp-json\/wp\/v2\/media?parent=750983"}],"wp:term":[{"taxonomy":"product_brand","embeddable":true,"href":"https:\/\/roveyayinevi.com.tr\/index.php\/wp-json\/wp\/v2\/product_brand?post=750983"},{"taxonomy":"product_cat","embeddable":true,"href":"https:\/\/roveyayinevi.com.tr\/index.php\/wp-json\/wp\/v2\/product_cat?post=750983"},{"taxonomy":"product_tag","embeddable":true,"href":"https:\/\/roveyayinevi.com.tr\/index.php\/wp-json\/wp\/v2\/product_tag?post=750983"}],"curies":[{"name":"wp","href":"https:\/\/api.w.org\/{rel}","templated":true}]}}