{"id":750980,"date":"2025-08-28T04:35:54","date_gmt":"2025-08-28T01:35:54","guid":{"rendered":"https:\/\/roveyayinevi.com.tr\/index.php\/urun\/elibittibile\/"},"modified":"2026-04-15T03:14:16","modified_gmt":"2026-04-15T00:14:16","slug":"elibittibile","status":"publish","type":"product","link":"https:\/\/roveyayinevi.com.tr\/index.php\/urun\/elibittibile\/","title":{"rendered":"Elibittibile"},"content":{"rendered":"<p>\u201cEli bitti bile!\u201d diye hayk\u0131rd\u0131 o s\u0131rada G\u00fclten\u2019in arkas\u0131nda bulunan k\u0131z\u0131. \u201cGe\u00e7mi\u015f olsun han\u0131mlar, beyler.\u201d \u201cBu s\u00f6yledi\u011finize \u201cpalindrom\u201d derler. Bilir misiniz?\u201d dedi Nuri Bey. \u201cAntik Yunan\u2019da geri geri ko\u015fan zat demekmi\u015f.\u201d   Hayat bazen hem \u00e7ok k\u0131sa hem de \u00e7ok uzun gelir insana. Bu durum belki de insano\u011fluna tan\u0131nan, bu bir tanecik hayat\u0131n nas\u0131l ya\u015fand\u0131\u011f\u0131yla ilgilidir. \u0130ster k\u0131sa ister uzun olsun hayat\u0131n d\u00f6ng\u00fcs\u00fc hep ayn\u0131d\u0131r. Hayatta mutluluk, ne\u015fe, sevgi oldu\u011fu kadar keder, \u00fcz\u00fcnt\u00fc, nefret de vard\u0131r. G\u00fclten Han\u0131m da bu d\u00f6ng\u00fcy\u00fc ya\u015fayanlardan biri. Hayat\u0131n\u0131n yava\u015f yava\u015f sonbahar\u0131na gelen G\u00fclten Han\u0131m, ya\u015fam\u0131n ona sundu\u011fu ne varsa anlay\u0131\u015fla, sab\u0131rla kabul etmi\u015f; nice do\u011fumlar, \u00f6l\u00fcmler g\u00f6rm\u00fc\u015f, ya\u015fanan ac\u0131lar\u0131 metanetle atlatm\u0131\u015f bir kad\u0131n. Ne istedi\u011fini bilen, ya\u015famaktan korkmayan, y\u0131lmayan bir kad\u0131n. \u00dcmit Yal\u00e7\u0131n Do\u011fan, bir masal anlat\u0131c\u0131s\u0131 \u00fcslubuyla kurgulad\u0131\u011f\u0131 Elibittibile roman\u0131nda, G\u00fclten Han\u0131m ve ailesinin \u00e7ok katmanl\u0131 hayat\u0131n\u0131n i\u00e7ine ad\u0131m ad\u0131m dahil ediyor okuru. Biz de onlarla birlikte \u00fcz\u00fcl\u00fcyor, endi\u015feleniyor bazen de keyifleniyoruz. Kimi zaman da hayat\u0131n ac\u0131- tatl\u0131 s\u00fcrprizleri kar\u015f\u0131s\u0131nda \u015fa\u015f\u0131r\u0131yoruz. Ailenin m\u00fcbadele ile geldi\u011fi Ayval\u0131k\u2019taki hayat\u0131 \u0130stanbul\u2019a uzan\u0131yor. Midilli\u2019den \u0130stanbul\u2019a uzanan bu yolda zaman\u0131n, \u015fehirlerin, insanlar\u0131n de\u011fi\u015fim ve d\u00f6n\u00fc\u015f\u00fcm\u00fcne de \u015fahit oluyoruz. Ve onlarla birlikte zaman\u0131n \u00e7arklar\u0131 aras\u0131nda duygusal bir yolculu\u011fa \u00e7\u0131k\u0131yoruz. <\/p>\n","protected":false},"excerpt":{"rendered":"<p>\u201cEli bitti bile!\u201d diye hayk\u0131rd\u0131 o s\u0131rada G\u00fclten\u2019in arkas\u0131nda bulunan k\u0131z\u0131. \u201cGe\u00e7mi\u015f olsun han\u0131mlar, beyler.\u201d \u201cBu s\u00f6yledi\u011finize \u201cpalindrom\u201d derler. Bilir misiniz?\u201d dedi Nuri Bey. \u201cAntik Yunan\u2019da<span class=\"excerpt-hellip\"> [\u2026]<\/span><\/p>\n","protected":false},"featured_media":0,"template":"","meta":{"_monsterinsights_skip_tracking":false,"_monsterinsights_sitenote_active":false,"_monsterinsights_sitenote_note":"","_monsterinsights_sitenote_category":0},"product_brand":[],"product_cat":[12291,12711],"product_tag":[],"class_list":{"0":"post-750980","1":"product","2":"type-product","3":"status-publish","5":"product_cat-edebiyat","6":"product_cat-roman-oyku","7":"pa_cilt-ciltsiz","8":"pa_tur-kitap","9":"pa_yayinevi-ayrikotu-yayinlari","10":"pa_yazar-umit-yalcin-dogan","12":"first","13":"instock","14":"sale","15":"shipping-taxable","16":"purchasable","17":"product-type-simple"},"_links":{"self":[{"href":"https:\/\/roveyayinevi.com.tr\/index.php\/wp-json\/wp\/v2\/product\/750980","targetHints":{"allow":["GET"]}}],"collection":[{"href":"https:\/\/roveyayinevi.com.tr\/index.php\/wp-json\/wp\/v2\/product"}],"about":[{"href":"https:\/\/roveyayinevi.com.tr\/index.php\/wp-json\/wp\/v2\/types\/product"}],"wp:attachment":[{"href":"https:\/\/roveyayinevi.com.tr\/index.php\/wp-json\/wp\/v2\/media?parent=750980"}],"wp:term":[{"taxonomy":"product_brand","embeddable":true,"href":"https:\/\/roveyayinevi.com.tr\/index.php\/wp-json\/wp\/v2\/product_brand?post=750980"},{"taxonomy":"product_cat","embeddable":true,"href":"https:\/\/roveyayinevi.com.tr\/index.php\/wp-json\/wp\/v2\/product_cat?post=750980"},{"taxonomy":"product_tag","embeddable":true,"href":"https:\/\/roveyayinevi.com.tr\/index.php\/wp-json\/wp\/v2\/product_tag?post=750980"}],"curies":[{"name":"wp","href":"https:\/\/api.w.org\/{rel}","templated":true}]}}