{"id":750973,"date":"2025-08-28T04:35:42","date_gmt":"2025-08-28T01:35:42","guid":{"rendered":"https:\/\/roveyayinevi.com.tr\/index.php\/urun\/disney-the-never-girls-2-aradaki-gecit\/"},"modified":"2026-04-16T03:04:04","modified_gmt":"2026-04-16T00:04:04","slug":"disney-the-never-girls-2-aradaki-gecit","status":"publish","type":"product","link":"https:\/\/roveyayinevi.com.tr\/index.php\/urun\/disney-the-never-girls-2-aradaki-gecit\/","title":{"rendered":"Disney The Never Girls 2 &#8211; Aradaki Ge\u00e7it"},"content":{"rendered":"<p>Periler diyar\u0131na sihirli bir yolculuk \u2026 Bu haks\u0131zl\u0131k! Kate, Mia, Lainey ve Gabby tam da Peri Kovu\u011fu\u2019na yerle\u015fecekleri s\u0131rada eve d\u00f6nmek zorunda! Tinker Bell, daha \u00f6nce hi\u00e7bir \u00e7ocu\u011fun D\u00fc\u015fler \u00dclkesi\u2019ne geri gelmedi\u011fini s\u00f6ylese de Lainey buna inanm\u0131yor. Bir daha asla bir geyi\u011fin s\u0131rt\u0131nda orman\u0131 a\u015famayacak m\u0131? Perilerden uzakta ya\u015farken hayvanlar\u0131n dilini nas\u0131l \u00f6\u011frenebilir? K\u0131zlar, D\u00fc\u015fler \u00dclkesi\u2019nden ayr\u0131lsalar bile bu diyar\u0131n sihri pe\u015flerinden geliyor gibi. Lainey, mutfakta g\u00f6rd\u00fc\u011f\u00fc farenin, perilerin s\u00fct farelerinden biri oldu\u011funa emin! Yoksa, iki diyar aras\u0131nda bir ge\u00e7it mi var? <\/p>\n","protected":false},"excerpt":{"rendered":"<p>Periler diyar\u0131na sihirli bir yolculuk \u2026 Bu haks\u0131zl\u0131k! Kate, Mia, Lainey ve Gabby tam da Peri Kovu\u011fu\u2019na yerle\u015fecekleri s\u0131rada eve d\u00f6nmek zorunda! Tinker Bell, daha \u00f6nce<span class=\"excerpt-hellip\"> [\u2026]<\/span><\/p>\n","protected":false},"featured_media":0,"template":"","meta":{"_monsterinsights_skip_tracking":false,"_monsterinsights_sitenote_active":false,"_monsterinsights_sitenote_note":"","_monsterinsights_sitenote_category":0},"product_brand":[],"product_cat":[12274,12284],"product_tag":[],"class_list":{"0":"post-750973","1":"product","2":"type-product","3":"status-publish","5":"product_cat-cocuk-ve-genclik-kitaplari","6":"product_cat-hikayeler","7":"pa_cilt-ciltsiz","8":"pa_tur-kitap","9":"pa_yayinevi-dogan-cocuk","10":"pa_yazar-kiki-thorpe","12":"first","13":"instock","14":"sale","15":"shipping-taxable","16":"purchasable","17":"product-type-simple"},"_links":{"self":[{"href":"https:\/\/roveyayinevi.com.tr\/index.php\/wp-json\/wp\/v2\/product\/750973","targetHints":{"allow":["GET"]}}],"collection":[{"href":"https:\/\/roveyayinevi.com.tr\/index.php\/wp-json\/wp\/v2\/product"}],"about":[{"href":"https:\/\/roveyayinevi.com.tr\/index.php\/wp-json\/wp\/v2\/types\/product"}],"wp:attachment":[{"href":"https:\/\/roveyayinevi.com.tr\/index.php\/wp-json\/wp\/v2\/media?parent=750973"}],"wp:term":[{"taxonomy":"product_brand","embeddable":true,"href":"https:\/\/roveyayinevi.com.tr\/index.php\/wp-json\/wp\/v2\/product_brand?post=750973"},{"taxonomy":"product_cat","embeddable":true,"href":"https:\/\/roveyayinevi.com.tr\/index.php\/wp-json\/wp\/v2\/product_cat?post=750973"},{"taxonomy":"product_tag","embeddable":true,"href":"https:\/\/roveyayinevi.com.tr\/index.php\/wp-json\/wp\/v2\/product_tag?post=750973"}],"curies":[{"name":"wp","href":"https:\/\/api.w.org\/{rel}","templated":true}]}}