{"id":750972,"date":"2025-08-28T04:35:40","date_gmt":"2025-08-28T01:35:40","guid":{"rendered":"https:\/\/roveyayinevi.com.tr\/index.php\/urun\/antroposende-kapitalizm-ekolojik-yikim-veya-ekolojik-devrim\/"},"modified":"2026-04-16T03:04:04","modified_gmt":"2026-04-16T00:04:04","slug":"antroposende-kapitalizm-ekolojik-yikim-veya-ekolojik-devrim","status":"publish","type":"product","link":"https:\/\/roveyayinevi.com.tr\/index.php\/urun\/antroposende-kapitalizm-ekolojik-yikim-veya-ekolojik-devrim\/","title":{"rendered":"Antroposen\u2019de Kapitalizm \u2013 Ekolojik Y\u0131k\u0131m veya Ekolojik Devrim"},"content":{"rendered":"<p>\u0130\u00e7inde ya\u015fad\u0131\u011f\u0131m\u0131z kapitalist sistem gelece\u011fimizi tehdit etti\u011fi gibi \u015fimdi bir de d\u00fcnya ile \u00e7at\u0131\u015f\u0131yor. Bu kitap, zaman\u0131m\u0131z\u0131n korkun\u00e7 ger\u00e7ekli\u011fine dair. Ancak ayn\u0131 zamanda da tarihin kritik anlar\u0131nda insanl\u0131\u011f\u0131n g\u00f6sterdi\u011fi \u00e7aban\u0131n bilgisine sahip olman\u0131n getirdi\u011fi bitip t\u00fckenmez bir umuda da dair. 1919 y\u0131l\u0131nda Marksist felsefeci Georg Lukacs d\u00fcnyan\u0131n kaderinin tehlikeye girdi\u011fi devrimci durumlarda \u201cbireyin bilinci ve sorumluluk duygusu, d\u00fcnyan\u0131n yazg\u0131s\u0131n\u0131n de\u011fi\u015fmesinin kendi eylemine ya da eylemsizli\u011fine ba\u011fl\u0131 oldu\u011fu varsay\u0131m\u0131yla kar\u015f\u0131 kar\u015f\u0131ya kal\u0131r\u201d demi\u015fti. Bug\u00fcn i\u015fte b\u00f6yle kritik bir d\u00f6nemde ya\u015f\u0131yoruz. \u0130nsanl\u0131\u011f\u0131n gelece\u011finin niteli\u011fi hatta varl\u0131\u011f\u0131 verdi\u011fimiz m\u00fccadelenin muhtevas\u0131na, kendimizi yeniden yaratarak d\u00fcnyay\u0131 da yeniden yaratma becerimize, sadece \u015fimdiki ve gelecekteki ku\u015faklar\u0131n de\u011fil, ayn\u0131 zamanda gezegende ya\u015fayan t\u00fcrlerin de iyili\u011fi i\u00e7in etraf\u0131m\u0131z\u0131 saran ve gelece\u011fi tehdit eden y\u0131k\u0131c\u0131 toplumsal ko\u015fullar\u0131 d\u00f6n\u00fc\u015ft\u00fcrme iste\u011fimize ba\u011fl\u0131. Kapitalizm do\u011fas\u0131 gere\u011fi kendi yuvas\u0131n\u0131 telafisi imk\u00e2ns\u0131z bir \u015fekilde kirleten bir sistem, \u00fcstelik art\u0131k bunu b\u00fct\u00fcn gezegene yayd\u0131. Bu durumun bir b\u00fct\u00fcn olarak insanl\u0131k ve gelecek b\u00fct\u00fcn nesiller i\u00e7in yaratt\u0131\u011f\u0131 sorunun \u00f6l\u00e7e\u011fi tahayy\u00fcllerin \u00f6tesinde. Bug\u00fcn d\u00fcnyada h\u00e2kim bir sosyoekonomik sistem olan kapitalizm, d\u00fcnyadaki \u00e7o\u011fu insan\u0131n g\u00fcndelik ya\u015fam\u0131n\u0131 etkiliyor. O kadar yayg\u0131n ve kapsay\u0131c\u0131 ki, \u015funu sormak mant\u0131kl\u0131: D\u00fcnyan\u0131n sonunu tasavvur etmek, kapitalizmin sonunu tasavvur etmekten daha m\u0131 iyi? <\/p>\n","protected":false},"excerpt":{"rendered":"<p>\u0130\u00e7inde ya\u015fad\u0131\u011f\u0131m\u0131z kapitalist sistem gelece\u011fimizi tehdit etti\u011fi gibi \u015fimdi bir de d\u00fcnya ile \u00e7at\u0131\u015f\u0131yor. Bu kitap, zaman\u0131m\u0131z\u0131n korkun\u00e7 ger\u00e7ekli\u011fine dair. Ancak ayn\u0131 zamanda da tarihin kritik<span class=\"excerpt-hellip\"> [\u2026]<\/span><\/p>\n","protected":false},"featured_media":0,"template":"","meta":{"_monsterinsights_skip_tracking":false,"_monsterinsights_sitenote_active":false,"_monsterinsights_sitenote_note":"","_monsterinsights_sitenote_category":0},"product_brand":[],"product_cat":[23323,12364],"product_tag":[],"class_list":{"0":"post-750972","1":"product","2":"type-product","3":"status-publish","5":"product_cat-ekoloji","6":"product_cat-genel-konular","7":"pa_cilt-ciltsiz","8":"pa_tur-kitap","9":"pa_yayinevi-kalkedon-yayincilik","10":"pa_yazar-john-bellamy-foster","12":"first","13":"instock","14":"sale","15":"shipping-taxable","16":"purchasable","17":"product-type-simple"},"_links":{"self":[{"href":"https:\/\/roveyayinevi.com.tr\/index.php\/wp-json\/wp\/v2\/product\/750972","targetHints":{"allow":["GET"]}}],"collection":[{"href":"https:\/\/roveyayinevi.com.tr\/index.php\/wp-json\/wp\/v2\/product"}],"about":[{"href":"https:\/\/roveyayinevi.com.tr\/index.php\/wp-json\/wp\/v2\/types\/product"}],"wp:attachment":[{"href":"https:\/\/roveyayinevi.com.tr\/index.php\/wp-json\/wp\/v2\/media?parent=750972"}],"wp:term":[{"taxonomy":"product_brand","embeddable":true,"href":"https:\/\/roveyayinevi.com.tr\/index.php\/wp-json\/wp\/v2\/product_brand?post=750972"},{"taxonomy":"product_cat","embeddable":true,"href":"https:\/\/roveyayinevi.com.tr\/index.php\/wp-json\/wp\/v2\/product_cat?post=750972"},{"taxonomy":"product_tag","embeddable":true,"href":"https:\/\/roveyayinevi.com.tr\/index.php\/wp-json\/wp\/v2\/product_tag?post=750972"}],"curies":[{"name":"wp","href":"https:\/\/api.w.org\/{rel}","templated":true}]}}