{"id":750970,"date":"2025-08-28T04:35:38","date_gmt":"2025-08-28T01:35:38","guid":{"rendered":"https:\/\/roveyayinevi.com.tr\/index.php\/urun\/kader-ve-irade-yasa-ve-ozgurluk\/"},"modified":"2026-04-16T03:04:04","modified_gmt":"2026-04-16T00:04:04","slug":"kader-ve-irade-yasa-ve-ozgurluk","status":"publish","type":"product","link":"https:\/\/roveyayinevi.com.tr\/index.php\/urun\/kader-ve-irade-yasa-ve-ozgurluk\/","title":{"rendered":"Kader ve \u0130rade Yasa ve \u00d6zg\u00fcrl\u00fck"},"content":{"rendered":"<p>Soru: Peki, bu kadar a\u00e7\u0131k ve evrensel realitelere ra\u011fmen, neden dindar ve dinsiz kesimlerden bir\u00e7ok ayd\u0131n kaderin varl\u0131\u011f\u0131n\u0131 kabul etmiyor?   Cevap: Dinsiz kesim, varl\u0131kta maddeden ba\u015fka bir g\u00fc\u00e7 ve realite kabul etmediklerinden, bilin\u00e7li planlama, d\u00fczenleme ve dengeleme demek olan kaderi ink\u00e2r etmek zorunda kal\u0131yorlar. Mevcut do\u011fal yasalardaki sonsuz bilin\u00e7 ve sanatl\u0131 i\u015fleyi\u015fi de ya bilinmezli\u011fe veya tesad\u00fcfe vermekten kaynaklanan k\u00f6rl\u00fcklerinden dolay\u0131 bu ger\u00e7e\u011fi g\u00f6remiyorlar.   Modern dindar kesim ise; Ontolojik olarak varl\u0131\u011f\u0131n mahiyetini, sonsuzluk ve zaman-\u00fcst\u00fcl\u00fck gibi evrensel hakikatleri bilmediklerinden ve bir\u00e7ok insan\u0131n varolu\u015fsal ve ahlak\u00ee bir de\u011fer olarak kaderi kendi g\u00fcnahlar\u0131na bir bahane yapt\u0131klar\u0131n\u0131 g\u00f6rd\u00fcklerinden, bu \u00f6nemli iman r\u00fckn\u00fcn\u00fc ink\u00e2r ediyorlar. Ve kaderi a\u00e7\u0131k\u00e7a anlatan onlarca Kur\u2019an ayetini anlams\u0131z ve m\u00fchmel b\u0131rak\u0131yorlar.   Bu iki neden d\u0131\u015f\u0131nda, bu as\u0131rda dindar-dinsiz herkeste benlik ve gurur fazlaca ajite edildi\u011finden insanlar, s\u0131n\u0131rs\u0131z sand\u0131klar\u0131 \u00f6zg\u00fcrl\u00fck ve iradelerini belli oranlarda s\u0131n\u0131rlayan, onlar\u0131 \u0130lahi sonsuz sisteme entegre eden; yani manen ger\u00e7ek \u00f6zg\u00fcrl\u00fck olan kullu\u011fa y\u00f6nlendiren kadere inanmak istemiyorlar.   Dindar kesim ise, siyasi ve k\u00fclt\u00fcrel olarak kendilerini bir peygambere, bir dine ba\u011fl\u0131 da g\u00f6rseler, bu as\u0131rda \u00e7ok\u00e7a geli\u015fen materyalizm, pozitivizm ve nedensellik, o dindarlara varl\u0131\u011f\u0131 ve hayat\u0131 bir derece kaotik ve karanl\u0131k olarak hissettiriyor. Haliyle insan fark\u0131na varmasa da hissiyat\u0131na ayk\u0131r\u0131 olabilecek \u015feylere inanmak istemez.   Evet, kadere inanmayan ki\u015fi, ba\u015fta iyilik-k\u00f6t\u00fcl\u00fck olmak \u00fczere her \u015feye, bir\u00e7ok g\u00fcce ve sebebe yetkinlik ve etkinlik vermek zorunda kal\u0131r. Dolay\u0131s\u0131yla b\u00f6yleler, sonsuz olan birlik ve bilincin ayd\u0131nl\u0131\u011f\u0131ndan mahrum kal\u0131p \u015firkin ve fikir anar\u015fizminin en k\u00f6t\u00fc \u015feklinin i\u00e7ine d\u00fc\u015fer. \u0130\u015fte bak\u0131n Mecusiler dindar olduklar\u0131 halde birlik, bilin\u00e7li yarat\u0131l\u0131\u015f ve sonsuz sistem demek olan kadere inanmad\u0131klar\u0131 i\u00e7in, iyilik ve k\u00f6t\u00fcl\u00fck tanr\u0131lar\u0131 (Yezdan ve Ehriman) diye iki ayr\u0131 yarat\u0131c\u0131ya inan\u0131yorlar. <\/p>\n","protected":false},"excerpt":{"rendered":"<p>Soru: Peki, bu kadar a\u00e7\u0131k ve evrensel realitelere ra\u011fmen, neden dindar ve dinsiz kesimlerden bir\u00e7ok ayd\u0131n kaderin varl\u0131\u011f\u0131n\u0131 kabul etmiyor? Cevap: Dinsiz kesim, varl\u0131kta maddeden ba\u015fka<span class=\"excerpt-hellip\"> [\u2026]<\/span><\/p>\n","protected":false},"featured_media":0,"template":"","meta":{"_monsterinsights_skip_tracking":false,"_monsterinsights_sitenote_active":false,"_monsterinsights_sitenote_note":"","_monsterinsights_sitenote_category":0},"product_brand":[],"product_cat":[12718],"product_tag":[],"class_list":{"0":"post-750970","1":"product","2":"type-product","3":"status-publish","5":"product_cat-din","6":"pa_cilt-ciltsiz","7":"pa_tur-kitap","8":"pa_yayinevi-gulnar-yayinlari","9":"pa_yazar-bahaeddin-saglam","11":"first","12":"instock","13":"sale","14":"shipping-taxable","15":"purchasable","16":"product-type-simple"},"_links":{"self":[{"href":"https:\/\/roveyayinevi.com.tr\/index.php\/wp-json\/wp\/v2\/product\/750970","targetHints":{"allow":["GET"]}}],"collection":[{"href":"https:\/\/roveyayinevi.com.tr\/index.php\/wp-json\/wp\/v2\/product"}],"about":[{"href":"https:\/\/roveyayinevi.com.tr\/index.php\/wp-json\/wp\/v2\/types\/product"}],"wp:attachment":[{"href":"https:\/\/roveyayinevi.com.tr\/index.php\/wp-json\/wp\/v2\/media?parent=750970"}],"wp:term":[{"taxonomy":"product_brand","embeddable":true,"href":"https:\/\/roveyayinevi.com.tr\/index.php\/wp-json\/wp\/v2\/product_brand?post=750970"},{"taxonomy":"product_cat","embeddable":true,"href":"https:\/\/roveyayinevi.com.tr\/index.php\/wp-json\/wp\/v2\/product_cat?post=750970"},{"taxonomy":"product_tag","embeddable":true,"href":"https:\/\/roveyayinevi.com.tr\/index.php\/wp-json\/wp\/v2\/product_tag?post=750970"}],"curies":[{"name":"wp","href":"https:\/\/api.w.org\/{rel}","templated":true}]}}