{"id":750965,"date":"2025-08-28T04:35:30","date_gmt":"2025-08-28T01:35:30","guid":{"rendered":"https:\/\/roveyayinevi.com.tr\/index.php\/urun\/keske-sadece-seyircisi-olabilseydim\/"},"modified":"2026-04-16T03:04:04","modified_gmt":"2026-04-16T00:04:04","slug":"keske-sadece-seyircisi-olabilseydim","status":"publish","type":"product","link":"https:\/\/roveyayinevi.com.tr\/index.php\/urun\/keske-sadece-seyircisi-olabilseydim\/","title":{"rendered":"Ke\u015fke Sadece Seyircisi Olabilseydim"},"content":{"rendered":"<p>\u00dclk\u00fc Tamer, bir\u00e7ok sanat dal\u0131yla ilgilenmi\u015f bir sanat\u00e7\u0131d\u0131r. Onun \u00f6zellikle \u00e7ocuklu\u011funda Gaziantep\u2019te ba\u015flayan sinema sevdas\u0131 ve bu sevdan\u0131n farkl\u0131 bir boyutu da olan \u0130stanbul y\u0131llar\u0131ndaki tiyatroya olan ilgisi sanat\u00e7\u0131 ki\u015fili\u011fini \u00e7e\u015fitli a\u00e7\u0131lardan zenginle\u015ftiren bir y\u00f6ne sahiptir. Tiyatro ve sinema, \u00dclk\u00fc Tamer\u2019in d\u00fcnyas\u0131n\u0131n farkl\u0131 birer penceresidir. Bu sanatlarla kurdu\u011fu ileti\u015fim, onun sanat d\u00fcnyas\u0131n\u0131 son derece ilgin\u00e7 yapmakla kalmaz, bir \u015fairin hayat\u0131 boyunca estetik zevkler ald\u0131\u011f\u0131 farkl\u0131 evrenlerle kendi d\u00fcnyas\u0131n\u0131 nas\u0131l doldurdu\u011funu da g\u00f6sterir. \u00dclk\u00fc Tamer\u2019in ya\u015fant\u0131 zenginli\u011finin farkl\u0131 bir y\u00f6n\u00fc de onun futbola olan sevgisidir. Bu y\u00fczden yine \u00e7ocuklu\u011funda ba\u015flayan futbol sevgisi, onun hayat\u0131nda yer etmi\u015ftir. An\u0131lar\u0131yla harmanlad\u0131\u011f\u0131 futbol yaz\u0131lar\u0131, bir \u015fairin futbola dair sevgisinin ve an\u0131lar\u0131n\u0131n inceliklerini g\u00f6stermesi a\u00e7\u0131s\u0131ndan da okur i\u00e7in ba\u015fka bir ke\u015fiftir. Ke\u015fke Sadece Seyircisi Olabilseydim, pek\u00e2l\u00e2, \u015fairin Gaziantep\u2019te ba\u015flay\u0131p \u0130stanbul\u2019da b\u00fcy\u00fcy\u00fcp geni\u015fleyen duyu\u015f g\u00fcc\u00fcn\u00fcn, geni\u015f ilgi alanlar\u0131n\u0131 \u015fiirle s\u00fcsleyi\u015finin, ne y\u00f6ne d\u00f6nerse d\u00f6ns\u00fcn orada bir \u015fair olarak bulunu\u015funun, ola\u011fan\u00fcst\u00fc belgeleri olarak okunabilir.<\/p>\n","protected":false},"excerpt":{"rendered":"<p>\u00dclk\u00fc Tamer, bir\u00e7ok sanat dal\u0131yla ilgilenmi\u015f bir sanat\u00e7\u0131d\u0131r. Onun \u00f6zellikle \u00e7ocuklu\u011funda Gaziantep\u2019te ba\u015flayan sinema sevdas\u0131 ve bu sevdan\u0131n farkl\u0131 bir boyutu da olan \u0130stanbul y\u0131llar\u0131ndaki tiyatroya<span class=\"excerpt-hellip\"> [\u2026]<\/span><\/p>\n","protected":false},"featured_media":0,"template":"","meta":{"_monsterinsights_skip_tracking":false,"_monsterinsights_sitenote_active":false,"_monsterinsights_sitenote_note":"","_monsterinsights_sitenote_category":0},"product_brand":[],"product_cat":[12777,12291],"product_tag":[],"class_list":{"0":"post-750965","1":"product","2":"type-product","3":"status-publish","5":"product_cat-deneme","6":"product_cat-edebiyat","7":"pa_cilt-ciltsiz","8":"pa_tur-kitap","9":"pa_yayinevi-ketebe-yayinlari","10":"pa_yazar-ulku-tamer","12":"first","13":"instock","14":"sale","15":"shipping-taxable","16":"purchasable","17":"product-type-simple"},"_links":{"self":[{"href":"https:\/\/roveyayinevi.com.tr\/index.php\/wp-json\/wp\/v2\/product\/750965","targetHints":{"allow":["GET"]}}],"collection":[{"href":"https:\/\/roveyayinevi.com.tr\/index.php\/wp-json\/wp\/v2\/product"}],"about":[{"href":"https:\/\/roveyayinevi.com.tr\/index.php\/wp-json\/wp\/v2\/types\/product"}],"wp:attachment":[{"href":"https:\/\/roveyayinevi.com.tr\/index.php\/wp-json\/wp\/v2\/media?parent=750965"}],"wp:term":[{"taxonomy":"product_brand","embeddable":true,"href":"https:\/\/roveyayinevi.com.tr\/index.php\/wp-json\/wp\/v2\/product_brand?post=750965"},{"taxonomy":"product_cat","embeddable":true,"href":"https:\/\/roveyayinevi.com.tr\/index.php\/wp-json\/wp\/v2\/product_cat?post=750965"},{"taxonomy":"product_tag","embeddable":true,"href":"https:\/\/roveyayinevi.com.tr\/index.php\/wp-json\/wp\/v2\/product_tag?post=750965"}],"curies":[{"name":"wp","href":"https:\/\/api.w.org\/{rel}","templated":true}]}}