{"id":750964,"date":"2025-08-28T04:35:28","date_gmt":"2025-08-28T01:35:28","guid":{"rendered":"https:\/\/roveyayinevi.com.tr\/index.php\/urun\/kavramsal-olmayanin-teorisi\/"},"modified":"2026-04-16T03:04:04","modified_gmt":"2026-04-16T00:04:04","slug":"kavramsal-olmayanin-teorisi","status":"publish","type":"product","link":"https:\/\/roveyayinevi.com.tr\/index.php\/urun\/kavramsal-olmayanin-teorisi\/","title":{"rendered":"Kavramsal Olmayan\u0131n Teorisi"},"content":{"rendered":"<p>Hans Blumenberg\u2019in Gemi Bat\u0131yor Seyrediyorlar\u2019\u0131, \u201cKavramsal Olmayan\u0131n Teorisine Bak\u0131\u015f\u201d gibi esrarengiz bir ba\u015fl\u0131k ta\u015f\u0131yan bir yaz\u0131yla sona erer. Teorinin temel ko\u015fullar\u0131yla \u2013yani kavramsal olarak olu\u015fturulmakla\u2013 \u00e7eli\u015fiyor gibi g\u00f6ru\u0308nen ve dolay\u0131s\u0131yla pek \u00e7ok muammaya yol a\u00e7an bu bak\u0131\u015f, Blumenberg\u2019in ya\u015fam\u0131 boyunca varl\u0131\u011f\u0131n\u0131 su\u0308rdu\u0308rmu\u0308\u015ftu\u0308r. Nitekim onun terekesinde yap\u0131lan muazzam ke\u015fiflerden biri de bu \u201cbak\u0131\u015f\u201d\u0131 tam geli\u015fmi\u015f bir Kavramsal Olmayan\u0131n Teorisi\u2019ne kadar g\u00f6tu\u0308ren daha uzun bir el yazmas\u0131d\u0131r ve bu \u00e7al\u0131\u015fma ayn\u0131 zamanda, Blumenberg\u2019in felsefi projesi i\u00e7in bu\u0308tu\u0308nu\u0308yle bir program yaz\u0131s\u0131 niteli\u011findedir. Yirminci yu\u0308zy\u0131l\u0131n en \u00f6nemli Alman filozoflar\u0131ndan biri kabul edilen Hans Blumenberg, bu kitapta, kavramsal du\u0308\u015fu\u0308nmenin (ya da eksikli\u011fin) bili\u015fteki rolu\u0308ne odaklan\u0131yor. Bu ba\u011flamda estetik, ya\u015fam du\u0308nyas\u0131 kavram\u0131, mutluluk, metaforlar, olumsuzlaman\u0131n epistemik i\u015fleyi\u015fi ya da \u00f6nlem alman\u0131n antropolojik i\u015flevi gibi konular Blumenberg\u2019in g\u00f6zlemlerinin geni\u015f yelpazesinde \u00f6zellikle \u00f6ne \u00e7\u0131k\u0131yor. \u00c7e\u015fitli felsefe ve edebiyat metinlerinden getirdi\u011fi \u00f6rnek ve betimlemelerle Blumenberg, kavramsal du\u0308\u015fu\u0308nmenin nas\u0131l mu\u0308mku\u0308n olabilece\u011fi sorusuna dikkat \u00e7ekerken, esas\u0131nda insanlar\u0131n ger\u00e7eklikle ba\u015fa \u00e7\u0131kma bi\u00e7imlerini bir araya getiriyor.<\/p>\n","protected":false},"excerpt":{"rendered":"<p>Hans Blumenberg\u2019in Gemi Bat\u0131yor Seyrediyorlar\u2019\u0131, \u201cKavramsal Olmayan\u0131n Teorisine Bak\u0131\u015f\u201d gibi esrarengiz bir ba\u015fl\u0131k ta\u015f\u0131yan bir yaz\u0131yla sona erer. Teorinin temel ko\u015fullar\u0131yla \u2013yani kavramsal olarak olu\u015fturulmakla\u2013 \u00e7eli\u015fiyor<span class=\"excerpt-hellip\"> [\u2026]<\/span><\/p>\n","protected":false},"featured_media":0,"template":"","meta":{"_monsterinsights_skip_tracking":false,"_monsterinsights_sitenote_active":false,"_monsterinsights_sitenote_note":"","_monsterinsights_sitenote_category":0},"product_brand":[],"product_cat":[20351,12388],"product_tag":[],"class_list":{"0":"post-750964","1":"product","2":"type-product","3":"status-publish","5":"product_cat-dusunce","6":"product_cat-felsefe","7":"pa_cilt-ciltsiz","8":"pa_tur-kitap","9":"pa_yayinevi-ketebe-yayinlari","10":"pa_yazar-hans-blumenberg","12":"first","13":"instock","14":"sale","15":"shipping-taxable","16":"purchasable","17":"product-type-simple"},"_links":{"self":[{"href":"https:\/\/roveyayinevi.com.tr\/index.php\/wp-json\/wp\/v2\/product\/750964","targetHints":{"allow":["GET"]}}],"collection":[{"href":"https:\/\/roveyayinevi.com.tr\/index.php\/wp-json\/wp\/v2\/product"}],"about":[{"href":"https:\/\/roveyayinevi.com.tr\/index.php\/wp-json\/wp\/v2\/types\/product"}],"wp:attachment":[{"href":"https:\/\/roveyayinevi.com.tr\/index.php\/wp-json\/wp\/v2\/media?parent=750964"}],"wp:term":[{"taxonomy":"product_brand","embeddable":true,"href":"https:\/\/roveyayinevi.com.tr\/index.php\/wp-json\/wp\/v2\/product_brand?post=750964"},{"taxonomy":"product_cat","embeddable":true,"href":"https:\/\/roveyayinevi.com.tr\/index.php\/wp-json\/wp\/v2\/product_cat?post=750964"},{"taxonomy":"product_tag","embeddable":true,"href":"https:\/\/roveyayinevi.com.tr\/index.php\/wp-json\/wp\/v2\/product_tag?post=750964"}],"curies":[{"name":"wp","href":"https:\/\/api.w.org\/{rel}","templated":true}]}}