{"id":750961,"date":"2025-08-28T04:35:22","date_gmt":"2025-08-28T01:35:22","guid":{"rendered":"https:\/\/roveyayinevi.com.tr\/index.php\/urun\/1936-model-gencler\/"},"modified":"2026-04-16T03:04:04","modified_gmt":"2026-04-16T00:04:04","slug":"1936-model-gencler","status":"publish","type":"product","link":"https:\/\/roveyayinevi.com.tr\/index.php\/urun\/1936-model-gencler\/","title":{"rendered":"1936 Model Gen\u00e7ler"},"content":{"rendered":"<p>1930\u2019lu y\u0131llarda \u00fcniversiteli gen\u00e7ler aras\u0131nda Nam\u0131k Kemal\u2019e kar\u015f\u0131 bir ilgi canlanmaya ba\u015flar. Kimi zaman anma toplant\u0131lar\u0131yla, kimi zaman ise gazete yaz\u0131lar\u0131yla ve deme\u00e7lerle k\u00f6r\u00fcklenen bu ilgi, edebiyat d\u00fcnyas\u0131nda da bir tart\u0131\u015fman\u0131n do\u011fmas\u0131na neden olur. Peyami Safa\u2019n\u0131n ve MTTB \u00e7evrelerinin ba\u015f\u0131n\u0131 \u00e7ekti\u011fi bir grup yazar Nam\u0131k Kemal ilgisini ho\u015f kar\u015f\u0131larken, N\u00e2z\u0131m Hikmet ve Kerim Sadi gibi sol g\u00f6r\u00fc\u015fl\u00fc yazarlar\u0131n a\u011f\u0131rl\u0131kl\u0131 oldu\u011fu bir grup ise gen\u00e7lerin daha \u00f6nemli konulara ve \u201cas\u0131l h\u00fcrriyetperverlere\u201d ilgi duymas\u0131 gerekti\u011fini savunur. Bu tart\u0131\u015fmalar\u0131 ilgiyle takip eden \u201cgen\u00e7 gazeteci\u201d Kemal Tahir ise d\u00f6nemin \u00f6nemli edebiyat ve d\u00fc\u015f\u00fcnce insanlar\u0131yla ve tart\u0131\u015fman\u0131n taraflar\u0131yla m\u00fclakatlar yaparak bunlar\u0131, \u201cNam\u0131k Kemal \u0130\u00e7in Diyorlar Ki\u201d isimli bir bro\u015f\u00fcrde toplar. Bu bro\u015f\u00fcre gelen tepkiler \u00fczerine Suat Dervi\u015f ve Ahmed Cevad\u2019la beraber \u201c1936 Model Gen\u00e7ler ve Zavall\u0131 Peyami Safa\u201d adl\u0131 ikinci bir bro\u015f\u00fcr yay\u0131mlayan Kemal Tahir ele\u015ftirilere cevap verir. 1936 Model Gen\u00e7ler, Kemal Tahir\u2019in gazeteci ki\u015fili\u011fiyle tan\u0131\u015ft\u0131\u011f\u0131m\u0131z, hayat\u0131n\u0131n \u00f6nemli bir d\u00f6nemine, edebiyat ve d\u00fc\u015f\u00fcnce \u00e7evreleriyle kurdu\u011fu ili\u015fkiye ve yazar\u0131n, T\u00fcrk Edebiyat\u0131ndaki kalem kavgalar\u0131nda bulundu\u011fu konuma tan\u0131kl\u0131k etti\u011fimiz bir kitap olmas\u0131n\u0131n yan\u0131nda, okuyucuyu, \u201cGe\u00e7it\u201d dergisiyle edebiyat d\u00fcnyas\u0131nda kendine bir yer edinen Kemal Tahir\u2019in imzas\u0131n\u0131 ta\u015f\u0131yan ilk eserlerle bulu\u015fturuyor. <\/p>\n","protected":false},"excerpt":{"rendered":"<p>1930\u2019lu y\u0131llarda \u00fcniversiteli gen\u00e7ler aras\u0131nda Nam\u0131k Kemal\u2019e kar\u015f\u0131 bir ilgi canlanmaya ba\u015flar. Kimi zaman anma toplant\u0131lar\u0131yla, kimi zaman ise gazete yaz\u0131lar\u0131yla ve deme\u00e7lerle k\u00f6r\u00fcklenen bu ilgi,<span class=\"excerpt-hellip\"> [\u2026]<\/span><\/p>\n","protected":false},"featured_media":0,"template":"","meta":{"_monsterinsights_skip_tracking":false,"_monsterinsights_sitenote_active":false,"_monsterinsights_sitenote_note":"","_monsterinsights_sitenote_category":0},"product_brand":[],"product_cat":[13072,12291],"product_tag":[],"class_list":{"0":"post-750961","1":"product","2":"type-product","3":"status-publish","5":"product_cat-arastirma-inceleme-referans","6":"product_cat-edebiyat","7":"pa_cilt-ciltsiz","8":"pa_tur-kitap","9":"pa_yayinevi-ketebe-yayinlari","10":"pa_yazar-kolektif","12":"first","13":"instock","14":"sale","15":"shipping-taxable","16":"purchasable","17":"product-type-simple"},"_links":{"self":[{"href":"https:\/\/roveyayinevi.com.tr\/index.php\/wp-json\/wp\/v2\/product\/750961","targetHints":{"allow":["GET"]}}],"collection":[{"href":"https:\/\/roveyayinevi.com.tr\/index.php\/wp-json\/wp\/v2\/product"}],"about":[{"href":"https:\/\/roveyayinevi.com.tr\/index.php\/wp-json\/wp\/v2\/types\/product"}],"wp:attachment":[{"href":"https:\/\/roveyayinevi.com.tr\/index.php\/wp-json\/wp\/v2\/media?parent=750961"}],"wp:term":[{"taxonomy":"product_brand","embeddable":true,"href":"https:\/\/roveyayinevi.com.tr\/index.php\/wp-json\/wp\/v2\/product_brand?post=750961"},{"taxonomy":"product_cat","embeddable":true,"href":"https:\/\/roveyayinevi.com.tr\/index.php\/wp-json\/wp\/v2\/product_cat?post=750961"},{"taxonomy":"product_tag","embeddable":true,"href":"https:\/\/roveyayinevi.com.tr\/index.php\/wp-json\/wp\/v2\/product_tag?post=750961"}],"curies":[{"name":"wp","href":"https:\/\/api.w.org\/{rel}","templated":true}]}}