{"id":750959,"date":"2025-08-28T04:35:19","date_gmt":"2025-08-28T01:35:19","guid":{"rendered":"https:\/\/roveyayinevi.com.tr\/index.php\/urun\/michel-foucaultnun-yazar-nediri\/"},"modified":"2026-04-16T03:04:04","modified_gmt":"2026-04-16T00:04:04","slug":"michel-foucaultnun-yazar-nediri","status":"publish","type":"product","link":"https:\/\/roveyayinevi.com.tr\/index.php\/urun\/michel-foucaultnun-yazar-nediri\/","title":{"rendered":"Michel Foucault\u2019nun Yazar Nedir\u2019i"},"content":{"rendered":"<p>Filozof, fikir tarih\u00e7isi ve teorisyen Michel Foucault, yirminci y\u00fczy\u0131l d\u00fc\u015f\u00fcncesinin en etkili isimlerindendi. Onun 1969 tarihli konu\u015fmas\u0131ndan aktar\u0131lan \u201cYazar Nedir?\u201d makalesi; yazar\u0131n niyeti, metinlerin anlam\u0131 ve \u201cyazar\u0131n \u00f6l\u00fcm\u00fc\u201d tezine dair bir dizi girift meseleyi ele al\u0131r ve okuyucuya \u00e7ok say\u0131da \u201cs\u00f6m\u00fcr\u00fclmemi\u015f soru\u201d sorar. Bir metnin anlam\u0131n\u0131 tan\u0131mlayan veya olu\u015fturan \u015fey nedir? Yazarlar ne anlatmaya niyetlendiklerini biliyorlar m\u0131? Peki ya niyetlenilmeyen ya da tarih boyunca de\u011fi\u015fen anlamlar? Eser ger\u00e7ekten de yazar\u0131n varl\u0131\u011f\u0131n\u0131 gerektirir mi? \u201cKimin konu\u015ftu\u011funun ne \u00f6nemi var?\u201d   Tim Smith-Laing bu k\u0131\u015fk\u0131rt\u0131c\u0131 tahlilde, \u201cYazar Nedir?\u201din yay\u0131mland\u0131\u011f\u0131 d\u00f6nemde nas\u0131l bir etki yaratt\u0131\u011f\u0131, edebiyat teorisi miras\u0131n\u0131n \u00f6nemli bir par\u00e7as\u0131 olarak gu\u0308ncelli\u011fini h\u00e2l\u00e2 nas\u0131l korudu\u011fu \u00fczerine ayd\u0131nlat\u0131c\u0131 bir inceleme sunuyor. \u201cYazar Nedir?\u201d edebiyat \u00f6\u011frencileri ba\u015fta olmak \u00fczere bu alanla ilgilenen herkes i\u00e7in hem edeb\u00ee metinlerde yazar ve yazar\u0131n niyeti hakk\u0131nda devam eden tart\u0131\u015fmalar\u0131 anlaman\u0131n bir arac\u0131 hem de Foucault\u2019nun eserlerine giden yolda bir mihenk ta\u015f\u0131.   \u201cFoucault\u2019ya g\u00f6re yazar, anlam\u0131n kayna\u011f\u0131 de\u011fil, anlam\u0131n \u00e7o\u011falmas\u0131ndan korkma bi\u00e7imimizi belirleyen ideolojik bir fig\u00fcrd\u00fcr.\u201d <\/p>\n","protected":false},"excerpt":{"rendered":"<p>Filozof, fikir tarih\u00e7isi ve teorisyen Michel Foucault, yirminci y\u00fczy\u0131l d\u00fc\u015f\u00fcncesinin en etkili isimlerindendi. Onun 1969 tarihli konu\u015fmas\u0131ndan aktar\u0131lan \u201cYazar Nedir?\u201d makalesi; yazar\u0131n niyeti, metinlerin anlam\u0131 ve<span class=\"excerpt-hellip\"> [\u2026]<\/span><\/p>\n","protected":false},"featured_media":0,"template":"","meta":{"_monsterinsights_skip_tracking":false,"_monsterinsights_sitenote_active":false,"_monsterinsights_sitenote_note":"","_monsterinsights_sitenote_category":0},"product_brand":[],"product_cat":[13072,12291],"product_tag":[],"class_list":{"0":"post-750959","1":"product","2":"type-product","3":"status-publish","5":"product_cat-arastirma-inceleme-referans","6":"product_cat-edebiyat","7":"pa_cilt-ciltsiz","8":"pa_tur-kitap","9":"pa_yayinevi-ketebe-yayinlari","10":"pa_yazar-tim-smith-laing","12":"first","13":"instock","14":"sale","15":"shipping-taxable","16":"purchasable","17":"product-type-simple"},"_links":{"self":[{"href":"https:\/\/roveyayinevi.com.tr\/index.php\/wp-json\/wp\/v2\/product\/750959","targetHints":{"allow":["GET"]}}],"collection":[{"href":"https:\/\/roveyayinevi.com.tr\/index.php\/wp-json\/wp\/v2\/product"}],"about":[{"href":"https:\/\/roveyayinevi.com.tr\/index.php\/wp-json\/wp\/v2\/types\/product"}],"wp:attachment":[{"href":"https:\/\/roveyayinevi.com.tr\/index.php\/wp-json\/wp\/v2\/media?parent=750959"}],"wp:term":[{"taxonomy":"product_brand","embeddable":true,"href":"https:\/\/roveyayinevi.com.tr\/index.php\/wp-json\/wp\/v2\/product_brand?post=750959"},{"taxonomy":"product_cat","embeddable":true,"href":"https:\/\/roveyayinevi.com.tr\/index.php\/wp-json\/wp\/v2\/product_cat?post=750959"},{"taxonomy":"product_tag","embeddable":true,"href":"https:\/\/roveyayinevi.com.tr\/index.php\/wp-json\/wp\/v2\/product_tag?post=750959"}],"curies":[{"name":"wp","href":"https:\/\/api.w.org\/{rel}","templated":true}]}}