{"id":750958,"date":"2025-08-28T04:35:17","date_gmt":"2025-08-28T01:35:17","guid":{"rendered":"https:\/\/roveyayinevi.com.tr\/index.php\/urun\/modern-epik\/"},"modified":"2026-04-16T03:04:04","modified_gmt":"2026-04-16T00:04:04","slug":"modern-epik","status":"publish","type":"product","link":"https:\/\/roveyayinevi.com.tr\/index.php\/urun\/modern-epik\/","title":{"rendered":"Modern Epik"},"content":{"rendered":"<p>Sahiden, modern bir epi\u011fe ihtiya\u00e7 var m\u0131yd\u0131? Yahut bizi eski d\u00fcnyalar\u0131n ate\u015fin kahramanlar\u0131n\u0131n yolculuklar\u0131na davet eden epik gelenek, modern d\u00fcnyan\u0131n par\u00e7alanm\u0131\u015f ger\u00e7ekli\u011fi kar\u015f\u0131s\u0131nda kendisini oldu\u011fu gibi muhafaza edebilir miydi?   Franco Moretti, Modern Epik\u2019te, Faust, Moby Dick, Nibelung Y\u00fcz\u00fc\u011f\u00fc, Ulysses, \u00c7orak \u00dclke ve Y\u00fczy\u0131ll\u0131k Yaln\u0131zl\u0131k gibi \u201ckusurlu ba\u015fyap\u0131tlar\u0131\u201d merkeze al\u0131yor ve nas\u0131l s\u0131n\u0131fland\u0131r\u0131lacaklar\u0131 konusunda tart\u0131\u015fmalara yol a\u00e7an bu eserleri d\u00fcnya metinleri dedi\u011fi yepyeni ve \u00f6zg\u00fcn bir kategoriye dahil ediyor. Zaman\u0131n ve mek\u00e2n\u0131n silikle\u015ftirilerek \u00e7o\u011falt\u0131ld\u0131\u011f\u0131; hik\u00e2yelerin \u00fcst \u00fcste y\u0131\u011f\u0131lmas\u0131yla katmanlar\u0131n art\u0131r\u0131ld\u0131\u011f\u0131; seslerin i\u00e7 i\u00e7e ge\u00e7ti\u011fi; \u015fiddetin ink\u00e2r\u0131yla kahraman\u0131n eylem(sizlik)inin me\u015frula\u015ft\u0131r\u0131ld\u0131\u011f\u0131 bu metinler, birbirlerinden olduk\u00e7a farkl\u0131 g\u00f6r\u00fcnmelerine ra\u011fmen Moretti\u2019nin ku\u015fat\u0131c\u0131 bak\u0131\u015f\u0131yla tek \u00e7at\u0131 alt\u0131nda toplan\u0131yor.   Modern Epik, edebiyat\u0131n ve esteti\u011fin s\u0131n\u0131rlar\u0131n\u0131 a\u015farak toplum-birey-devlet ili\u015fkilerini disiplinleraras\u0131 bir zeminde ele al\u0131yor ve modern epi\u011fin insanl\u0131\u011f\u0131n evrensel bireyini yaratmada izledi\u011fi yolu g\u00f6steriyor.   \u201cYa\u015fayan\u201d ve bireysellikten kopar\u0131lamaz bir b\u00fct\u00fcn&#8230; Bir kahraman sayesinde \u015fekil alan ve kendini onda tan\u0131yan bir d\u00fcnya.<\/p>\n","protected":false},"excerpt":{"rendered":"<p>Sahiden, modern bir epi\u011fe ihtiya\u00e7 var m\u0131yd\u0131? Yahut bizi eski d\u00fcnyalar\u0131n ate\u015fin kahramanlar\u0131n\u0131n yolculuklar\u0131na davet eden epik gelenek, modern d\u00fcnyan\u0131n par\u00e7alanm\u0131\u015f ger\u00e7ekli\u011fi kar\u015f\u0131s\u0131nda kendisini oldu\u011fu gibi<span class=\"excerpt-hellip\"> [\u2026]<\/span><\/p>\n","protected":false},"featured_media":0,"template":"","meta":{"_monsterinsights_skip_tracking":false,"_monsterinsights_sitenote_active":false,"_monsterinsights_sitenote_note":"","_monsterinsights_sitenote_category":0},"product_brand":[],"product_cat":[13072,12291],"product_tag":[],"class_list":{"0":"post-750958","1":"product","2":"type-product","3":"status-publish","5":"product_cat-arastirma-inceleme-referans","6":"product_cat-edebiyat","7":"pa_cilt-ciltsiz","8":"pa_tur-kitap","9":"pa_yayinevi-ketebe-yayinlari","10":"pa_yazar-franco-moretti","12":"first","13":"instock","14":"sale","15":"shipping-taxable","16":"purchasable","17":"product-type-simple"},"_links":{"self":[{"href":"https:\/\/roveyayinevi.com.tr\/index.php\/wp-json\/wp\/v2\/product\/750958","targetHints":{"allow":["GET"]}}],"collection":[{"href":"https:\/\/roveyayinevi.com.tr\/index.php\/wp-json\/wp\/v2\/product"}],"about":[{"href":"https:\/\/roveyayinevi.com.tr\/index.php\/wp-json\/wp\/v2\/types\/product"}],"wp:attachment":[{"href":"https:\/\/roveyayinevi.com.tr\/index.php\/wp-json\/wp\/v2\/media?parent=750958"}],"wp:term":[{"taxonomy":"product_brand","embeddable":true,"href":"https:\/\/roveyayinevi.com.tr\/index.php\/wp-json\/wp\/v2\/product_brand?post=750958"},{"taxonomy":"product_cat","embeddable":true,"href":"https:\/\/roveyayinevi.com.tr\/index.php\/wp-json\/wp\/v2\/product_cat?post=750958"},{"taxonomy":"product_tag","embeddable":true,"href":"https:\/\/roveyayinevi.com.tr\/index.php\/wp-json\/wp\/v2\/product_tag?post=750958"}],"curies":[{"name":"wp","href":"https:\/\/api.w.org\/{rel}","templated":true}]}}