{"id":750955,"date":"2025-08-28T04:35:13","date_gmt":"2025-08-28T01:35:13","guid":{"rendered":"https:\/\/roveyayinevi.com.tr\/index.php\/urun\/osmanli-imparatorlugu-tarihi-2\/"},"modified":"2026-04-16T03:04:04","modified_gmt":"2026-04-16T00:04:04","slug":"osmanli-imparatorlugu-tarihi-2","status":"publish","type":"product","link":"https:\/\/roveyayinevi.com.tr\/index.php\/urun\/osmanli-imparatorlugu-tarihi-2\/","title":{"rendered":"Osmanl\u0131 \u0130mparatorlu\u011fu Tarihi"},"content":{"rendered":"<p>1299 y\u0131l\u0131nda Osman Bey taraf\u0131ndan kurulan \u201cDevlet-i Aliyye\u201d Osmanl\u0131, orta\u00e7a\u011fdan yak\u0131n\u00e7a\u011fa kadar varl\u0131\u011f\u0131n\u0131 s\u00fcrd\u00fcrm\u00fc\u015f; Balkanlar, Ortado\u011fu ve Afrika k\u0131tas\u0131na yay\u0131lm\u0131\u015f b\u00fcy\u00fck bir imparatorluktu. Osmanl\u0131 \u0130mparatorlu\u011fu Tarihi bir\u00e7ok \u0131rktan ve milletten insan\u0131 bar\u0131nd\u0131ran bir imparatorlu\u011fun nas\u0131l kuruldu\u011fu, nas\u0131l bir araya geldi\u011fi ve da\u011f\u0131l\u0131\u015f\u0131na kadar ge\u00e7en s\u00fcre\u00e7te neler oldu\u011funa dair b\u00fct\u00fcnc\u00fcl bir bak\u0131\u015f a\u00e7\u0131s\u0131 kapsaml\u0131 bir \u015fekilde g\u00f6zler \u00f6n\u00fcne seriliyor.   Douglas A. Howard, Osmanl\u0131 padi\u015fahlar\u0131n\u0131n, \u00e7e\u015fitli devlet g\u00f6revlilerinin ve geni\u015f hane halk\u0131n\u0131n rol\u00fcne, saray ya\u015fam\u0131na, uygulanan mali politikalara de\u011finiyor; hastal\u0131k ve felaket d\u00f6nemlerini, g\u00f6\u00e7 ve \u015fiddetin insanlar \u00fczerindeki etkilerini sebep-sonu\u00e7lar\u0131yla irdeliyor. <\/p>\n","protected":false},"excerpt":{"rendered":"<p>1299 y\u0131l\u0131nda Osman Bey taraf\u0131ndan kurulan \u201cDevlet-i Aliyye\u201d Osmanl\u0131, orta\u00e7a\u011fdan yak\u0131n\u00e7a\u011fa kadar varl\u0131\u011f\u0131n\u0131 s\u00fcrd\u00fcrm\u00fc\u015f; Balkanlar, Ortado\u011fu ve Afrika k\u0131tas\u0131na yay\u0131lm\u0131\u015f b\u00fcy\u00fck bir imparatorluktu. Osmanl\u0131 \u0130mparatorlu\u011fu Tarihi<span class=\"excerpt-hellip\"> [\u2026]<\/span><\/p>\n","protected":false},"featured_media":0,"template":"","meta":{"_monsterinsights_skip_tracking":false,"_monsterinsights_sitenote_active":false,"_monsterinsights_sitenote_note":"","_monsterinsights_sitenote_category":0},"product_brand":[],"product_cat":[12312,12304],"product_tag":[],"class_list":{"0":"post-750955","1":"product","2":"type-product","3":"status-publish","5":"product_cat-diger","6":"product_cat-tarih","7":"pa_cilt-ciltsiz","8":"pa_tur-kitap","9":"pa_yayinevi-alfa-yayinlari","10":"pa_yazar-douglas-a-howard","12":"first","13":"instock","14":"sale","15":"shipping-taxable","16":"purchasable","17":"product-type-simple"},"_links":{"self":[{"href":"https:\/\/roveyayinevi.com.tr\/index.php\/wp-json\/wp\/v2\/product\/750955","targetHints":{"allow":["GET"]}}],"collection":[{"href":"https:\/\/roveyayinevi.com.tr\/index.php\/wp-json\/wp\/v2\/product"}],"about":[{"href":"https:\/\/roveyayinevi.com.tr\/index.php\/wp-json\/wp\/v2\/types\/product"}],"wp:attachment":[{"href":"https:\/\/roveyayinevi.com.tr\/index.php\/wp-json\/wp\/v2\/media?parent=750955"}],"wp:term":[{"taxonomy":"product_brand","embeddable":true,"href":"https:\/\/roveyayinevi.com.tr\/index.php\/wp-json\/wp\/v2\/product_brand?post=750955"},{"taxonomy":"product_cat","embeddable":true,"href":"https:\/\/roveyayinevi.com.tr\/index.php\/wp-json\/wp\/v2\/product_cat?post=750955"},{"taxonomy":"product_tag","embeddable":true,"href":"https:\/\/roveyayinevi.com.tr\/index.php\/wp-json\/wp\/v2\/product_tag?post=750955"}],"curies":[{"name":"wp","href":"https:\/\/api.w.org\/{rel}","templated":true}]}}