{"id":750954,"date":"2025-08-28T04:35:11","date_gmt":"2025-08-28T01:35:11","guid":{"rendered":"https:\/\/roveyayinevi.com.tr\/index.php\/urun\/zahit\/"},"modified":"2026-04-16T03:04:04","modified_gmt":"2026-04-16T00:04:04","slug":"zahit","status":"publish","type":"product","link":"https:\/\/roveyayinevi.com.tr\/index.php\/urun\/zahit\/","title":{"rendered":"Zahit"},"content":{"rendered":"<p>\u201c&#8230;k\u00f6yler g\u00f6rd\u00fcm yak\u0131l\u0131p y\u0131k\u0131lm\u0131\u015f&#8230; bo\u015ftu!.. evler g\u00f6rd\u00fcm bir ta\u015f\u0131na bile dokunulmam\u0131\u015f&#8230; bo\u015ftu! (&#8230;) k\u00f6yler g\u00f6rd\u00fcm vadilerde, ye\u015filliklerin i\u00e7inde, dersin cennetten bir k\u00f6\u015fe&#8230; bo\u015ftu! k\u00f6yler g\u00f6rd\u00fcm sarp kayalara tutunmu\u015f kartal yuvas\u0131&#8230; bo\u015ftu! (&#8230;) k\u00f6yler g\u00f6rd\u00fcm, k\u00f6r oldum&#8230; karanl\u0131kt\u0131, karanl\u0131k&#8230;\u201d   Bug\u00fcn dahi i\u00e7inde oldu\u011fumuz her \u00e7\u0131kmaz\u0131n, her darl\u0131\u011f\u0131n sebebi 80\u2019ler T\u00fcrkiyesi ve sonras\u0131, \u201canlatmakla bitmeyen\u201d, bitmeyecek bu y\u0131llar Hasan \u00d6zk\u0131l\u0131\u00e7\u2019\u0131n kaleminden g\u00fcr\u00fcl g\u00fcr\u00fcl ak\u0131yor Zahit\u2019te. 2013 Orhan Kemal Roman \u00d6d\u00fcl\u00fc\u2019n\u00fc alan Zahit, T\u00fcrkiye\u2019nin yak\u0131n ge\u00e7mi\u015fini zorunlu g\u00f6\u00e7le k\u00f6yden \u015fehre gelen, \u015fehirde tutunamayan bir ailenin; S\u00fcsen\u2019in, Nahit\u2019in, G\u00fclcan\u2019\u0131n ve Zahit\u2019in a\u011fz\u0131ndan anlat\u0131yor. Ac\u0131 \u00e7ekerek, a\u011flayarak, kahkahalar atarak, sevi\u015ferek, kavga ederek, umutlanarak, zevk alarak, her halin i\u00e7inde \u201cHayat!\u201d diye ba\u011f\u0131rarak ya\u015famaya davet ediyor bizi Zahit.   Say\u0131lmay\u0131z parmak ile T\u00fckenmeyiz k\u0131rmak ile Ta\u015fram\u0131zdan sormak ile Kimse bilmez ahvalimiz<\/p>\n","protected":false},"excerpt":{"rendered":"<p>\u201c&#8230;k\u00f6yler g\u00f6rd\u00fcm yak\u0131l\u0131p y\u0131k\u0131lm\u0131\u015f&#8230; bo\u015ftu!.. evler g\u00f6rd\u00fcm bir ta\u015f\u0131na bile dokunulmam\u0131\u015f&#8230; bo\u015ftu! (&#8230;) k\u00f6yler g\u00f6rd\u00fcm vadilerde, ye\u015filliklerin i\u00e7inde, dersin cennetten bir k\u00f6\u015fe&#8230; bo\u015ftu! k\u00f6yler g\u00f6rd\u00fcm sarp<span class=\"excerpt-hellip\"> [\u2026]<\/span><\/p>\n","protected":false},"featured_media":0,"template":"","meta":{"_monsterinsights_skip_tracking":false,"_monsterinsights_sitenote_active":false,"_monsterinsights_sitenote_note":"","_monsterinsights_sitenote_category":0},"product_brand":[],"product_cat":[12291,12711],"product_tag":[],"class_list":{"0":"post-750954","1":"product","2":"type-product","3":"status-publish","5":"product_cat-edebiyat","6":"product_cat-roman-oyku","7":"pa_cilt-ciltsiz","8":"pa_tur-kitap","9":"pa_yayinevi-everest-yayinlari","10":"pa_yazar-hasan-ozkilic","12":"first","13":"instock","14":"sale","15":"shipping-taxable","16":"purchasable","17":"product-type-simple"},"_links":{"self":[{"href":"https:\/\/roveyayinevi.com.tr\/index.php\/wp-json\/wp\/v2\/product\/750954","targetHints":{"allow":["GET"]}}],"collection":[{"href":"https:\/\/roveyayinevi.com.tr\/index.php\/wp-json\/wp\/v2\/product"}],"about":[{"href":"https:\/\/roveyayinevi.com.tr\/index.php\/wp-json\/wp\/v2\/types\/product"}],"wp:attachment":[{"href":"https:\/\/roveyayinevi.com.tr\/index.php\/wp-json\/wp\/v2\/media?parent=750954"}],"wp:term":[{"taxonomy":"product_brand","embeddable":true,"href":"https:\/\/roveyayinevi.com.tr\/index.php\/wp-json\/wp\/v2\/product_brand?post=750954"},{"taxonomy":"product_cat","embeddable":true,"href":"https:\/\/roveyayinevi.com.tr\/index.php\/wp-json\/wp\/v2\/product_cat?post=750954"},{"taxonomy":"product_tag","embeddable":true,"href":"https:\/\/roveyayinevi.com.tr\/index.php\/wp-json\/wp\/v2\/product_tag?post=750954"}],"curies":[{"name":"wp","href":"https:\/\/api.w.org\/{rel}","templated":true}]}}