{"id":750951,"date":"2025-08-28T04:35:07","date_gmt":"2025-08-28T01:35:07","guid":{"rendered":"https:\/\/roveyayinevi.com.tr\/index.php\/urun\/harflerin-dansi\/"},"modified":"2026-04-16T03:04:04","modified_gmt":"2026-04-16T00:04:04","slug":"harflerin-dansi","status":"publish","type":"product","link":"https:\/\/roveyayinevi.com.tr\/index.php\/urun\/harflerin-dansi\/","title":{"rendered":"Harflerin Dans\u0131"},"content":{"rendered":"<p>GOODREADS OKUR \u00d6D\u00dcLLER\u0130 (2015)KEYSTONE \u00d6D\u00dcL\u00dc (2017)REBECCA CAUDILL \u00d6D\u00dcL\u00dc (2017)BLUESTEM K\u0130TAP \u00d6D\u00dcL\u00dc (2019) \u201cHerkes farkl\u0131 y\u00f6nlerden zekidir. Ama bir bal\u0131\u011f\u0131 a\u011faca t\u0131rmanma yetene\u011fine g\u00f6re yarg\u0131larsan\u0131z, hayvanca\u011f\u0131z hayat\u0131 boyunca kendisini aptal zanneder.\u201d Ally bir\u00e7ok zeki insan\u0131 kand\u0131rabilecek kadar kurnazd\u0131. O ne zaman baksa, harfler ve kelimeler birdenbire dans etmeye ve i\u00e7 i\u00e7e girmeye ba\u015fl\u0131yordu, ancak Ally her yeni okulda bu durumunu gizlemeyi ba\u015far\u0131yordu. Etraf\u0131ndaki herkesin onu oldu\u011fundan farkl\u0131 g\u00f6rmesinden s\u0131k\u0131lm\u0131\u015ft\u0131, tek iste\u011fi farkl\u0131 olmamakt\u0131 ama ne ya\u015fad\u0131\u011f\u0131n\u0131 s\u00f6ylemeye \u00e7ekiniyordu. Bir g\u00fcn derslerine yeni bir \u00f6\u011fretmen girdi ve Ally&#8217;nin kendi hakk\u0131nda bildi\u011fi her \u015fey de\u011fi\u015fmeye ba\u015flad\u0131. Sivri dilli Keisha ve bilim d\u00fc\u015fk\u00fcn\u00fc Albert ile beraber daha \u00f6nce hayal bile edemeyece\u011fi ger\u00e7eklerle kar\u015f\u0131la\u015facakt\u0131. Belki de herkesle ayn\u0131 olmak, d\u00fc\u015f\u00fcnd\u00fc\u011f\u00fc kadar iyi bir \u015fey de\u011fildi. T\u0131pk\u0131 \u201cakl\u0131n yolu bir\u201d laf\u0131n\u0131 tarih boyunca sorgulatan b\u00fcy\u00fck isimler gibi, Ally de asl\u0131nda d\u0131\u015far\u0131dan g\u00f6r\u00fcnenin \u00e7ok \u00f6tesinde. New York Times \u00e7oksatan yazar\u0131 Hunt\u2019tan, etraf\u0131na uyum sa\u011flayamad\u0131\u011f\u0131 i\u00e7in kendisini su\u00e7layan herkese, duygu y\u00fckl\u00fc, ne\u015fe dolu bir roman. \u00c7ok dokunakl\u0131\u2026 \u201cKal\u0131plar\u0131n d\u0131\u015f\u0131na \u00e7\u0131kma\u201d vurgusu yap\u0131lm\u0131\u015f\u2026 Rahats\u0131zl\u0131\u011f\u0131n te\u015fhisi ve geri kazan\u0131lan okuma azmi gayet tatmin edici \u015fekilde i\u015flenmi\u015f, t\u0131pk\u0131 Ally\u2019nin yeni arkada\u015fl\u0131klar\u0131 gibi. Kirkus Reviews \u0130lgin\u00e7 ve sevimli karakterlerle dolu, i\u00e7tenlikle anlat\u0131lm\u0131\u015f bu \u00f6yk\u00fcde aile, arkada\u015fl\u0131k ve cesaret kavramlar\u0131 bir\u00e7ok y\u00f6nden ele al\u0131n\u0131yor. Okulda zorlananlara umut verecek, belki de yol g\u00f6sterecek bu kitap, ana kahraman\u0131 kadar \u00f6zg\u00fcn. Booklist Mullaly yine hayat\u0131nda kendi kontrol\u00fcnde olmayan durumlar\u0131n zorlu\u011funu \u00e7eken, hassas ve zeki bir k\u0131z\u0131n portresini zengin ayr\u0131nt\u0131larla \u00e7iziyor. Bay Daniels s\u0131cakl\u0131\u011f\u0131 sayfadan d\u0131\u015far\u0131 kadar yay\u0131lan, ilham verici bir \u00f6\u011fretmen. En g\u00fczel taraf da, Mullaly Hunt\u2019\u0131n ger\u00e7ek\u00e7ilikten uzak bir mutlu son yerine, d\u00fc\u015f\u00fcnd\u00fcr\u00fcc\u00fc bir kapan\u0131\u015f tercihi.-School Library Journal Ally\u2019nin \u00f6\u011frenme g\u00fc\u00e7l\u00fcklerini okuyan herkes kendine dair bir \u015feyler bulabilir. Ally\u2019nin hem kendi geli\u015fimi hem de etraf\u0131ndakilerle ili\u015fkileri gayet do\u011fal ve ger\u00e7ek\u00e7i duruyor.-Publishers Weekly<\/p>\n","protected":false},"excerpt":{"rendered":"<p>GOODREADS OKUR \u00d6D\u00dcLLER\u0130 (2015)KEYSTONE \u00d6D\u00dcL\u00dc (2017)REBECCA CAUDILL \u00d6D\u00dcL\u00dc (2017)BLUESTEM K\u0130TAP \u00d6D\u00dcL\u00dc (2019) \u201cHerkes farkl\u0131 y\u00f6nlerden zekidir. Ama bir bal\u0131\u011f\u0131 a\u011faca t\u0131rmanma yetene\u011fine g\u00f6re yarg\u0131larsan\u0131z, hayvanca\u011f\u0131z hayat\u0131<span class=\"excerpt-hellip\"> [\u2026]<\/span><\/p>\n","protected":false},"featured_media":0,"template":"","meta":{"_monsterinsights_skip_tracking":false,"_monsterinsights_sitenote_active":false,"_monsterinsights_sitenote_note":"","_monsterinsights_sitenote_category":0},"product_brand":[],"product_cat":[12291,50487],"product_tag":[],"class_list":{"0":"post-750951","1":"product","2":"type-product","3":"status-publish","5":"product_cat-edebiyat","6":"product_cat-kurgu","7":"pa_cilt-ciltsiz","8":"pa_tur-kitap","9":"pa_yayinevi-epsilon-ozel-urun","10":"pa_yazar-lynda-mullaly-hunt","12":"first","13":"instock","14":"sale","15":"shipping-taxable","16":"purchasable","17":"product-type-simple"},"_links":{"self":[{"href":"https:\/\/roveyayinevi.com.tr\/index.php\/wp-json\/wp\/v2\/product\/750951","targetHints":{"allow":["GET"]}}],"collection":[{"href":"https:\/\/roveyayinevi.com.tr\/index.php\/wp-json\/wp\/v2\/product"}],"about":[{"href":"https:\/\/roveyayinevi.com.tr\/index.php\/wp-json\/wp\/v2\/types\/product"}],"wp:attachment":[{"href":"https:\/\/roveyayinevi.com.tr\/index.php\/wp-json\/wp\/v2\/media?parent=750951"}],"wp:term":[{"taxonomy":"product_brand","embeddable":true,"href":"https:\/\/roveyayinevi.com.tr\/index.php\/wp-json\/wp\/v2\/product_brand?post=750951"},{"taxonomy":"product_cat","embeddable":true,"href":"https:\/\/roveyayinevi.com.tr\/index.php\/wp-json\/wp\/v2\/product_cat?post=750951"},{"taxonomy":"product_tag","embeddable":true,"href":"https:\/\/roveyayinevi.com.tr\/index.php\/wp-json\/wp\/v2\/product_tag?post=750951"}],"curies":[{"name":"wp","href":"https:\/\/api.w.org\/{rel}","templated":true}]}}