{"id":750950,"date":"2025-08-28T04:35:06","date_gmt":"2025-08-28T01:35:06","guid":{"rendered":"https:\/\/roveyayinevi.com.tr\/index.php\/urun\/degisen-toplumda-aile-ve-cocuk\/"},"modified":"2026-04-16T03:04:04","modified_gmt":"2026-04-16T00:04:04","slug":"degisen-toplumda-aile-ve-cocuk","status":"publish","type":"product","link":"https:\/\/roveyayinevi.com.tr\/index.php\/urun\/degisen-toplumda-aile-ve-cocuk\/","title":{"rendered":"De\u011fi\u015fen Toplumda Aile ve \u00c7ocuk"},"content":{"rendered":"<p>\u201cBu kitab\u0131mda, \u00e7ocuklu\u011fun tarihsel geli\u015fimine ve toplumsal y\u00f6n\u00fcne a\u011f\u0131rl\u0131k verdim. De\u011fi\u015fen \u00e7ocuk kavram\u0131 \u00fcst\u00fcnde durdum; \u00e7ocuklara kar\u015f\u0131 s\u00fcr\u00fcp giden \u00e7eli\u015fkili ve duygusal tutumlar\u0131 g\u00f6stermeye \u00e7al\u0131\u015ft\u0131m. Uluslararas\u0131 \u00c7ocuk Y\u0131l\u0131\u2019n\u0131n ard\u0131ndan, \u00c7ocuk Haklar\u0131 Bildirisi\u2019nin \u0131\u015f\u0131\u011f\u0131nda, \u00e7ocuk haklar\u0131n\u0131 ve \u00e7ocuk s\u00f6m\u00fcr\u00fcs\u00fcn\u00fc tart\u0131\u015ft\u0131m. Ortaya i\u00e7 a\u00e7\u0131c\u0131 bir g\u00f6r\u00fcn\u00fcm \u00e7\u0131kt\u0131\u011f\u0131n\u0131 s\u00f6yleyemem. Ancak se\u00e7ti\u011fim konular\u0131n ilgiyle okunaca\u011f\u0131n\u0131 ve d\u00fc\u015f\u00fcnd\u00fcrece\u011fini umuyorum.\u201d\u00c7ocuk ve ergen psikiyatrisinin \u00fclkemizdeki geli\u015fimine \u00f6nc\u00fc olan Atalay Y\u00f6r\u00fcko\u011flu, \u00e7ocuk ruh sa\u011fl\u0131\u011f\u0131 \u00fczerine yapt\u0131\u011f\u0131 \u00e7al\u0131\u015fmalar\u0131n\u0131n, yay\u0131nlanan \u00c7ocuk Ruh Sa\u011fl\u0131\u011f\u0131 ve Gen\u00e7lik \u00c7a\u011f\u0131 kitaplar\u0131n\u0131n hemen ard\u0131ndan, ge\u00e7mi\u015ften bug\u00fcne de\u011fi\u015fen toplumda aile yap\u0131s\u0131n\u0131 ve \u00e7ocuklar\u0131n geli\u015fimini yak\u0131n markaja alm\u0131\u015ft\u0131r. Bu markajda kaleme ald\u0131\u011f\u0131 De\u011fi\u015fen Toplumda Aile ve \u00c7ocuk, yay\u0131nland\u0131\u011f\u0131 g\u00fcnden bug\u00fcne kadar yo\u011fun bir ilgi ile kar\u015f\u0131lanm\u0131\u015f, say\u0131s\u0131z bask\u0131 yapm\u0131\u015f ve y\u0131llar boyu de\u011ferini korumu\u015ftur.\u0130nk\u0131l\u00e2p Kitabevi\u2019nin g\u00f6zden ge\u00e7irilmi\u015f yeni bask\u0131s\u0131yla okuruna sundu\u011fu De\u011fi\u015fen Toplumda Aile ve \u00c7ocuk, olumlu veya olumsuz y\u00f6nde boyut de\u011fi\u015ftiren aile yap\u0131s\u0131n\u0131 d\u00fcnya toplumlar\u0131n\u0131 da baz alarak incelerken, ba\u015fvurdu\u011fu kaynaklar\u0131 ve sundu\u011fu ger\u00e7ek\u00e7i verileri ile derin ara\u015ft\u0131rma ve \u00e7al\u0131\u015fmalar\u0131n \u00fcr\u00fcn\u00fc oldu\u011funu g\u00f6zler \u00f6n\u00fcne seriyor.<\/p>\n","protected":false},"excerpt":{"rendered":"<p>\u201cBu kitab\u0131mda, \u00e7ocuklu\u011fun tarihsel geli\u015fimine ve toplumsal y\u00f6n\u00fcne a\u011f\u0131rl\u0131k verdim. De\u011fi\u015fen \u00e7ocuk kavram\u0131 \u00fcst\u00fcnde durdum; \u00e7ocuklara kar\u015f\u0131 s\u00fcr\u00fcp giden \u00e7eli\u015fkili ve duygusal tutumlar\u0131 g\u00f6stermeye \u00e7al\u0131\u015ft\u0131m. Uluslararas\u0131<span class=\"excerpt-hellip\"> [\u2026]<\/span><\/p>\n","protected":false},"featured_media":0,"template":"","meta":{"_monsterinsights_skip_tracking":false,"_monsterinsights_sitenote_active":false,"_monsterinsights_sitenote_note":"","_monsterinsights_sitenote_category":0},"product_brand":[],"product_cat":[12831,12324],"product_tag":[],"class_list":{"0":"post-750950","1":"product","2":"type-product","3":"status-publish","5":"product_cat-aile-ve-cocuk","6":"product_cat-sosyoloji","7":"pa_cilt-ciltsiz","8":"pa_tur-kitap","9":"pa_yayinevi-inkilap-kitabevi","10":"pa_yazar-atalay-yorukoglu","11":"pa_yazar-prof-dr","13":"first","14":"instock","15":"sale","16":"shipping-taxable","17":"purchasable","18":"product-type-simple"},"_links":{"self":[{"href":"https:\/\/roveyayinevi.com.tr\/index.php\/wp-json\/wp\/v2\/product\/750950","targetHints":{"allow":["GET"]}}],"collection":[{"href":"https:\/\/roveyayinevi.com.tr\/index.php\/wp-json\/wp\/v2\/product"}],"about":[{"href":"https:\/\/roveyayinevi.com.tr\/index.php\/wp-json\/wp\/v2\/types\/product"}],"wp:attachment":[{"href":"https:\/\/roveyayinevi.com.tr\/index.php\/wp-json\/wp\/v2\/media?parent=750950"}],"wp:term":[{"taxonomy":"product_brand","embeddable":true,"href":"https:\/\/roveyayinevi.com.tr\/index.php\/wp-json\/wp\/v2\/product_brand?post=750950"},{"taxonomy":"product_cat","embeddable":true,"href":"https:\/\/roveyayinevi.com.tr\/index.php\/wp-json\/wp\/v2\/product_cat?post=750950"},{"taxonomy":"product_tag","embeddable":true,"href":"https:\/\/roveyayinevi.com.tr\/index.php\/wp-json\/wp\/v2\/product_tag?post=750950"}],"curies":[{"name":"wp","href":"https:\/\/api.w.org\/{rel}","templated":true}]}}